{"id":16,"date":"2019-04-18T16:32:57","date_gmt":"2019-04-18T14:32:57","guid":{"rendered":"https:\/\/macoco.fr\/elya\/?page_id=16"},"modified":"2019-05-21T23:19:51","modified_gmt":"2019-05-21T21:19:51","slug":"transports","status":"publish","type":"page","link":"https:\/\/macoco.fr\/elya\/mon-quotidien\/transports\/","title":{"rendered":"Transports"},"content":{"rendered":"\n<h2 class=\"wp-block-heading\">Montez \u00e0 bord de l&rsquo;Hyperloop<\/h2>\n\n\n\n<div class=\"wp-block-image\"><figure class=\"aligncenter is-resized\"><img loading=\"lazy\" decoding=\"async\" src=\"https:\/\/macoco.fr\/elya\/wp-content\/uploads\/2019\/04\/hyperloop-feature-1600x856-1024x548.jpg\" alt=\"\" class=\"wp-image-14\" width=\"761\" height=\"407\" srcset=\"https:\/\/macoco.fr\/elya\/wp-content\/uploads\/2019\/04\/hyperloop-feature-1600x856-1024x548.jpg 1024w, https:\/\/macoco.fr\/elya\/wp-content\/uploads\/2019\/04\/hyperloop-feature-1600x856-300x161.jpg 300w, https:\/\/macoco.fr\/elya\/wp-content\/uploads\/2019\/04\/hyperloop-feature-1600x856-768x411.jpg 768w, https:\/\/macoco.fr\/elya\/wp-content\/uploads\/2019\/04\/hyperloop-feature-1600x856-1568x839.jpg 1568w, https:\/\/macoco.fr\/elya\/wp-content\/uploads\/2019\/04\/hyperloop-feature-1600x856.jpg 1600w\" sizes=\"auto, (max-width: 761px) 100vw, 761px\" \/><\/figure><\/div>\n\n\n\n<blockquote class=\"wp-block-quote is-layout-flow wp-block-quote-is-layout-flow\"><p> \u00ab\u00a0Ce serait doux, comme voler sur l&rsquo;air\u00a0\u00bb <\/p><\/blockquote>\n\n\n\n<p>La construction de ce tunnel d&rsquo;essai, \u00ab\u00a0d&rsquo;une troublante longueur\u00a0\u00bb pour reprendre les mots d&rsquo;Elon Musk, a d\u00e9but\u00e9 il y a un an et devait initialement s\u2019achever en mai dernier. Sa vitesse maximale sera de 252 kilom\u00e8tres par heure. A terme, les capsules pourraient \u00eatre propuls\u00e9es \u00e0 plus de 1200 kilom\u00e8tres par heure.  <\/p>\n\n\n\n<p>Le tout premier tunnel op\u00e9rationnel pour le grand public est celui reliant le centre-ville de Elya \u00e0 son a\u00e9roport international. En juin dernier, le milliardaire avait annonc\u00e9 que le chantier devait d\u00e9buter en septembre. Mais, pour le moment, The Boring Company n\u2019a pas encore entam\u00e9 les travaux.<\/p>\n\n\n\n<p>\u00ab\u00a0Le concept de Hyperloop consiste en un tube \u00e0 basse pressurisation au sein duquel des capsules, reposant sur des coussins d&rsquo;air pressuris\u00e9, sont transport\u00e9es \u00e0 faible et \u00e0 grande vitesse\u00a0\u00bb, d\u00e9taille un document issu du travail conjugu\u00e9 des \u00e9quipes de Tesla et de SpaceX. Les capsules seront propuls\u00e9es gr\u00e2ce \u00e0 un champ magn\u00e9tique g\u00e9n\u00e9r\u00e9 par une version du moteur \u00e9lectrique utilis\u00e9 sur la voiture \u00e9lectrique Tesla S, aliment\u00e9 par l&rsquo;\u00e9nergie solaire. La sensation \u00e0 bord serait proche de celle d&rsquo;un avion.  <\/p>\n\n\n\n<p>\u00ab\u00a0Ce serait doux, comme voler sur l&rsquo;air\u00a0\u00bb, si l&rsquo;on en croit l&rsquo;acte de naissance du projet, mis en ligne en 2013 par la soci\u00e9t\u00e9 d&rsquo;Elon Musk. <\/p>\n\n\n\n<h2 class=\"wp-block-heading\"> Metrino, le transport en commun du futur <\/h2>\n\n\n\n<div class=\"wp-block-image\"><figure class=\"aligncenter is-resized\"><img loading=\"lazy\" decoding=\"async\" src=\"https:\/\/macoco.fr\/elya\/wp-content\/uploads\/2019\/05\/metrino-transport-commun-futur.jpg\" alt=\"\" class=\"wp-image-408\" width=\"758\" height=\"428\" srcset=\"https:\/\/macoco.fr\/elya\/wp-content\/uploads\/2019\/05\/metrino-transport-commun-futur.jpg 1000w, https:\/\/macoco.fr\/elya\/wp-content\/uploads\/2019\/05\/metrino-transport-commun-futur-300x170.jpg 300w, https:\/\/macoco.fr\/elya\/wp-content\/uploads\/2019\/05\/metrino-transport-commun-futur-768x434.jpg 768w\" sizes=\"auto, (max-width: 758px) 100vw, 758px\" \/><\/figure><\/div>\n\n\n\n<p> Cette nouvelle fa\u00e7on de se d\u00e9placer a de nombreux avantages: elle est rapide, plus \u00e9cologique, personnalis\u00e9e, et moins ch\u00e8re. <\/p>\n\n\n\n<p>Pour lutter contre la pollution des villes, les transports doivent \u00eatre repens\u00e9s afin de garantir une vie future plus saine. On a pu constater que les v\u00e9hicules \u00e0 moteur prenaient \u00e9norm\u00e9ment de place sur les routes, notamment les voitures, mal-aim\u00e9es des centres-villes. Ainsi, certains pays pr\u00e9f\u00e8rent adopter le v\u00e9lo pour se d\u00e9placer. <\/p>\n\n\n\n<p>Cette firme n\u00e9o-z\u00e9landaise vient de terminer un deuxi\u00e8me prototype d\u2019un syst\u00e8me permettant de d\u00e9gorger les grands axes de communication. Ce mode de d\u00e9placement hybride est r\u00e9volutionnaire.<\/p>\n\n\n\n<p>Ce type de transport a de nombreux avantages :<\/p>\n\n\n\n<p> \u2013 Son c\u00f4t\u00e9 personnalis\u00e9 : il n\u2019y aura plus de soucis de proximit\u00e9 et de g\u00eane entre les diff\u00e9rents passagers, puisque les capsules peuvent accueillir une seule personne si elle le souhaite, ou bien un groupe d\u2019amis ou des membres de la m\u00eame famille. Vous pouvez d\u00e9sormais choisir avec qui vous souhaitez partager votre trajet. <\/p>\n\n\n\n<p>\u2013 Respectueux de l\u2019environnement : comme le bus, ce mode de transport est sain, il ne pollue pas excessivement l\u2019environnement et permet de pr\u00e9server les qualit\u00e9s de la nature. C\u2019est un concept totalement \u00e9cologique ! <\/p>\n\n\n\n<p>\u2013 Moins cher et plus rapide : plus besoin de payer son essence, plus besoin de conduire, laissez vous seulement transporter par cette machine. Ce moyen de d\u00e9placement vous fera gagner du temps car il n\u2019y a pas de risque d\u2019embouteillage, vous pouvez m\u00eame en profiter pour lire un livre. <\/p>\n\n\n\n<div style=\"height:47px\" aria-hidden=\"true\" class=\"wp-block-spacer\"><\/div>\n","protected":false},"excerpt":{"rendered":"<p>Montez \u00e0 bord de l&rsquo;Hyperloop \u00ab\u00a0Ce serait doux, comme voler sur l&rsquo;air\u00a0\u00bb La construction de ce tunnel d&rsquo;essai, \u00ab\u00a0d&rsquo;une troublante longueur\u00a0\u00bb pour reprendre les mots d&rsquo;Elon Musk, a d\u00e9but\u00e9 il y a un an et devait initialement s\u2019achever en mai dernier. Sa vitesse maximale sera de 252 kilom\u00e8tres par heure. [&hellip;]<\/p>\n","protected":false},"author":4,"featured_media":0,"parent":12,"menu_order":0,"comment_status":"closed","ping_status":"closed","template":"","meta":{"footnotes":""},"class_list":["post-16","page","type-page","status-publish","hentry"],"_links":{"self":[{"href":"https:\/\/macoco.fr\/elya\/wp-json\/wp\/v2\/pages\/16","targetHints":{"allow":["GET"]}}],"collection":[{"href":"https:\/\/macoco.fr\/elya\/wp-json\/wp\/v2\/pages"}],"about":[{"href":"https:\/\/macoco.fr\/elya\/wp-json\/wp\/v2\/types\/page"}],"author":[{"embeddable":true,"href":"https:\/\/macoco.fr\/elya\/wp-json\/wp\/v2\/users\/4"}],"replies":[{"embeddable":true,"href":"https:\/\/macoco.fr\/elya\/wp-json\/wp\/v2\/comments?post=16"}],"version-history":[{"count":5,"href":"https:\/\/macoco.fr\/elya\/wp-json\/wp\/v2\/pages\/16\/revisions"}],"predecessor-version":[{"id":454,"href":"https:\/\/macoco.fr\/elya\/wp-json\/wp\/v2\/pages\/16\/revisions\/454"}],"up":[{"embeddable":true,"href":"https:\/\/macoco.fr\/elya\/wp-json\/wp\/v2\/pages\/12"}],"wp:attachment":[{"href":"https:\/\/macoco.fr\/elya\/wp-json\/wp\/v2\/media?parent=16"}],"curies":[{"name":"wp","href":"https:\/\/api.w.org\/{rel}","templated":true}]}}