{"id":19,"date":"2019-04-18T16:39:23","date_gmt":"2019-04-18T14:39:23","guid":{"rendered":"https:\/\/macoco.fr\/elya\/?page_id=19"},"modified":"2019-05-22T18:05:44","modified_gmt":"2019-05-22T16:05:44","slug":"culture","status":"publish","type":"page","link":"https:\/\/macoco.fr\/elya\/accueil\/activites\/culture\/","title":{"rendered":"Culture"},"content":{"rendered":"\n<div class=\"wp-block-image\"><figure class=\"aligncenter\"><img loading=\"lazy\" decoding=\"async\" width=\"1024\" height=\"683\" src=\"https:\/\/macoco.fr\/elya\/wp-content\/uploads\/2019\/05\/rodrigo-ruiz-435766-unsplash-1024x683.jpg\" alt=\"\" class=\"wp-image-386\" srcset=\"https:\/\/macoco.fr\/elya\/wp-content\/uploads\/2019\/05\/rodrigo-ruiz-435766-unsplash-1024x683.jpg 1024w, https:\/\/macoco.fr\/elya\/wp-content\/uploads\/2019\/05\/rodrigo-ruiz-435766-unsplash-300x200.jpg 300w, https:\/\/macoco.fr\/elya\/wp-content\/uploads\/2019\/05\/rodrigo-ruiz-435766-unsplash-768x512.jpg 768w, https:\/\/macoco.fr\/elya\/wp-content\/uploads\/2019\/05\/rodrigo-ruiz-435766-unsplash-360x240.jpg 360w\" sizes=\"auto, (max-width: 1024px) 100vw, 1024px\" \/><\/figure><\/div>\n\n\n\n<h4 class=\"wp-block-heading\" style=\"text-align:center\"> VIE CULTURELLE <\/h4>\n\n\n\n<div style=\"height:79px\" aria-hidden=\"true\" class=\"wp-block-spacer\"><\/div>\n\n\n\n<div class=\"wp-block-media-text alignwide has-media-on-the-right\" style=\"grid-template-columns:auto 46%\"><figure class=\"wp-block-media-text__media\"><img loading=\"lazy\" decoding=\"async\" width=\"1024\" height=\"513\" src=\"https:\/\/macoco.fr\/elya\/wp-content\/uploads\/2019\/05\/confluences-1024x513.jpg\" alt=\"\" class=\"wp-image-523\" srcset=\"https:\/\/macoco.fr\/elya\/wp-content\/uploads\/2019\/05\/confluences-1024x513.jpg 1024w, https:\/\/macoco.fr\/elya\/wp-content\/uploads\/2019\/05\/confluences-300x150.jpg 300w, https:\/\/macoco.fr\/elya\/wp-content\/uploads\/2019\/05\/confluences-768x385.jpg 768w, https:\/\/macoco.fr\/elya\/wp-content\/uploads\/2019\/05\/confluences.jpg 2000w\" sizes=\"auto, (max-width: 1024px) 100vw, 1024px\" \/><\/figure><div class=\"wp-block-media-text__content\">\n<h5 class=\"wp-block-heading\">Cit\u00e9 de l&rsquo;architecture &amp; du patrimoine<\/h5>\n\n\n\n<ul class=\"wp-block-list\"><li>Acc\u00e8s, horaires &amp; contacts<ul><li><a href=\"https:\/\/www.operadeparis.fr\/visites\/venir-et-visiter\/informations-pratiques-2\/acces-horaires-contacts-1\">En savoir plus<\/a><\/li><\/ul><\/li><li>Accessibilit\u00e9<ul><li><a href=\"https:\/\/www.operadeparis.fr\/visites\/venir-et-visiter\/informations-pratiques-2\/accessibilite-1\">En savoir plus<\/a><\/li><\/ul><\/li><li>Tarifs<ul><li><a href=\"https:\/\/www.operadeparis.fr\/informations-pratiques\/plans-de-salle-et-tarifs\">En savoir plus<\/a><\/li><\/ul><\/li><\/ul>\n<\/div><\/div>\n\n\n\n<div style=\"height:20px\" aria-hidden=\"true\" class=\"wp-block-spacer\"><\/div>\n\n\n\n<div class=\"wp-block-media-text alignwide has-media-on-the-right\" style=\"grid-template-columns:auto 46%\"><figure class=\"wp-block-media-text__media\"><img loading=\"lazy\" decoding=\"async\" width=\"540\" height=\"358\" src=\"https:\/\/macoco.fr\/elya\/wp-content\/uploads\/2019\/05\/vueparvis_540_3608mediatheque.jpg\" alt=\"\" class=\"wp-image-542\" srcset=\"https:\/\/macoco.fr\/elya\/wp-content\/uploads\/2019\/05\/vueparvis_540_3608mediatheque.jpg 540w, https:\/\/macoco.fr\/elya\/wp-content\/uploads\/2019\/05\/vueparvis_540_3608mediatheque-300x199.jpg 300w, https:\/\/macoco.fr\/elya\/wp-content\/uploads\/2019\/05\/vueparvis_540_3608mediatheque-360x240.jpg 360w\" sizes=\"auto, (max-width: 540px) 100vw, 540px\" \/><\/figure><div class=\"wp-block-media-text__content\">\n<h5 class=\"wp-block-heading\">M\u00e9diath\u00e8que<\/h5>\n\n\n\n<p>3 Avenue d&rsquo;Erasme, Elya<\/p>\n\n\n\n<p>Des espaces num\u00e9riques, un espace \u00abweb radio\u00bb, un espace \u00abweb TV\u00bb, des bureaux, le magasin des archives municipales ainsi qu&rsquo;un studio de musique; op\u00e9ration \u00ab\u00a0basse consommation\u00a0\u00bb, le b\u00e2timent sera raccord\u00e9 \u00e0 un champ de sondes g\u00e9othermiques qui assureront les apports en chauffage et rafra\u00eechissement.<\/p>\n\n\n\n<p class=\"has-small-font-size\"><a href=\"http:\/\/0\">EN SAVOIR PLUS<\/a><\/p>\n<\/div><\/div>\n\n\n\n<div style=\"height:42px\" aria-hidden=\"true\" class=\"wp-block-spacer\"><\/div>\n\n\n\n<div class=\"wp-block-media-text alignwide has-media-on-the-right\" style=\"grid-template-columns:auto 46%\"><figure class=\"wp-block-media-text__media\"><img loading=\"lazy\" decoding=\"async\" width=\"707\" height=\"622\" src=\"https:\/\/macoco.fr\/elya\/wp-content\/uploads\/2019\/05\/1746-la-sphere-de-verre-ecrin-de-l-auditoriu-espaces_main-2.jpg\" alt=\"\" class=\"wp-image-508\" srcset=\"https:\/\/macoco.fr\/elya\/wp-content\/uploads\/2019\/05\/1746-la-sphere-de-verre-ecrin-de-l-auditoriu-espaces_main-2.jpg 707w, https:\/\/macoco.fr\/elya\/wp-content\/uploads\/2019\/05\/1746-la-sphere-de-verre-ecrin-de-l-auditoriu-espaces_main-2-300x264.jpg 300w\" sizes=\"auto, (max-width: 707px) 100vw, 707px\" \/><\/figure><div class=\"wp-block-media-text__content\">\n<h5 class=\"wp-block-heading\"> L&rsquo;Auditorium<\/h5>\n\n\n\n<p style=\"text-align:left\">Nich\u00e9 comme un joyau dans un \u00e9crin de verre et de bois, l\u2019Auditorium est la figure de proue de notre b\u00e2timent. Il peut accueillir jusqu\u2019\u00e0 1150 spectateurs, est salle d\u00e9di\u00e9e aux musiques non amplifi\u00e9es, pr\u00e9sentant les plus grands ensembles et musiciens classiques, au premier desquels l\u2019orchestre en r\u00e9sidence : Insula orchestra. <\/p>\n\n\n\n<p style=\"text-align:left\" class=\"has-small-font-size\"><a href=\".\">VOIR LA PROGRAMMATION<\/a><\/p>\n<\/div><\/div>\n\n\n\n<div style=\"height:60px\" aria-hidden=\"true\" class=\"wp-block-spacer\"><\/div>\n\n\n\n<div class=\"wp-block-media-text alignwide has-media-on-the-right\" style=\"grid-template-columns:auto 46%\"><figure class=\"wp-block-media-text__media\"><img loading=\"lazy\" decoding=\"async\" width=\"1024\" height=\"683\" src=\"https:\/\/macoco.fr\/elya\/wp-content\/uploads\/2019\/05\/4dx-1024x683-1024x683.jpg\" alt=\"\" class=\"wp-image-514\" srcset=\"https:\/\/macoco.fr\/elya\/wp-content\/uploads\/2019\/05\/4dx-1024x683.jpg 1024w, https:\/\/macoco.fr\/elya\/wp-content\/uploads\/2019\/05\/4dx-1024x683-300x200.jpg 300w, https:\/\/macoco.fr\/elya\/wp-content\/uploads\/2019\/05\/4dx-1024x683-768x512.jpg 768w, https:\/\/macoco.fr\/elya\/wp-content\/uploads\/2019\/05\/4dx-1024x683-360x240.jpg 360w\" sizes=\"auto, (max-width: 1024px) 100vw, 1024px\" \/><\/figure><div class=\"wp-block-media-text__content\">\n<h5 class=\"wp-block-heading\">Th\u00e9\u00e2tre et Cin\u00e9ma<\/h5>\n\n\n\n<p>Une salle 4 DX est install\u00e9 dans chaque cin\u00e9ma de la ville. Venez regardez vos films avec une exp\u00e9rience plus vrai que nature !<\/p>\n\n\n\n<p><strong>Cin\u00e9ma Path\u00e9 Euphorbia<\/strong><\/p>\n\n\n\n<p><strong>Adresse :<\/strong>&nbsp;76 Rue de la R\u00e9publique, Elya<\/p>\n\n\n\n<p><strong>Prix :<\/strong>&nbsp;14 euros la s\u00e9ance<\/p>\n\n\n\n<p class=\"has-small-font-size\"><a href=\"http:\/\/0\">VOIR LES FILMS EN SALLES<\/a><\/p>\n\n\n\n<p><strong>Cin\u00e9ma UGC Cereus<\/strong><\/p>\n\n\n\n<p><strong>Adresse : <\/strong>70 Rue du Pivert, Elya<\/p>\n\n\n\n<p><strong>Prix :<\/strong> 14 euros la s\u00e9ance<\/p>\n\n\n\n<p class=\"has-small-font-size\"><a href=\"http:\/\/0\">VOIR LES FILMS EN SALLES<\/a><\/p>\n<\/div><\/div>\n\n\n\n<div style=\"height:43px\" aria-hidden=\"true\" class=\"wp-block-spacer\"><\/div>\n\n\n\n<div class=\"wp-block-media-text alignwide has-media-on-the-right\" style=\"grid-template-columns:auto 46%\"><figure class=\"wp-block-media-text__media\"><img loading=\"lazy\" decoding=\"async\" width=\"1024\" height=\"686\" src=\"https:\/\/macoco.fr\/elya\/wp-content\/uploads\/2019\/05\/Capture-1024x686.jpg\" alt=\"\" class=\"wp-image-519\" srcset=\"https:\/\/macoco.fr\/elya\/wp-content\/uploads\/2019\/05\/Capture-1024x686.jpg 1024w, https:\/\/macoco.fr\/elya\/wp-content\/uploads\/2019\/05\/Capture-300x201.jpg 300w, https:\/\/macoco.fr\/elya\/wp-content\/uploads\/2019\/05\/Capture-768x515.jpg 768w, https:\/\/macoco.fr\/elya\/wp-content\/uploads\/2019\/05\/Capture-360x240.jpg 360w, https:\/\/macoco.fr\/elya\/wp-content\/uploads\/2019\/05\/Capture.jpg 1267w\" sizes=\"auto, (max-width: 1024px) 100vw, 1024px\" \/><\/figure><div class=\"wp-block-media-text__content\">\n<h5 class=\"wp-block-heading\">Op\u00e9ra<\/h5>\n\n\n\n<p><strong>Op\u00e9ra National d&rsquo;Elya<\/strong><\/p>\n\n\n\n<ul class=\"wp-block-list\"><li>Acc\u00e8s, horaires &amp; contacts<ul><li><a href=\"https:\/\/www.operadeparis.fr\/visites\/venir-et-visiter\/informations-pratiques-2\/acces-horaires-contacts-1\">En savoir plus<\/a><\/li><\/ul><\/li><li>Accessibilit\u00e9<ul><li><a href=\"https:\/\/www.operadeparis.fr\/visites\/venir-et-visiter\/informations-pratiques-2\/accessibilite-1\">En savoir plus<\/a><\/li><\/ul><\/li><li>Plans de salle &amp; tarifs<ul><li><a href=\"https:\/\/www.operadeparis.fr\/informations-pratiques\/plans-de-salle-et-tarifs\">En savoir plus<\/a><\/li><\/ul><\/li><\/ul>\n<\/div><\/div>\n\n\n\n<div style=\"height:100px\" aria-hidden=\"true\" class=\"wp-block-spacer\"><\/div>\n","protected":false},"excerpt":{"rendered":"<p>VIE CULTURELLE Cit\u00e9 de l&rsquo;architecture &amp; du patrimoine Acc\u00e8s, horaires &amp; contacts En savoir plus Accessibilit\u00e9 En savoir plus Tarifs En savoir plus M\u00e9diath\u00e8que 3 Avenue d&rsquo;Erasme, Elya Des espaces num\u00e9riques, un espace \u00abweb radio\u00bb, un espace \u00abweb TV\u00bb, des bureaux, le magasin des archives municipales ainsi qu&rsquo;un studio de [&hellip;]<\/p>\n","protected":false},"author":2,"featured_media":0,"parent":9,"menu_order":0,"comment_status":"closed","ping_status":"closed","template":"","meta":{"footnotes":""},"class_list":["post-19","page","type-page","status-publish","hentry"],"_links":{"self":[{"href":"https:\/\/macoco.fr\/elya\/wp-json\/wp\/v2\/pages\/19","targetHints":{"allow":["GET"]}}],"collection":[{"href":"https:\/\/macoco.fr\/elya\/wp-json\/wp\/v2\/pages"}],"about":[{"href":"https:\/\/macoco.fr\/elya\/wp-json\/wp\/v2\/types\/page"}],"author":[{"embeddable":true,"href":"https:\/\/macoco.fr\/elya\/wp-json\/wp\/v2\/users\/2"}],"replies":[{"embeddable":true,"href":"https:\/\/macoco.fr\/elya\/wp-json\/wp\/v2\/comments?post=19"}],"version-history":[{"count":20,"href":"https:\/\/macoco.fr\/elya\/wp-json\/wp\/v2\/pages\/19\/revisions"}],"predecessor-version":[{"id":682,"href":"https:\/\/macoco.fr\/elya\/wp-json\/wp\/v2\/pages\/19\/revisions\/682"}],"up":[{"embeddable":true,"href":"https:\/\/macoco.fr\/elya\/wp-json\/wp\/v2\/pages\/9"}],"wp:attachment":[{"href":"https:\/\/macoco.fr\/elya\/wp-json\/wp\/v2\/media?parent=19"}],"curies":[{"name":"wp","href":"https:\/\/api.w.org\/{rel}","templated":true}]}}