{"id":21,"date":"2019-04-18T16:34:08","date_gmt":"2019-04-18T14:34:08","guid":{"rendered":"https:\/\/macoco.fr\/elya\/?page_id=21"},"modified":"2020-11-02T20:09:54","modified_gmt":"2020-11-02T19:09:54","slug":"administration","status":"publish","type":"page","link":"https:\/\/macoco.fr\/elya\/ma-ville\/administration\/","title":{"rendered":"Administration"},"content":{"rendered":"\r\n<h2 class=\"wp-block-heading\">Horaires de la mairie<\/h2>\r\n\r\n\r\n\r\n<p><strong>HORAIRES :<\/strong><br \/>Lundi, Mardi, Mercredi : de 8h45 \u00e0 11h45 et de 13h30 \u00e0 17h15<br \/>Jeudi de 13h \u00e0 19h15<br \/>Vendredi de 8h45 \u00e0 11h45 et de 13h30 \u00e0 16h45<\/p>\r\n\r\n\r\n\r\n<p>TEL : 01 30 52 86 47<br \/>FAX : 01 30 51 86 47<br \/>email : mairie@elya.fr<\/p>\r\n\r\n\r\n\r\n<h2 class=\"wp-block-heading\"><strong>Carte d&rsquo;identit\u00e9 &#8211; Passeport<\/strong><\/h2>\r\n\r\n\r\n\r\n<p><strong>Vous pouvez faire vos demandes de cartes nationales d&rsquo;identit\u00e9 ou de passeport \u00e0 la Mairie du Mesnil Saint Denis UNIQUEMENT sur RENDEZ-VOUS au 01 30 52 86 47 .<\/strong><\/p>\r\n\r\n\r\n\r\n<p>Au pr\u00e9alable, vous pouvez remplir\u00a0<a href=\"https:\/\/ants.gouv.fr\/monespace\/s-inscrire\">remplir en ligne une pr\u00e9-demande<\/a>\u00a0une pr\u00e9-demande et l\u2019imprimer ou vous procurer un formulaire CERFA en mairie. Il est n\u00e9cessaire de connaitre l\u2019\u00e9tat civil de ses parents. Sur ce m\u00eame site vous pouvez acheter les timbres fiscaux.<\/p>\r\n\r\n\r\n\r\n<p>La pr\u00e9sence du demandeur est obligatoire au d\u00e9p\u00f4t du dossier (adulte et enfant).<\/p>\r\n\r\n\r\n\r\n<p>Lors du retrait du passeport les mineurs de plus de 12 ans doivent \u00eatre pr\u00e9sents (prise d\u2019empreintes) accompagn\u00e9s de leur repr\u00e9sentant l\u00e9gal qui a d\u00e9pos\u00e9 le dossier.<\/p>\r\n\r\n\r\n\r\n<p>La dur\u00e9e de validit\u00e9 des Cartes Nationales d\u2019Identit\u00e9 est de 15 ans pour les personnes majeurs (depuis le 1er janvier 2014) et de 10 ans pour les mineurs.<\/p>\r\n\r\n\r\n\r\n<p>Liste des pi\u00e8ces \u00e0 fournir pour a constitution de votre dossier :<\/p>\r\n\r\n\r\n\r\n<ul class=\"wp-block-list\">\r\n<li><a href=\"http:\/\/www.lemesnilsaintdenis.fr\/public\/mesnil\/document.srv?id=19009\">Demande de carte d&rsquo;identit\u00e9 pour majeur<\/a><\/li>\r\n<li><a href=\"http:\/\/www.lemesnilsaintdenis.fr\/public\/mesnil\/document.srv?id=19010\">Demande de carte d&rsquo;identit\u00e9 pour mineur<\/a><\/li>\r\n<li><a href=\"http:\/\/www.lemesnilsaintdenis.fr\/public\/mesnil\/document.srv?id=19011\">Demande de passeport pour majeur<\/a><\/li>\r\n<li><a href=\"http:\/\/www.lemesnilsaintdenis.fr\/public\/mesnil\/document.srv?id=19012\">Demande de passeport pour mineur<\/a><\/li>\r\n<\/ul>\r\n\r\n\r\n\r\n<h2 class=\"wp-block-heading\">Autorisation de sortie du territoire<\/h2>\r\n\r\n\r\n\r\n<p>Depuis le 15 janvier 2017, un enfant mineur qui vit en France et voyage \u00e0 l&rsquo;\u00e9tranger seul ou sans \u00eatre accompagn\u00e9 de l&rsquo;un de ses parents doit \u00eatre muni d&rsquo;une autorisation de sortie du territoire (AST). Il s&rsquo;agit d&rsquo;un formulaire CERFA n\u00b015646*01 \u00e9tabli et sign\u00e9 par un parent (ou responsable l\u00e9gal). Ce formulaire doit \u00eatre accompagn\u00e9 de la photocopie d&rsquo;une pi\u00e8ce d&rsquo;identit\u00e9 du parent signataire.<\/p>\r\n\r\n\r\n\r\n<ul class=\"wp-block-list\">\r\n<li><a href=\"http:\/\/www.lemesnilsaintdenis.fr\/public\/mesnil\/document.srv?id=19051\">T\u00e9l\u00e9charger le CERFA 15646*01 (Autorisation de sortie du territoire)<\/a><\/li>\r\n<\/ul>\r\n\r\n\r\n\r\n<h2 class=\"wp-block-heading\">Etat civil<\/h2>\r\n\r\n\r\n\r\n<h4 class=\"wp-block-heading\">Acte de mariage, Acte de naissance, Acte de d\u00e9c\u00e8s<\/h4>\r\n\r\n\r\n\r\n<p>Vous pourrez bient\u00f4t effectuer votre demande en ligne \u00e0 partir du site dans la rubrique \u00ab\u00a0Services en ligne\u00a0\u00bb<\/p>\r\n\r\n\r\n\r\n<h4 class=\"wp-block-heading\">D\u00e9claration de naissance<\/h4>\r\n\r\n\r\n\r\n<p>La d\u00e9claration de naissance doit \u00eatre effectu\u00e9e, devant l&rsquo;Officier de l&rsquo;Etat civil de la mairie du lieu de naissance, dans les 5 jours ouvr\u00e9s suivant l&rsquo;accouchement (jour de l&rsquo;accouchement non compt\u00e9). Si le dernier jour dudit d\u00e9lai est un samedi, un dimanche, un jour f\u00e9ri\u00e9 ou ch\u00f4m\u00e9, ce d\u00e9lai est prorog\u00e9 jusqu&rsquo;au premier jour ouvrable suivant. Ce d\u00e9lai de 3 jours expir\u00e9, un jugement d\u00e9claratif de naissance rendu par le Tribunal de Grande Instance sera n\u00e9cessaire.<\/p>\r\n\r\n\r\n\r\n<h4 class=\"wp-block-heading\">D\u00e9claration de mariage<\/h4>\r\n\r\n\r\n\r\n<p>Avant d&rsquo;\u00eatre uni par le Maire, il faut remplir plusieurs conditions.<br \/>Pour se marier, il faut \u00eatre \u00e2g\u00e9 de 18 ans r\u00e9volus pour les hommes et les femmes, sauf dispense accord\u00e9e par le Procureur de la R\u00e9publique.<br \/>Les mineurs ainsi que les majeurs prot\u00e9g\u00e9s juridiquement doivent justifier du consentement des parents, du tuteur, du curateur ou du conseil de famille.<br \/>Les militaires peuvent librement contracter mariage, sauf dans le cas o\u00f9 leur futur conjoint n&rsquo;a pas la nationalit\u00e9 fran\u00e7aise, ils doivent alors obtenir l&rsquo; autorisation du Minist\u00e8re de la D\u00e9fense.<br \/>Le mariage est c\u00e9l\u00e9br\u00e9 dans la commune o\u00f9 l&rsquo;un des futurs \u00e9poux a son domicile ou sa r\u00e9sidence \u00e9tablie.<br \/>Pr\u00e9voir la date du mariage. L&rsquo; heure de la c\u00e9r\u00e9monie sera fix\u00e9e par l&rsquo; Officier de l&rsquo; Etat Civil, qui remet aux futurs \u00e9poux un dossier \u00e0 compl\u00e9ter.<br \/>Deux mois avant la date pr\u00e9vue, les futurs \u00e9poux doivent d\u00e9poser ensemble leur dossier complet.<br \/>La c\u00e9l\u00e9bration du mariage a lieu publiquement.<\/p>\r\n\r\n\r\n\r\n<h4 class=\"wp-block-heading\">D\u00e9claration de d\u00e9c\u00e8s<\/h4>\r\n\r\n\r\n\r\n<p>La d\u00e9claration de d\u00e9c\u00e8s doit \u00eatre faite \u00e0 la mairie du lieu de d\u00e9c\u00e8s dans les plus courts d\u00e9lais. N&rsquo;importe qui peut d\u00e9clarer un d\u00e9c\u00e8s, mais cette d\u00e9claration doit \u00eatre effectu\u00e9e au plus tard dans les 24 heures \u00e0 compter de l&rsquo;heure de d\u00e9c\u00e8s.<br \/>Apr\u00e8s avoir d\u00e9clar\u00e9 le d\u00e9c\u00e8s, la famille peut librement s&rsquo;adresser aux pompes fun\u00e8bres de son choix. La liste des entreprises peut \u00eatre consult\u00e9e au service de l&rsquo;\u00e9tat civil.<\/p>\r\n\r\n\r\n\r\n<ul class=\"wp-block-list\">\r\n<li><a href=\"http:\/\/www.lemesnilsaintdenis.fr\/public\/mesnil\/article\/concessions-et-funerarium.html?id=13881&amp;rub=7807\">Concessions et fun\u00e9rarium<\/a><\/li>\r\n<\/ul>\r\n\r\n\r\n\r\n<h2 class=\"wp-block-heading\">Recensemement militaire<\/h2>\r\n\r\n\r\n\r\n<p>D\u00e8s l\u2019\u00e2ge de 16 ans, gar\u00e7ons et filles doivent se pr\u00e9senter en mairie (au cours du trimestre qui suit leur date d\u2019anniversaire) munis du livret de famille de leurs parents, de leur carte d\u2019identit\u00e9 et d&rsquo;un justificatif de domicile.<\/p>\r\n\r\n\r\n\r\n<h2 class=\"wp-block-heading\">Attestation d&rsquo;accueil<\/h2>\r\n\r\n\r\n\r\n<p>L&rsquo;attestation d&rsquo;accueil est un document officiel rempli et sign\u00e9 par toute personne fran\u00e7aise ou \u00e9trang\u00e8re r\u00e9sidant en France et souhaitant accueillir un ressortissant \u00e9tranger pour une dur\u00e9e inf\u00e9rieure ou \u00e9gale \u00e0 3 mois. Seuls les s\u00e9jours rev\u00eatant le caract\u00e8re d&rsquo;une visite priv\u00e9e sont concern\u00e9s par cette disposition. L&rsquo;h\u00e9bergeant doit se pr\u00e9senter personnellement.<\/p>\r\n\r\n\r\n\r\n<h2 class=\"wp-block-heading\">L\u00e9galisation de signature<\/h2>\r\n\r\n\r\n\r\n<p>La l\u00e9galisation de signature consiste \u00e0 attester que la signature appos\u00e9e sur un document correspond \u00e0 l&rsquo;identit\u00e9 de la personne qui l&rsquo;a sign\u00e9. Le document doit \u00eatre sign\u00e9 devant l&rsquo;officier d&rsquo;\u00e9tat civil.<\/p>\r\n\r\n\r\n\r\n<h2 class=\"wp-block-heading\">Demande ou renouvellement de logement social<\/h2>\r\n\r\n\r\n\r\n<p>Il est possible de\u00a0<a href=\"https:\/\/www.demande-logement-social.gouv.fr\/\">faire sa demande ou son renouvellement social en ligne<\/a>.<\/p>\r\n\r\n\r\n\r\n<h2 class=\"wp-block-heading\">S&rsquo;incrire sur les liste \u00e9lectorales<\/h2>\r\n\r\n\r\n\r\n<h4 class=\"wp-block-heading\">Diff\u00e9rentes possibilit\u00e9s de demandes d&rsquo;inscription :<\/h4>\r\n\r\n\r\n\r\n<ul class=\"wp-block-list\">\r\n<li>Vous venez d&#8217;emm\u00e9nager sur la Commune : l&rsquo;inscription n&rsquo;est pas automatique. C&rsquo;est une d\u00e9marche volontaire.<\/li>\r\n<li>Vous avez chang\u00e9 d&rsquo;adresse au sein de la Commune : vous devez \u00e9galement faire cette d\u00e9marche car vous n&rsquo;\u00eates peut-\u00eatre plus inscrit dans le m\u00eame bureau de vote. Pour continuer \u00e0\u00a0recevoir la propagande \u00e9l\u00e9ctorale et votre carte d&rsquo;\u00e9l\u00e9cteur, vous devez penser \u00e0 formuler une nouvelle demande, car ce tpe de correspondance n&rsquo;est pas pris en compte dans le suivi courrier de la Poste.<\/li>\r\n<li>Vous venez d&rsquo;obtenir la nationalit\u00e9 fran\u00e7aise.<\/li>\r\n<\/ul>\r\n\r\n\r\n\r\n<p>Les jeunes de 18 ans r\u00e9volus sont inscrits automatiquement s&rsquo;ils se sont fait recenser au Mesnil Saint Denis lors de leur 16 ans.<\/p>\r\n\r\n\r\n\r\n<h4 class=\"wp-block-heading\">Les Conditions<\/h4>\r\n\r\n\r\n\r\n<ul class=\"wp-block-list\">\r\n<li>Etre \u00e2g\u00e9 d&rsquo;au moins 18 ans<\/li>\r\n<li>jouir de vos droits civiques<\/li>\r\n<li>Etre de nationalit\u00e9 fra\u00e7aise ou europ\u00e9enne<\/li>\r\n<\/ul>\r\n\r\n\r\n\r\n<h4 class=\"wp-block-heading\">Vous pouvez vous inscrire :<\/h4>\r\n\r\n\r\n\r\n<ul class=\"wp-block-list\">\r\n<li><a href=\"https:\/\/www.service-public.fr\/particuliers\/vosdroits\/R16396\">Incription en ligne<\/a><\/li>\r\n<li>En mairie<\/li>\r\n<li>Par courrier<\/li>\r\n<\/ul>\r\n\r\n\r\n\r\n<h4 class=\"wp-block-heading\">Les justificatifs demand\u00e9s :<\/h4>\r\n\r\n\r\n\r\n<ul class=\"wp-block-list\">\r\n<li>Carte d&rsquo;identit\u00e9 ou passeport expir\u00e9 de moins d&rsquo;un an .<\/li>\r\n<\/ul>\r\n\r\n\r\n\r\n<div style=\"height: 46px;\" aria-hidden=\"true\" class=\"wp-block-spacer\"><\/div>\r\n","protected":false},"excerpt":{"rendered":"<p>Horaires de la mairie HORAIRES :Lundi, Mardi, Mercredi : de 8h45 \u00e0 11h45 et de 13h30 \u00e0 17h15Jeudi de 13h \u00e0 19h15Vendredi de 8h45 \u00e0 11h45 et de 13h30 \u00e0 16h45 TEL : 01 30 52 86 47FAX : 01 30 51 86 47email : mairie@elya.fr Carte d&rsquo;identit\u00e9 &#8211; Passeport [&hellip;]<\/p>\n","protected":false},"author":3,"featured_media":0,"parent":11,"menu_order":0,"comment_status":"closed","ping_status":"closed","template":"","meta":{"footnotes":""},"class_list":["post-21","page","type-page","status-publish","hentry"],"_links":{"self":[{"href":"https:\/\/macoco.fr\/elya\/wp-json\/wp\/v2\/pages\/21","targetHints":{"allow":["GET"]}}],"collection":[{"href":"https:\/\/macoco.fr\/elya\/wp-json\/wp\/v2\/pages"}],"about":[{"href":"https:\/\/macoco.fr\/elya\/wp-json\/wp\/v2\/types\/page"}],"author":[{"embeddable":true,"href":"https:\/\/macoco.fr\/elya\/wp-json\/wp\/v2\/users\/3"}],"replies":[{"embeddable":true,"href":"https:\/\/macoco.fr\/elya\/wp-json\/wp\/v2\/comments?post=21"}],"version-history":[{"count":14,"href":"https:\/\/macoco.fr\/elya\/wp-json\/wp\/v2\/pages\/21\/revisions"}],"predecessor-version":[{"id":799,"href":"https:\/\/macoco.fr\/elya\/wp-json\/wp\/v2\/pages\/21\/revisions\/799"}],"up":[{"embeddable":true,"href":"https:\/\/macoco.fr\/elya\/wp-json\/wp\/v2\/pages\/11"}],"wp:attachment":[{"href":"https:\/\/macoco.fr\/elya\/wp-json\/wp\/v2\/media?parent=21"}],"curies":[{"name":"wp","href":"https:\/\/api.w.org\/{rel}","templated":true}]}}