{"id":23,"date":"2019-04-18T16:34:25","date_gmt":"2019-04-18T14:34:25","guid":{"rendered":"https:\/\/macoco.fr\/elya\/?page_id=23"},"modified":"2019-05-22T21:53:28","modified_gmt":"2019-05-22T19:53:28","slug":"decouvrir-la-ville","status":"publish","type":"page","link":"https:\/\/macoco.fr\/elya\/ma-ville\/decouvrir-la-ville\/","title":{"rendered":"D\u00e9couvrir la ville"},"content":{"rendered":"\n<div class=\"wp-block-media-text\" style=\"grid-template-columns:52% auto\"><figure class=\"wp-block-media-text__media\"><img loading=\"lazy\" decoding=\"async\" width=\"870\" height=\"489\" src=\"https:\/\/macoco.fr\/elya\/wp-content\/uploads\/2019\/05\/870x489_maxnewsworldthree285569_1.jpg\" alt=\"\" class=\"wp-image-621\" srcset=\"https:\/\/macoco.fr\/elya\/wp-content\/uploads\/2019\/05\/870x489_maxnewsworldthree285569_1.jpg 870w, https:\/\/macoco.fr\/elya\/wp-content\/uploads\/2019\/05\/870x489_maxnewsworldthree285569_1-300x169.jpg 300w, https:\/\/macoco.fr\/elya\/wp-content\/uploads\/2019\/05\/870x489_maxnewsworldthree285569_1-768x432.jpg 768w\" sizes=\"auto, (max-width: 870px) 100vw, 870px\" \/><\/figure><div class=\"wp-block-media-text__content\">\n<h4 class=\"wp-block-heading\">Histoire &amp; Chiffres<\/h4>\n\n\n\n<p>D\u00e9couvrez l&rsquo;histoire d&rsquo;Elya ainsi que l&rsquo;\u00e9volution du nombre d&rsquo;habitants, les relev\u00e9s \u00e9cologiques et autres.<\/p>\n\n\n\n<div class=\"wp-block-button\"><a class=\"wp-block-button__link\" href=\".\/urbanisme-environnement\/histoire\">&nbsp;En savoir plus&nbsp;<\/a><\/div>\n<\/div><\/div>\n\n\n\n<div style=\"height:23px\" aria-hidden=\"true\" class=\"wp-block-spacer\"><\/div>\n\n\n\n<div class=\"wp-block-media-text\" style=\"grid-template-columns:52% auto\"><figure class=\"wp-block-media-text__media\"><img loading=\"lazy\" decoding=\"async\" width=\"620\" height=\"463\" src=\"https:\/\/macoco.fr\/elya\/wp-content\/uploads\/2019\/05\/10236104.jpg\" alt=\"\" class=\"wp-image-580\" srcset=\"https:\/\/macoco.fr\/elya\/wp-content\/uploads\/2019\/05\/10236104.jpg 620w, https:\/\/macoco.fr\/elya\/wp-content\/uploads\/2019\/05\/10236104-300x224.jpg 300w\" sizes=\"auto, (max-width: 620px) 100vw, 620px\" \/><\/figure><div class=\"wp-block-media-text__content\">\n<h4 class=\"wp-block-heading\">Galerie<\/h4>\n\n\n\n<p>Explorez quelques coins de la ville  \u00e0 travers notre galerie de photos.<\/p>\n\n\n\n<div class=\"wp-block-button\"><a class=\"wp-block-button__link\" href=\".\/urbanisme-environnement\/galerie\">&nbsp;En savoir plus&nbsp;<\/a><\/div>\n<\/div><\/div>\n\n\n\n<div style=\"height:23px\" aria-hidden=\"true\" class=\"wp-block-spacer\"><\/div>\n\n\n\n<div class=\"wp-block-media-text\" style=\"grid-template-columns:52% auto\"><figure class=\"wp-block-media-text__media\"><img loading=\"lazy\" decoding=\"async\" width=\"1024\" height=\"768\" src=\"https:\/\/macoco.fr\/elya\/wp-content\/uploads\/2019\/05\/5_0-Gite-patrimoine-Aveyron-Belcastel-01-1024x768.jpg\" alt=\"Patrimoine culturel d'Elya\" class=\"wp-image-597\" srcset=\"https:\/\/macoco.fr\/elya\/wp-content\/uploads\/2019\/05\/5_0-Gite-patrimoine-Aveyron-Belcastel-01-1024x768.jpg 1024w, https:\/\/macoco.fr\/elya\/wp-content\/uploads\/2019\/05\/5_0-Gite-patrimoine-Aveyron-Belcastel-01-300x225.jpg 300w, https:\/\/macoco.fr\/elya\/wp-content\/uploads\/2019\/05\/5_0-Gite-patrimoine-Aveyron-Belcastel-01-768x576.jpg 768w, https:\/\/macoco.fr\/elya\/wp-content\/uploads\/2019\/05\/5_0-Gite-patrimoine-Aveyron-Belcastel-01.jpg 1200w\" sizes=\"auto, (max-width: 1024px) 100vw, 1024px\" \/><\/figure><div class=\"wp-block-media-text__content\">\n<h4 class=\"wp-block-heading\">Patrimoine<\/h4>\n\n\n\n<p>Elya dispose d\u2019un patrimoine culturel et naturel riche et vari\u00e9 (for\u00eats, parcs, jardins, sculptures, monument). La qualit\u00e9 de cet environnement est l\u2019un des principaux atouts de la commune. <\/p>\n\n\n\n<div class=\"wp-block-button\"><a class=\"wp-block-button__link\" href=\".\/urbanisme-environnement\/patrimoine\">&nbsp;En savoir plus&nbsp;<\/a><\/div>\n<\/div><\/div>\n\n\n\n<div style=\"height:100px\" aria-hidden=\"true\" class=\"wp-block-spacer\"><\/div>\n","protected":false},"excerpt":{"rendered":"","protected":false},"author":3,"featured_media":0,"parent":11,"menu_order":0,"comment_status":"closed","ping_status":"closed","template":"","meta":{"footnotes":""},"class_list":["post-23","page","type-page","status-publish","hentry"],"_links":{"self":[{"href":"https:\/\/macoco.fr\/elya\/wp-json\/wp\/v2\/pages\/23","targetHints":{"allow":["GET"]}}],"collection":[{"href":"https:\/\/macoco.fr\/elya\/wp-json\/wp\/v2\/pages"}],"about":[{"href":"https:\/\/macoco.fr\/elya\/wp-json\/wp\/v2\/types\/page"}],"author":[{"embeddable":true,"href":"https:\/\/macoco.fr\/elya\/wp-json\/wp\/v2\/users\/3"}],"replies":[{"embeddable":true,"href":"https:\/\/macoco.fr\/elya\/wp-json\/wp\/v2\/comments?post=23"}],"version-history":[{"count":16,"href":"https:\/\/macoco.fr\/elya\/wp-json\/wp\/v2\/pages\/23\/revisions"}],"predecessor-version":[{"id":622,"href":"https:\/\/macoco.fr\/elya\/wp-json\/wp\/v2\/pages\/23\/revisions\/622"}],"up":[{"embeddable":true,"href":"https:\/\/macoco.fr\/elya\/wp-json\/wp\/v2\/pages\/11"}],"wp:attachment":[{"href":"https:\/\/macoco.fr\/elya\/wp-json\/wp\/v2\/media?parent=23"}],"curies":[{"name":"wp","href":"https:\/\/api.w.org\/{rel}","templated":true}]}}