{"id":313,"date":"2019-05-13T12:30:48","date_gmt":"2019-05-13T10:30:48","guid":{"rendered":"https:\/\/macoco.fr\/elya\/?page_id=313"},"modified":"2019-05-23T11:57:46","modified_gmt":"2019-05-23T09:57:46","slug":"ecoles-marternelles","status":"publish","type":"page","link":"https:\/\/macoco.fr\/elya\/ecoles-marternelles\/","title":{"rendered":"\u00c9coles Maternelles"},"content":{"rendered":"\n<div class=\"wp-block-image\"><figure class=\"aligncenter is-resized\"><img loading=\"lazy\" decoding=\"async\" src=\"https:\/\/macoco.fr\/elya\/wp-content\/uploads\/2019\/04\/ecole-frederic-mistral-agence-laurent-fournet-3.jpg\" alt=\"\" class=\"wp-image-215\" width=\"786\" height=\"345\" srcset=\"https:\/\/macoco.fr\/elya\/wp-content\/uploads\/2019\/04\/ecole-frederic-mistral-agence-laurent-fournet-3.jpg 1545w, https:\/\/macoco.fr\/elya\/wp-content\/uploads\/2019\/04\/ecole-frederic-mistral-agence-laurent-fournet-3-300x132.jpg 300w, https:\/\/macoco.fr\/elya\/wp-content\/uploads\/2019\/04\/ecole-frederic-mistral-agence-laurent-fournet-3-768x338.jpg 768w, https:\/\/macoco.fr\/elya\/wp-content\/uploads\/2019\/04\/ecole-frederic-mistral-agence-laurent-fournet-3-1024x451.jpg 1024w\" sizes=\"auto, (max-width: 786px) 100vw, 786px\" \/><\/figure><\/div>\n\n\n\n<p><strong>L&rsquo;\u00e9cole maternelle Fr\u00e9d\u00e9ric Mistral de Elya ouvrira \u00e0 la rentr\u00e9e 2059<\/strong>. <br><strong>Il s&rsquo;agit de l&rsquo;une des nouvelles \u00e9coles construites par la ville dans le\u00a0le cadre de la R\u00e9novation Urbaine du quartier.<\/strong> <\/p>\n\n\n\n<p>En 2050, c\u2019est\u00a0l\u2019\u00e9cole maternelle Charles P\u00e9guy qui a ouvert ses portes, suivie en 2054\u00a0des\u00a0maternelles Th\u00e9ophile Gautier et \u00a0Albert Camus. Ces 3 \u00e9coles sont financ\u00e9es \u00e0 80% par l\u2019Etat dans le cadre du plan de r\u00e9novation urbaine.<\/p>\n\n\n\n<p>Dessin\u00e9e toute en couleurs par l\u2019agence Laurent Fournet, sous ma\u00eetrise d\u2019ouvrage Sadev 94, la maternelle&nbsp;comprendra&nbsp;4 classes,&nbsp; 2 dortoirs, 1 salle de motricit\u00e9, 1 biblioth\u00e8que,&nbsp;1 p\u00f4le restauration&nbsp;et&nbsp;2 salles p\u00e9riscolaires sur une surface totale de plancher de&nbsp;1 325m\u00b2. Son co\u00fbt total est de 4 millions d\u2019euros.&nbsp;La premi\u00e8re pierre \u00e9tait pos\u00e9e vendredi 16 septembre.<\/p>\n\n\n\n<div class=\"wp-block-image\"><figure class=\"aligncenter is-resized\"><img loading=\"lazy\" decoding=\"async\" src=\"https:\/\/macoco.fr\/elya\/wp-content\/uploads\/2019\/05\/6130493_caba9b8a-7cbd-11e6-a59a-e59893c2fa3e-1_1000x625.jpg\" alt=\"\" class=\"wp-image-318\" width=\"833\" height=\"520\" srcset=\"https:\/\/macoco.fr\/elya\/wp-content\/uploads\/2019\/05\/6130493_caba9b8a-7cbd-11e6-a59a-e59893c2fa3e-1_1000x625.jpg 1000w, https:\/\/macoco.fr\/elya\/wp-content\/uploads\/2019\/05\/6130493_caba9b8a-7cbd-11e6-a59a-e59893c2fa3e-1_1000x625-300x188.jpg 300w, https:\/\/macoco.fr\/elya\/wp-content\/uploads\/2019\/05\/6130493_caba9b8a-7cbd-11e6-a59a-e59893c2fa3e-1_1000x625-768x480.jpg 768w\" sizes=\"auto, (max-width: 833px) 100vw, 833px\" \/><\/figure><\/div>\n\n\n\n<div class=\"wp-block-image\"><figure class=\"aligncenter is-resized\"><img loading=\"lazy\" decoding=\"async\" src=\"https:\/\/macoco.fr\/elya\/wp-content\/uploads\/2019\/05\/ecole-frederic-mistral-agence-laurent-fournet-2-1024x611.jpg\" alt=\"\" class=\"wp-image-319\" width=\"815\" height=\"487\" srcset=\"https:\/\/macoco.fr\/elya\/wp-content\/uploads\/2019\/05\/ecole-frederic-mistral-agence-laurent-fournet-2-1024x611.jpg 1024w, https:\/\/macoco.fr\/elya\/wp-content\/uploads\/2019\/05\/ecole-frederic-mistral-agence-laurent-fournet-2-300x179.jpg 300w, https:\/\/macoco.fr\/elya\/wp-content\/uploads\/2019\/05\/ecole-frederic-mistral-agence-laurent-fournet-2-768x458.jpg 768w, https:\/\/macoco.fr\/elya\/wp-content\/uploads\/2019\/05\/ecole-frederic-mistral-agence-laurent-fournet-2.jpg 1461w\" sizes=\"auto, (max-width: 815px) 100vw, 815px\" \/><\/figure><\/div>\n\n\n\n<h4 class=\"wp-block-heading\">Ecole maternelle Pasteur<\/h4>\n\n\n\n<p><strong>Directrice :<\/strong>&nbsp;Mme BEFFY Florence<br>28 rue des Ecoles<br>T\u00e9l. : 01 64 93 22 86<br>3 classes<br><\/p>\n\n\n\n<h4 class=\"wp-block-heading\">Ecole maternelle Saint-Martin<\/h4>\n\n\n\n<p><strong>Directrice :<\/strong>&nbsp;Mme HOURDEAU Val\u00e9rie<br>10 rue Joseph-Louis Lesage<br>01 64 93 21 90<br>4 classes<\/p>\n\n\n\n<h4 class=\"wp-block-heading\">Ecole maternelle Croix-Boiss\u00e9e<\/h4>\n\n\n\n<p><strong>Directrice :<\/strong>&nbsp;Mme FONTAINE-JEANNEAU Christine<br>3 Avenue de la Croix Boiss\u00e9e<br>T\u00e9l. : 01 64 93 27 90<br>4 classes\n\n<\/p>\n\n\n\n<div style=\"height:54px\" aria-hidden=\"true\" class=\"wp-block-spacer\"><\/div>\n","protected":false},"excerpt":{"rendered":"<p>L&rsquo;\u00e9cole maternelle Fr\u00e9d\u00e9ric Mistral de Elya ouvrira \u00e0 la rentr\u00e9e 2059. Il s&rsquo;agit de l&rsquo;une des nouvelles \u00e9coles construites par la ville dans le\u00a0le cadre de la R\u00e9novation Urbaine du quartier. En 2050, c\u2019est\u00a0l\u2019\u00e9cole maternelle Charles P\u00e9guy qui a ouvert ses portes, suivie en 2054\u00a0des\u00a0maternelles Th\u00e9ophile Gautier et \u00a0Albert Camus. [&hellip;]<\/p>\n","protected":false},"author":4,"featured_media":0,"parent":0,"menu_order":0,"comment_status":"closed","ping_status":"closed","template":"","meta":{"footnotes":""},"class_list":["post-313","page","type-page","status-publish","hentry"],"_links":{"self":[{"href":"https:\/\/macoco.fr\/elya\/wp-json\/wp\/v2\/pages\/313","targetHints":{"allow":["GET"]}}],"collection":[{"href":"https:\/\/macoco.fr\/elya\/wp-json\/wp\/v2\/pages"}],"about":[{"href":"https:\/\/macoco.fr\/elya\/wp-json\/wp\/v2\/types\/page"}],"author":[{"embeddable":true,"href":"https:\/\/macoco.fr\/elya\/wp-json\/wp\/v2\/users\/4"}],"replies":[{"embeddable":true,"href":"https:\/\/macoco.fr\/elya\/wp-json\/wp\/v2\/comments?post=313"}],"version-history":[{"count":6,"href":"https:\/\/macoco.fr\/elya\/wp-json\/wp\/v2\/pages\/313\/revisions"}],"predecessor-version":[{"id":777,"href":"https:\/\/macoco.fr\/elya\/wp-json\/wp\/v2\/pages\/313\/revisions\/777"}],"wp:attachment":[{"href":"https:\/\/macoco.fr\/elya\/wp-json\/wp\/v2\/media?parent=313"}],"curies":[{"name":"wp","href":"https:\/\/api.w.org\/{rel}","templated":true}]}}