{"id":32,"date":"2019-04-18T16:35:10","date_gmt":"2019-04-18T14:35:10","guid":{"rendered":"https:\/\/macoco.fr\/elya\/?page_id=32"},"modified":"2019-05-21T23:48:07","modified_gmt":"2019-05-21T21:48:07","slug":"sante","status":"publish","type":"page","link":"https:\/\/macoco.fr\/elya\/sante\/","title":{"rendered":"Sant\u00e9"},"content":{"rendered":"\n<div class=\"wp-block-image\"><figure class=\"alignright is-resized\"><img loading=\"lazy\" decoding=\"async\" src=\"https:\/\/macoco.fr\/elya\/wp-content\/uploads\/2019\/05\/ruches-maisons-8f2e-diaporama.jpg\" alt=\"\" class=\"wp-image-462\" width=\"411\" height=\"262\" srcset=\"https:\/\/macoco.fr\/elya\/wp-content\/uploads\/2019\/05\/ruches-maisons-8f2e-diaporama.jpg 815w, https:\/\/macoco.fr\/elya\/wp-content\/uploads\/2019\/05\/ruches-maisons-8f2e-diaporama-300x191.jpg 300w, https:\/\/macoco.fr\/elya\/wp-content\/uploads\/2019\/05\/ruches-maisons-8f2e-diaporama-768x490.jpg 768w\" sizes=\"auto, (max-width: 411px) 100vw, 411px\" \/><\/figure><\/div>\n\n\n\n<h2 class=\"wp-block-heading\">Quartier Euphorbia<\/h2>\n\n\n\n<p> Centre m\u00e9dical de la Croix Verte, <\/p>\n\n\n\n<p>11 rue Emile Roux, Elya. <\/p>\n\n\n\n<p>Tel : 09 05 77 89 66 <\/p>\n\n\n\n<p><a href=\"http:\/\/Centre-m\u00e9dical-croix-verte.com \">Centre-m\u00e9dical-croix-verte.com <\/a><\/p>\n\n\n\n<div style=\"height:21px\" aria-hidden=\"true\" class=\"wp-block-spacer\"><\/div>\n\n\n\n<div class=\"wp-block-image\"><figure class=\"alignright is-resized\"><img loading=\"lazy\" decoding=\"async\" src=\"https:\/\/macoco.fr\/elya\/wp-content\/uploads\/2019\/05\/Image-1024-1024-2021574.jpg\" alt=\"\" class=\"wp-image-461\" width=\"416\" height=\"256\" srcset=\"https:\/\/macoco.fr\/elya\/wp-content\/uploads\/2019\/05\/Image-1024-1024-2021574.jpg 680w, https:\/\/macoco.fr\/elya\/wp-content\/uploads\/2019\/05\/Image-1024-1024-2021574-300x185.jpg 300w\" sizes=\"auto, (max-width: 416px) 100vw, 416px\" \/><\/figure><\/div>\n\n\n\n<h2 class=\"wp-block-heading\">Quartier Enopla<\/h2>\n\n\n\n<p> Centre m\u00e9dical Henri Boos, <\/p>\n\n\n\n<p>26 Avenue de l&rsquo;H\u00f4tel-de-ville, Elya. <\/p>\n\n\n\n<p>Tel :09 55 23 48 53 <\/p>\n\n\n\n<p><a href=\"http:\/\/Centre-m\u00e9dical-Henri-Boos.com\"> Centre-m\u00e9dical-Henri-Boos.com <\/a><\/p>\n\n\n\n<div style=\"height:20px\" aria-hidden=\"true\" class=\"wp-block-spacer\"><\/div>\n\n\n\n<div class=\"wp-block-image\"><figure class=\"alignright is-resized\"><img loading=\"lazy\" decoding=\"async\" src=\"https:\/\/macoco.fr\/elya\/wp-content\/uploads\/2019\/05\/coral-reef-le-village-auto-suffisant-pour-les-sinistres-d-haiti.jpg\" alt=\"\" class=\"wp-image-470\" width=\"417\" height=\"329\" srcset=\"https:\/\/macoco.fr\/elya\/wp-content\/uploads\/2019\/05\/coral-reef-le-village-auto-suffisant-pour-les-sinistres-d-haiti.jpg 760w, https:\/\/macoco.fr\/elya\/wp-content\/uploads\/2019\/05\/coral-reef-le-village-auto-suffisant-pour-les-sinistres-d-haiti-300x237.jpg 300w\" sizes=\"auto, (max-width: 417px) 100vw, 417px\" \/><\/figure><\/div>\n\n\n\n<h2 class=\"wp-block-heading\">Quartier Cereus<\/h2>\n\n\n\n<p> Centre m\u00e9dical Caroline Maurice, <\/p>\n\n\n\n<p>13 Avenue Jacques tati, Elya <\/p>\n\n\n\n<p>Tel : 09 62 12 10 03 <\/p>\n\n\n\n<p><a href=\"http:\/\/Centre-m\u00e9dical-Caroline-Maurice.com\"> Centre-m\u00e9dical-Caroline-Maurice.com<\/a> <\/p>\n\n\n\n<div style=\"height:52px\" aria-hidden=\"true\" class=\"wp-block-spacer\"><\/div>\n\n\n\n<div style=\"height:52px\" aria-hidden=\"true\" class=\"wp-block-spacer\"><\/div>\n\n\n\n<div class=\"wp-block-image\"><figure class=\"alignright is-resized\"><img loading=\"lazy\" decoding=\"async\" src=\"https:\/\/macoco.fr\/elya\/wp-content\/uploads\/2019\/05\/hyperions-les-tours-maraicheres-d-inde.jpg\" alt=\"\" class=\"wp-image-472\" width=\"418\" height=\"330\" srcset=\"https:\/\/macoco.fr\/elya\/wp-content\/uploads\/2019\/05\/hyperions-les-tours-maraicheres-d-inde.jpg 760w, https:\/\/macoco.fr\/elya\/wp-content\/uploads\/2019\/05\/hyperions-les-tours-maraicheres-d-inde-300x237.jpg 300w\" sizes=\"auto, (max-width: 418px) 100vw, 418px\" \/><\/figure><\/div>\n\n\n\n<h2 class=\"wp-block-heading\">Quartier Rebutia<\/h2>\n\n\n\n<p> Centre m\u00e9dical Joseph Expert, <\/p>\n\n\n\n<p>44 rue De la Marne, Elya<\/p>\n\n\n\n<p>Tel : 09 78 74 16 65<\/p>\n\n\n\n<p><a href=\"http:\/\/Centre-m\u00e9dical-Joseph-Expert.com \">Centre-m\u00e9dical-Joseph-Expert.com <\/a><\/p>\n\n\n\n<div style=\"height:100px\" aria-hidden=\"true\" class=\"wp-block-spacer\"><\/div>\n\n\n\n<h2 class=\"wp-block-heading\">Service d&rsquo;urgence<\/h2>\n\n\n\n<div class=\"wp-block-image\"><figure class=\"alignright is-resized\"><img loading=\"lazy\" decoding=\"async\" src=\"https:\/\/macoco.fr\/elya\/wp-content\/uploads\/2019\/05\/870x489_illustration-urgences-presse.jpg\" alt=\"\" class=\"wp-image-466\" width=\"425\" height=\"239\" srcset=\"https:\/\/macoco.fr\/elya\/wp-content\/uploads\/2019\/05\/870x489_illustration-urgences-presse.jpg 870w, https:\/\/macoco.fr\/elya\/wp-content\/uploads\/2019\/05\/870x489_illustration-urgences-presse-300x169.jpg 300w, https:\/\/macoco.fr\/elya\/wp-content\/uploads\/2019\/05\/870x489_illustration-urgences-presse-768x432.jpg 768w\" sizes=\"auto, (max-width: 425px) 100vw, 425px\" \/><\/figure><\/div>\n\n\n\n<h4 class=\"wp-block-heading\">ADSF Ambulances<\/h4>\n\n\n\n<p>T\u00e9l. : 01 64 57 52 52<\/p>\n\n\n\n<h4 class=\"wp-block-heading\">Gendarmerie nationale<\/h4>\n\n\n\n<p>T\u00e9l. : 17Rue Jeanne Pinet &nbsp;91610 Ballancourt<\/p>\n\n\n\n<h4 class=\"wp-block-heading\">H\u00f4pital Sud Francilien Elya<\/h4>\n\n\n\n<p>T\u00e9l. : 01 69 13 60 00<\/p>\n\n\n\n<h4 class=\"wp-block-heading\">Pharmacie de garde<\/h4>\n\n\n\n<p>T\u00e9l. : 17<\/p>\n\n\n\n<p>Pour conna\u00eetre la pharmacie de garde, composez le 17 ou\u00a0<a href=\"https:\/\/monpharmacien-idf.fr\/\">cliquez ici<\/a><br>La garde de jour est affich\u00e9e \u00e0 l&rsquo;ext\u00e9rieur de l&rsquo;officine.<\/p>\n\n\n\n<h4 class=\"wp-block-heading\">Sapeurs-pompiers<\/h4>\n\n\n\n<p>T\u00e9l. : 18<\/p>\n\n\n\n<p>Rue de I&rsquo;Aunette\u00a0<\/p>\n\n\n\n<h4 class=\"wp-block-heading\">Service municipal de permanence<\/h4>\n\n\n\n<p>Mobile :\u00a006 08 42 16 55<\/p>\n\n\n\n<p>Ce service municipal d&rsquo;astreinte est \u00e0 votre disposition en cas d&rsquo;accident ou d&rsquo;\u00e9v\u00e9nement important, n\u00e9cessitant l&rsquo;intervention imm\u00e9diate d&rsquo;un agent de la mairie sur le domaine public ou dans un b\u00e2timent communal.\u00a0<\/p>\n\n\n\n<p>Ce service fonctionne du lundi au vendredi de 19 h 00 \u00e0 7 h 00 et \u00e0 partir de 12 h 00 le samedi jusqu&rsquo;au lundi matin 7 h 00.Un agent communal recevra votre appel et interviendra dans les meilleurs d\u00e9lais. Ce service est uniquement r\u00e9serv\u00e9 aux urgences. Les affaires courantes seront trait\u00e9es pendant les heures normales d&rsquo;ouverture des services municipaux.&nbsp;<br><\/p>\n\n\n\n<h4 class=\"wp-block-heading\">SOS m\u00e9decins Essonne<\/h4>\n\n\n\n<p>T\u00e9l. : 08 25 56 91 91<\/p>\n\n\n\n<p>Site Internet :\u00a0<a rel=\"noreferrer noopener\" href=\"http:\/\/www.medi-centre.fr\/\" target=\"_blank\">http:\/\/www.medi-centre.fr<\/a><\/p>\n\n\n\n<p>Consultations sur rendez vous, 7j\/7 en l&rsquo;absence de votre m\u00e9decin traitant. <\/p>\n\n\n\n<p>19 rue de la Lib\u00e9ration &#8211; 91750 Chevannes<\/p>\n\n\n\n<h4 class=\"wp-block-heading\">SOS Veterinaire<\/h4>\n\n\n\n<p>T\u00e9l. : 08 92 68 99 33<\/p>\n\n\n\n<p><\/p>\n\n\n\n<p><\/p>\n\n\n\n<h4 class=\"wp-block-heading\">Urgence dentaire<\/h4>\n\n\n\n<p>T\u00e9l. : 01 69 10 00 40<\/p>\n\n\n\n<p>Dimanche et jours f\u00e9ri\u00e9s <\/p>\n\n\n\n<div style=\"height:52px\" aria-hidden=\"true\" class=\"wp-block-spacer\"><\/div>\n","protected":false},"excerpt":{"rendered":"<p>Quartier Euphorbia Centre m\u00e9dical de la Croix Verte, 11 rue Emile Roux, Elya. Tel : 09 05 77 89 66 Centre-m\u00e9dical-croix-verte.com Quartier Enopla Centre m\u00e9dical Henri Boos, 26 Avenue de l&rsquo;H\u00f4tel-de-ville, Elya. Tel :09 55 23 48 53 Centre-m\u00e9dical-Henri-Boos.com Quartier Cereus Centre m\u00e9dical Caroline Maurice, 13 Avenue Jacques tati, Elya [&hellip;]<\/p>\n","protected":false},"author":4,"featured_media":0,"parent":0,"menu_order":0,"comment_status":"closed","ping_status":"closed","template":"","meta":{"footnotes":""},"class_list":["post-32","page","type-page","status-publish","hentry"],"_links":{"self":[{"href":"https:\/\/macoco.fr\/elya\/wp-json\/wp\/v2\/pages\/32","targetHints":{"allow":["GET"]}}],"collection":[{"href":"https:\/\/macoco.fr\/elya\/wp-json\/wp\/v2\/pages"}],"about":[{"href":"https:\/\/macoco.fr\/elya\/wp-json\/wp\/v2\/types\/page"}],"author":[{"embeddable":true,"href":"https:\/\/macoco.fr\/elya\/wp-json\/wp\/v2\/users\/4"}],"replies":[{"embeddable":true,"href":"https:\/\/macoco.fr\/elya\/wp-json\/wp\/v2\/comments?post=32"}],"version-history":[{"count":14,"href":"https:\/\/macoco.fr\/elya\/wp-json\/wp\/v2\/pages\/32\/revisions"}],"predecessor-version":[{"id":479,"href":"https:\/\/macoco.fr\/elya\/wp-json\/wp\/v2\/pages\/32\/revisions\/479"}],"wp:attachment":[{"href":"https:\/\/macoco.fr\/elya\/wp-json\/wp\/v2\/media?parent=32"}],"curies":[{"name":"wp","href":"https:\/\/api.w.org\/{rel}","templated":true}]}}