{"id":323,"date":"2019-05-13T13:01:35","date_gmt":"2019-05-13T11:01:35","guid":{"rendered":"https:\/\/macoco.fr\/elya\/?page_id=323"},"modified":"2019-05-21T21:46:25","modified_gmt":"2019-05-21T19:46:25","slug":"college","status":"publish","type":"page","link":"https:\/\/macoco.fr\/elya\/college\/","title":{"rendered":"Coll\u00e8ges"},"content":{"rendered":"\n<div class=\"wp-block-image\"><figure class=\"aligncenter is-resized\"><img loading=\"lazy\" decoding=\"async\" src=\"https:\/\/macoco.fr\/elya\/wp-content\/uploads\/2019\/05\/Perspective_College_Vallon_V3-1-1024x576.jpg\" alt=\"\" class=\"wp-image-324\" width=\"876\" height=\"493\" srcset=\"https:\/\/macoco.fr\/elya\/wp-content\/uploads\/2019\/05\/Perspective_College_Vallon_V3-1-1024x576.jpg 1024w, https:\/\/macoco.fr\/elya\/wp-content\/uploads\/2019\/05\/Perspective_College_Vallon_V3-1-300x169.jpg 300w, https:\/\/macoco.fr\/elya\/wp-content\/uploads\/2019\/05\/Perspective_College_Vallon_V3-1-768x432.jpg 768w, https:\/\/macoco.fr\/elya\/wp-content\/uploads\/2019\/05\/Perspective_College_Vallon_V3-1.jpg 1400w\" sizes=\"auto, (max-width: 876px) 100vw, 876px\" \/><\/figure><\/div>\n\n\n\n<h1 class=\"wp-block-heading\">Coll\u00e8ge, Vallon Pont d\u2019Arc&nbsp;<\/h1>\n\n\n\n<blockquote class=\"wp-block-quote is-layout-flow wp-block-quote-is-layout-flow\"><p><em>\u00ab&nbsp;Au c\u0153ur des rochers,<\/em><\/p><p><em>Dispara\u00eet la rivi\u00e8re,<\/em><\/p><p><em>Et surgit le pass\u00e9&nbsp;\u00bb<\/em><\/p><\/blockquote>\n\n\n\n<p><strong>Construction d\u2019un coll\u00e8ge BBC \u00e0 Vallon Pont d\u2019Arc<\/strong><\/p>\n\n\n\n<p><em>Montant op\u00e9ration :<\/em>&nbsp;6 060 000 \u20ac HT<\/p>\n\n\n\n<p><em>Ma\u00eetre d\u2019Ouvrage :<\/em>&nbsp;D\u00e9partement de l\u2019Ard\u00e8che<br><em>Architecte mandataire :<\/em>&nbsp;Denis DESSUS \u2013&nbsp;<em>Architecte associ\u00e9 :<\/em>&nbsp;Patrick Rabier<\/p>\n\n\n\n<p><em>Surface :<\/em>&nbsp;4 700 m\u00b2<\/p>\n\n\n\n<p><\/p>\n\n\n\n<h4 class=\"wp-block-heading\">Coll\u00e8ge du Saussay<\/h4>\n\n\n\n<p>23, rue de VerdunT\u00e9l. : 01 64 93 21 62&nbsp;&#8211;&nbsp;Fax : 01 69 90 32 56<br><strong>Principal :<\/strong>&nbsp;Mme Catherine MICHEL<br>Coll\u00e8ge public <\/p>\n\n\n\n<div style=\"height:62px\" aria-hidden=\"true\" class=\"wp-block-spacer\"><\/div>\n\n\n\n<p><\/p>\n","protected":false},"excerpt":{"rendered":"<p>Coll\u00e8ge, Vallon Pont d\u2019Arc&nbsp; \u00ab&nbsp;Au c\u0153ur des rochers, Dispara\u00eet la rivi\u00e8re, Et surgit le pass\u00e9&nbsp;\u00bb Construction d\u2019un coll\u00e8ge BBC \u00e0 Vallon Pont d\u2019Arc Montant op\u00e9ration :&nbsp;6 060 000 \u20ac HT Ma\u00eetre d\u2019Ouvrage :&nbsp;D\u00e9partement de l\u2019Ard\u00e8cheArchitecte mandataire :&nbsp;Denis DESSUS \u2013&nbsp;Architecte associ\u00e9 :&nbsp;Patrick Rabier Surface :&nbsp;4 700 m\u00b2 Coll\u00e8ge du Saussay 23, [&hellip;]<\/p>\n","protected":false},"author":4,"featured_media":0,"parent":0,"menu_order":0,"comment_status":"closed","ping_status":"closed","template":"","meta":{"footnotes":""},"class_list":["post-323","page","type-page","status-publish","hentry"],"_links":{"self":[{"href":"https:\/\/macoco.fr\/elya\/wp-json\/wp\/v2\/pages\/323","targetHints":{"allow":["GET"]}}],"collection":[{"href":"https:\/\/macoco.fr\/elya\/wp-json\/wp\/v2\/pages"}],"about":[{"href":"https:\/\/macoco.fr\/elya\/wp-json\/wp\/v2\/types\/page"}],"author":[{"embeddable":true,"href":"https:\/\/macoco.fr\/elya\/wp-json\/wp\/v2\/users\/4"}],"replies":[{"embeddable":true,"href":"https:\/\/macoco.fr\/elya\/wp-json\/wp\/v2\/comments?post=323"}],"version-history":[{"count":7,"href":"https:\/\/macoco.fr\/elya\/wp-json\/wp\/v2\/pages\/323\/revisions"}],"predecessor-version":[{"id":367,"href":"https:\/\/macoco.fr\/elya\/wp-json\/wp\/v2\/pages\/323\/revisions\/367"}],"wp:attachment":[{"href":"https:\/\/macoco.fr\/elya\/wp-json\/wp\/v2\/media?parent=323"}],"curies":[{"name":"wp","href":"https:\/\/api.w.org\/{rel}","templated":true}]}}