{"id":33,"date":"2019-04-18T16:35:08","date_gmt":"2019-04-18T14:35:08","guid":{"rendered":"https:\/\/macoco.fr\/elya\/?page_id=33"},"modified":"2019-05-22T21:03:52","modified_gmt":"2019-05-22T19:03:52","slug":"urbanisme-environnement","status":"publish","type":"page","link":"https:\/\/macoco.fr\/elya\/ma-ville\/urbanisme-environnement\/","title":{"rendered":"Urbanisme &#038; Environnement"},"content":{"rendered":"\n<div class=\"wp-block-media-text\" style=\"grid-template-columns:52% auto\"><figure class=\"wp-block-media-text__media\"><img loading=\"lazy\" decoding=\"async\" width=\"728\" height=\"485\" src=\"https:\/\/macoco.fr\/elya\/wp-content\/uploads\/2019\/05\/conservatory-wilkinson-eyre-gardens-by-the-bay-5.jpg\" alt=\"\" class=\"wp-image-574\" srcset=\"https:\/\/macoco.fr\/elya\/wp-content\/uploads\/2019\/05\/conservatory-wilkinson-eyre-gardens-by-the-bay-5.jpg 728w, https:\/\/macoco.fr\/elya\/wp-content\/uploads\/2019\/05\/conservatory-wilkinson-eyre-gardens-by-the-bay-5-300x200.jpg 300w, https:\/\/macoco.fr\/elya\/wp-content\/uploads\/2019\/05\/conservatory-wilkinson-eyre-gardens-by-the-bay-5-360x240.jpg 360w\" sizes=\"auto, (max-width: 728px) 100vw, 728px\" \/><\/figure><div class=\"wp-block-media-text__content\">\n<h4 class=\"wp-block-heading\">Environnement<\/h4>\n\n\n\n<p> Elya poss\u00e8de de nombreux espaces verts et de d\u00e9tente pour un cadre de vie agr\u00e9able. <\/p>\n\n\n\n<div class=\"wp-block-button\"><a class=\"wp-block-button__link\" href=\".\/urbanisme-environnement\/environnement\">&nbsp;En savoir plus&nbsp;<\/a><\/div>\n<\/div><\/div>\n\n\n\n<div style=\"height:23px\" aria-hidden=\"true\" class=\"wp-block-spacer\"><\/div>\n\n\n\n<div class=\"wp-block-media-text\" style=\"grid-template-columns:52% auto\"><figure class=\"wp-block-media-text__media\"><img loading=\"lazy\" decoding=\"async\" width=\"1024\" height=\"576\" src=\"https:\/\/macoco.fr\/elya\/wp-content\/uploads\/2019\/05\/5beaa41485600a442d6d2c55-1024x576.jpg\" alt=\"\" class=\"wp-image-575\" srcset=\"https:\/\/macoco.fr\/elya\/wp-content\/uploads\/2019\/05\/5beaa41485600a442d6d2c55-1024x576.jpg 1024w, https:\/\/macoco.fr\/elya\/wp-content\/uploads\/2019\/05\/5beaa41485600a442d6d2c55-300x169.jpg 300w, https:\/\/macoco.fr\/elya\/wp-content\/uploads\/2019\/05\/5beaa41485600a442d6d2c55-768x432.jpg 768w, https:\/\/macoco.fr\/elya\/wp-content\/uploads\/2019\/05\/5beaa41485600a442d6d2c55.jpg 1920w\" sizes=\"auto, (max-width: 1024px) 100vw, 1024px\" \/><\/figure><div class=\"wp-block-media-text__content\">\n<h4 class=\"wp-block-heading\">Logement<\/h4>\n\n\n\n<p>Elya favorise une installation durable gr\u00e2ce \u00e0 des am\u00e9nagements coh\u00e9rents et des espaces\u00a0de vie agr\u00e9ables. <\/p>\n\n\n\n<div class=\"wp-block-button\"><a class=\"wp-block-button__link\" href=\".\/urbanisme-environnement\/logement\">&nbsp;En savoir plus&nbsp;<\/a><\/div>\n<\/div><\/div>\n\n\n\n<div style=\"height:23px\" aria-hidden=\"true\" class=\"wp-block-spacer\"><\/div>\n\n\n\n<div class=\"wp-block-media-text\" style=\"grid-template-columns:52% auto\"><figure class=\"wp-block-media-text__media\"><img loading=\"lazy\" decoding=\"async\" width=\"852\" height=\"480\" src=\"https:\/\/macoco.fr\/elya\/wp-content\/uploads\/2019\/05\/1.jpg\" alt=\"\" class=\"wp-image-577\" srcset=\"https:\/\/macoco.fr\/elya\/wp-content\/uploads\/2019\/05\/1.jpg 852w, https:\/\/macoco.fr\/elya\/wp-content\/uploads\/2019\/05\/1-300x169.jpg 300w, https:\/\/macoco.fr\/elya\/wp-content\/uploads\/2019\/05\/1-768x433.jpg 768w\" sizes=\"auto, (max-width: 852px) 100vw, 852px\" \/><\/figure><div class=\"wp-block-media-text__content\">\n<h4 class=\"wp-block-heading\">S\u00e9curit\u00e9<\/h4>\n\n\n\n<p>A Elya la s\u00e9curit\u00e9 des citoyens est primordiale, notre but est que vous vous sentiez prot\u00e9ger dans toute la ville&#8230;<\/p>\n\n\n\n<div class=\"wp-block-button\"><a class=\"wp-block-button__link\" href=\".\/urbanisme-environnement\/securite\">&nbsp;En savoir plus&nbsp;<\/a><\/div>\n<\/div><\/div>\n\n\n\n<div style=\"height:100px\" aria-hidden=\"true\" class=\"wp-block-spacer\"><\/div>\n","protected":false},"excerpt":{"rendered":"","protected":false},"author":3,"featured_media":0,"parent":11,"menu_order":0,"comment_status":"closed","ping_status":"closed","template":"","meta":{"footnotes":""},"class_list":["post-33","page","type-page","status-publish","hentry"],"_links":{"self":[{"href":"https:\/\/macoco.fr\/elya\/wp-json\/wp\/v2\/pages\/33","targetHints":{"allow":["GET"]}}],"collection":[{"href":"https:\/\/macoco.fr\/elya\/wp-json\/wp\/v2\/pages"}],"about":[{"href":"https:\/\/macoco.fr\/elya\/wp-json\/wp\/v2\/types\/page"}],"author":[{"embeddable":true,"href":"https:\/\/macoco.fr\/elya\/wp-json\/wp\/v2\/users\/3"}],"replies":[{"embeddable":true,"href":"https:\/\/macoco.fr\/elya\/wp-json\/wp\/v2\/comments?post=33"}],"version-history":[{"count":13,"href":"https:\/\/macoco.fr\/elya\/wp-json\/wp\/v2\/pages\/33\/revisions"}],"predecessor-version":[{"id":587,"href":"https:\/\/macoco.fr\/elya\/wp-json\/wp\/v2\/pages\/33\/revisions\/587"}],"up":[{"embeddable":true,"href":"https:\/\/macoco.fr\/elya\/wp-json\/wp\/v2\/pages\/11"}],"wp:attachment":[{"href":"https:\/\/macoco.fr\/elya\/wp-json\/wp\/v2\/media?parent=33"}],"curies":[{"name":"wp","href":"https:\/\/api.w.org\/{rel}","templated":true}]}}