{"id":330,"date":"2019-05-13T13:07:09","date_gmt":"2019-05-13T11:07:09","guid":{"rendered":"https:\/\/macoco.fr\/elya\/?page_id=330"},"modified":"2019-05-21T21:45:28","modified_gmt":"2019-05-21T19:45:28","slug":"groupes-elementaires","status":"publish","type":"page","link":"https:\/\/macoco.fr\/elya\/groupes-elementaires\/","title":{"rendered":"Groupes \u00c9l\u00e9mentaires"},"content":{"rendered":"\n<h2 class=\"wp-block-heading\"> RASED <\/h2>\n\n\n\n<p>\n\nR\u00e9seau d&rsquo;Aide Sp\u00e9cialis\u00e9 \u00e0 l&rsquo;Enfance en Difficult\u00e9<br>Ecole El\u00e9mentaire Saint-Martin<br>T\u00e9l. : 01 64 93 44 87<\/p>\n\n\n\n<h4 class=\"wp-block-heading\">Ecole \u00e9l\u00e9mentaire Jules-Ferry<\/h4>\n\n\n\n<p><strong>Directeur:<\/strong>&nbsp;M. MOUGEOT Emmanuel<br>10 classes<br>19 rue des Ecoles<br>T\u00e9l. : 01 64 93 21 66<br>Site :&nbsp;<a href=\"http:\/\/www.ec-ferry-ballancourt.ac-versailles.fr\/\">http:\/\/www.ec-ferry-elya.ac-itla.fr\/<\/a><\/p>\n\n\n\n<h4 class=\"wp-block-heading\">Ecole \u00e9l\u00e9mentaire Saint-Martin<\/h4>\n\n\n\n<p><strong>Directrice :<\/strong>&nbsp;Mme LAROULANDIE<br>11 classes<br>12 rue Joseph-Louis Lesage&nbsp;<br>T\u00e9l. : 01 64 93 25 73<br>Site :&nbsp;<a href=\"http:\/\/www.ec-st-martin-ballancourt.ac-versailles.fr\/\">http:\/\/www.ec-st-martin-elya.ac-itla.fr<\/a><\/p>\n\n\n\n<div style=\"height:56px\" aria-hidden=\"true\" class=\"wp-block-spacer\"><\/div>\n","protected":false},"excerpt":{"rendered":"<p>RASED R\u00e9seau d&rsquo;Aide Sp\u00e9cialis\u00e9 \u00e0 l&rsquo;Enfance en Difficult\u00e9Ecole El\u00e9mentaire Saint-MartinT\u00e9l. : 01 64 93 44 87 Ecole \u00e9l\u00e9mentaire Jules-Ferry Directeur:&nbsp;M. MOUGEOT Emmanuel10 classes19 rue des EcolesT\u00e9l. : 01 64 93 21 66Site :&nbsp;http:\/\/www.ec-ferry-elya.ac-itla.fr\/ Ecole \u00e9l\u00e9mentaire Saint-Martin Directrice :&nbsp;Mme LAROULANDIE11 classes12 rue Joseph-Louis Lesage&nbsp;T\u00e9l. : 01 64 93 25 73Site :&nbsp;http:\/\/www.ec-st-martin-elya.ac-itla.fr<\/p>\n","protected":false},"author":4,"featured_media":0,"parent":0,"menu_order":0,"comment_status":"closed","ping_status":"closed","template":"","meta":{"footnotes":""},"class_list":["post-330","page","type-page","status-publish","hentry"],"_links":{"self":[{"href":"https:\/\/macoco.fr\/elya\/wp-json\/wp\/v2\/pages\/330","targetHints":{"allow":["GET"]}}],"collection":[{"href":"https:\/\/macoco.fr\/elya\/wp-json\/wp\/v2\/pages"}],"about":[{"href":"https:\/\/macoco.fr\/elya\/wp-json\/wp\/v2\/types\/page"}],"author":[{"embeddable":true,"href":"https:\/\/macoco.fr\/elya\/wp-json\/wp\/v2\/users\/4"}],"replies":[{"embeddable":true,"href":"https:\/\/macoco.fr\/elya\/wp-json\/wp\/v2\/comments?post=330"}],"version-history":[{"count":2,"href":"https:\/\/macoco.fr\/elya\/wp-json\/wp\/v2\/pages\/330\/revisions"}],"predecessor-version":[{"id":368,"href":"https:\/\/macoco.fr\/elya\/wp-json\/wp\/v2\/pages\/330\/revisions\/368"}],"wp:attachment":[{"href":"https:\/\/macoco.fr\/elya\/wp-json\/wp\/v2\/media?parent=330"}],"curies":[{"name":"wp","href":"https:\/\/api.w.org\/{rel}","templated":true}]}}