{"id":39,"date":"2019-04-18T16:36:15","date_gmt":"2019-04-18T14:36:15","guid":{"rendered":"https:\/\/macoco.fr\/elya\/?page_id=39"},"modified":"2019-05-23T11:49:59","modified_gmt":"2019-05-23T09:49:59","slug":"histoire","status":"publish","type":"page","link":"https:\/\/macoco.fr\/elya\/ma-ville\/decouvrir-la-ville\/histoire\/","title":{"rendered":"Histoire"},"content":{"rendered":"\n<h2 class=\"wp-block-heading\">Histoire d&rsquo;Elya<\/h2>\n\n\n\n<p> L&rsquo;\u00eele Elya\u00edo a \u00e9t\u00e9 d\u00e9couverte en 2039. Tout de suite, les personnes \u00e0 la t\u00eate des plus puissants lobbys souhait\u00e8rent cr\u00e9er une ville permettant de tout recommencer \u00e0 z\u00e9ro, de mani\u00e8re \u00e9cologique, durable et viable. Le projet plut tellement qu&rsquo;il fut financ\u00e9 \u00e0 5000% en \u00e0 peine 24h. Mieux que la reconstruction de la cath\u00e9drale de Notre-Dame en 2019 ou que la d\u00e9contamination du plomb \u00e0 la Maison Blanche en 2027 !<\/p>\n\n\n\n<p>Elya a \u00e9t\u00e9 ouverte en 2050, soit \u00e0 peine 11 ans apr\u00e8s le lancement du projet. L&rsquo;innovation \u00e9tant le ma\u00eetre mot de cette ville futuriste, beaucoup de moyens furent mis en place afin d&rsquo;am\u00e9liorer au mieux possible les conditions de vie des futurs habitants. L&rsquo;hyperloop, rest\u00e9 secret jusqu&rsquo;\u00e0 l&rsquo;ouverture de la ville, fut pens\u00e9 et cr\u00e9\u00e9 afin d&rsquo;\u00e9merveiller le monde entier sur les progr\u00e8s technologiques r\u00e9alis\u00e9s gr\u00e2ce au financement d&rsquo;Elya.<\/p>\n\n\n\n<p>Afin de garder tout impartialit\u00e9 politique, \u00e9conomique et militaire, il fut d\u00e9cid\u00e9 que l&rsquo;\u00eele Elya\u00edo serait un pays \u00e0 part enti\u00e8re, poss\u00e9dant ses propres lois, son r\u00e9gime et une ind\u00e9pendance \u00e9conomique. Cependant, le tourisme est tr\u00e8s pr\u00e9sent \u00e0 Elya, puisque nombreuses sont les personnes souhaitant voir de leurs yeux cette ville futuriste, se tenter \u00e0 l&rsquo;hyperloop et respirer l&rsquo;air le plus pur du monde. <\/p>\n\n\n\n<p>Certaines ruines datant probablement du Moyen-Age prouvent que notre soci\u00e9t\u00e9 n&rsquo;est pas la premi\u00e8re \u00e0 avoir investi l&rsquo;\u00eele. Cela reste un myst\u00e8re puisque nous n&rsquo;avions jusque l\u00e0 aucune trace de l&rsquo;existence d&rsquo;une vie sur cette \u00eele. De plus, en dehors de ces ruines, aucun artefact n&rsquo;a \u00e9t\u00e9 retrouv\u00e9. Ces ruines sont donc hautement prot\u00e9g\u00e9es mais tout \u00e0 fait autoris\u00e9es \u00e0 la visite.<\/p>\n\n\n\n<div style=\"height:54px\" aria-hidden=\"true\" class=\"wp-block-spacer\"><\/div>\n\n\n\n<h2 class=\"wp-block-heading\">Chiffres<\/h2>\n\n\n\n<figure class=\"wp-block-image\"><img loading=\"lazy\" decoding=\"async\" width=\"472\" height=\"351\" src=\"https:\/\/macoco.fr\/elya\/wp-content\/uploads\/2019\/05\/population.gif\" alt=\"\" class=\"wp-image-774\"\/><\/figure>\n","protected":false},"excerpt":{"rendered":"<p>Histoire d&rsquo;Elya L&rsquo;\u00eele Elya\u00edo a \u00e9t\u00e9 d\u00e9couverte en 2039. Tout de suite, les personnes \u00e0 la t\u00eate des plus puissants lobbys souhait\u00e8rent cr\u00e9er une ville permettant de tout recommencer \u00e0 z\u00e9ro, de mani\u00e8re \u00e9cologique, durable et viable. Le projet plut tellement qu&rsquo;il fut financ\u00e9 \u00e0 5000% en \u00e0 peine 24h. [&hellip;]<\/p>\n","protected":false},"author":3,"featured_media":0,"parent":23,"menu_order":0,"comment_status":"closed","ping_status":"closed","template":"","meta":{"footnotes":""},"class_list":["post-39","page","type-page","status-publish","hentry"],"_links":{"self":[{"href":"https:\/\/macoco.fr\/elya\/wp-json\/wp\/v2\/pages\/39","targetHints":{"allow":["GET"]}}],"collection":[{"href":"https:\/\/macoco.fr\/elya\/wp-json\/wp\/v2\/pages"}],"about":[{"href":"https:\/\/macoco.fr\/elya\/wp-json\/wp\/v2\/types\/page"}],"author":[{"embeddable":true,"href":"https:\/\/macoco.fr\/elya\/wp-json\/wp\/v2\/users\/3"}],"replies":[{"embeddable":true,"href":"https:\/\/macoco.fr\/elya\/wp-json\/wp\/v2\/comments?post=39"}],"version-history":[{"count":7,"href":"https:\/\/macoco.fr\/elya\/wp-json\/wp\/v2\/pages\/39\/revisions"}],"predecessor-version":[{"id":776,"href":"https:\/\/macoco.fr\/elya\/wp-json\/wp\/v2\/pages\/39\/revisions\/776"}],"up":[{"embeddable":true,"href":"https:\/\/macoco.fr\/elya\/wp-json\/wp\/v2\/pages\/23"}],"wp:attachment":[{"href":"https:\/\/macoco.fr\/elya\/wp-json\/wp\/v2\/media?parent=39"}],"curies":[{"name":"wp","href":"https:\/\/api.w.org\/{rel}","templated":true}]}}