{"id":51,"date":"2019-04-18T16:37:12","date_gmt":"2019-04-18T14:37:12","guid":{"rendered":"https:\/\/macoco.fr\/elya\/?page_id=51"},"modified":"2019-05-22T23:00:36","modified_gmt":"2019-05-22T21:00:36","slug":"patrimoine","status":"publish","type":"page","link":"https:\/\/macoco.fr\/elya\/ma-ville\/decouvrir-la-ville\/patrimoine\/","title":{"rendered":"Patrimoine"},"content":{"rendered":"\n<h2 class=\"wp-block-heading\">For\u00eat<\/h2>\n\n\n\n<p>La for\u00eat occupe presque tous les versants ainsi que les bordures de l&rsquo;\u00eele.  Les diff\u00e9rentes nautres de sols et le relief (bordure de plateau, versant, ravin, fond de vall\u00e9e) d\u00e9terminent l\u2019existence de 5 types forestiers : <\/p>\n\n\n\n<ul class=\"wp-block-list\"><li>la ch\u00eanaie sessiliflore-boulaie,<\/li><li>la ch\u00eanaie-charmaie \u00e0 Peuplier Tremble,<\/li><li>la ch\u00eanaie-fr\u00eanaie \u00e0 \u00c9rable Champ\u00e8tre,<\/li><li>la for\u00eat alluviale humide ou mar\u00e9cageuse,<\/li><li>la for\u00eat de ravin.<\/li><\/ul>\n\n\n\n<p>Pr\u00e8s de la moiti\u00e9 de la for\u00eat de l&rsquo;\u00eele Elya\u00edo, grande de 720 ha, est utilis\u00e9e en tant que ressource durable (replantation). L&rsquo;autre partie de la for\u00eat est pr\u00e9serv\u00e9e et valoris\u00e9e par l\u2019action de l\u2019ONF.<\/p>\n\n\n\n<div style=\"height:54px\" aria-hidden=\"true\" class=\"wp-block-spacer\"><\/div>\n\n\n\n<h2 class=\"wp-block-heading\">Parcs et jardins<\/h2>\n\n\n\n<p> Le parc forestier de la Mare Adam, les espaces verts entretenus par la ville, ainsi que de nombreux jardins privatifs, contribuent au patrimoine naturel d&rsquo;Elya.  <\/p>\n\n\n\n<p>De plus, la ville propose deux dispositifs pour celles et ceux qui ont \u00ab la main verte \u00bb et souhaiteraient jardiner : les jardins familiaux et le jardin partag\u00e9. En savoir plus sur la page <a href=\"https:\/\/macoco.fr\/elya\/ma-ville\/urbanisme-environnement\/environnement\">Environnement<\/a>.<\/p>\n\n\n\n<div style=\"height:54px\" aria-hidden=\"true\" class=\"wp-block-spacer\"><\/div>\n\n\n\n<h2 class=\"wp-block-heading\">Sculptures<\/h2>\n\n\n\n<p>D\u00e9couvrez les sculptures et fontaines qui agr\u00e9mentent la commune.<br><\/p>\n\n\n\n<div style=\"height:54px\" aria-hidden=\"true\" class=\"wp-block-spacer\"><\/div>\n\n\n\n<div class=\"wp-block-media-text alignwide has-white-background-color\" style=\"grid-template-columns:15% auto\"><figure class=\"wp-block-media-text__media\"><img loading=\"lazy\" decoding=\"async\" width=\"683\" height=\"1024\" src=\"https:\/\/macoco.fr\/elya\/wp-content\/uploads\/2019\/05\/Sculpture_Oiseau-683x1024.jpg\" alt=\"\" class=\"wp-image-640\" srcset=\"https:\/\/macoco.fr\/elya\/wp-content\/uploads\/2019\/05\/Sculpture_Oiseau-683x1024.jpg 683w, https:\/\/macoco.fr\/elya\/wp-content\/uploads\/2019\/05\/Sculpture_Oiseau-200x300.jpg 200w, https:\/\/macoco.fr\/elya\/wp-content\/uploads\/2019\/05\/Sculpture_Oiseau-768x1152.jpg 768w, https:\/\/macoco.fr\/elya\/wp-content\/uploads\/2019\/05\/Sculpture_Oiseau.jpg 800w\" sizes=\"auto, (max-width: 683px) 100vw, 683px\" \/><\/figure><div class=\"wp-block-media-text__content\">\n<p style=\"text-align:left\"><strong>L&rsquo;oiseau lyre<\/strong><\/p>\n\n\n\n<p style=\"text-align:left\">11 rue des oiseaux<\/p>\n<\/div><\/div>\n\n\n\n<div style=\"height:54px\" aria-hidden=\"true\" class=\"wp-block-spacer\"><\/div>\n\n\n\n<div class=\"wp-block-media-text alignwide has-white-background-color\" style=\"grid-template-columns:32% auto\"><figure class=\"wp-block-media-text__media\"><img loading=\"lazy\" decoding=\"async\" width=\"300\" height=\"200\" src=\"https:\/\/macoco.fr\/elya\/wp-content\/uploads\/2019\/05\/csm_Stele_Gaston_Audonnet_062b644bed.jpg\" alt=\"\" class=\"wp-image-645\"\/><\/figure><div class=\"wp-block-media-text__content\">\n<p style=\"text-align:left\"><strong>St\u00e8le des aventuriers<\/strong><\/p>\n\n\n\n<p style=\"text-align:left\">37 place sylvestre<\/p>\n<\/div><\/div>\n\n\n\n<div style=\"height:54px\" aria-hidden=\"true\" class=\"wp-block-spacer\"><\/div>\n\n\n\n<div class=\"wp-block-media-text alignwide has-white-background-color\" style=\"grid-template-columns:15% auto\"><figure class=\"wp-block-media-text__media\"><img loading=\"lazy\" decoding=\"async\" width=\"683\" height=\"1024\" src=\"https:\/\/macoco.fr\/elya\/wp-content\/uploads\/2019\/05\/Sculpture_Gracieuse-683x1024.jpg\" alt=\"\" class=\"wp-image-644\" srcset=\"https:\/\/macoco.fr\/elya\/wp-content\/uploads\/2019\/05\/Sculpture_Gracieuse-683x1024.jpg 683w, https:\/\/macoco.fr\/elya\/wp-content\/uploads\/2019\/05\/Sculpture_Gracieuse-200x300.jpg 200w, https:\/\/macoco.fr\/elya\/wp-content\/uploads\/2019\/05\/Sculpture_Gracieuse-768x1152.jpg 768w, https:\/\/macoco.fr\/elya\/wp-content\/uploads\/2019\/05\/Sculpture_Gracieuse.jpg 800w\" sizes=\"auto, (max-width: 683px) 100vw, 683px\" \/><\/figure><div class=\"wp-block-media-text__content\">\n<p><strong>Gracieuse<\/strong><\/p>\n\n\n\n<p>3 rue du pin<\/p>\n<\/div><\/div>\n\n\n\n<div style=\"height:54px\" aria-hidden=\"true\" class=\"wp-block-spacer\"><\/div>\n\n\n\n<div class=\"wp-block-media-text alignwide has-white-background-color\" style=\"grid-template-columns:33% auto\"><figure class=\"wp-block-media-text__media\"><img loading=\"lazy\" decoding=\"async\" width=\"300\" height=\"200\" src=\"https:\/\/macoco.fr\/elya\/wp-content\/uploads\/2019\/05\/csm_Fontaine_Rue_de_la_Source_ec9d86c654.jpg\" alt=\"\" class=\"wp-image-648\"\/><\/figure><div class=\"wp-block-media-text__content\">\n<p style=\"text-align:center\"><strong>Cascade cristaline<\/strong><\/p>\n\n\n\n<p style=\"text-align:center\">21 avenue du pic \u00e9peiche<\/p>\n<\/div><\/div>\n\n\n\n<div style=\"height:54px\" aria-hidden=\"true\" class=\"wp-block-spacer\"><\/div>\n\n\n\n<h2 class=\"wp-block-heading\">Monuments<\/h2>\n\n\n\n<div class=\"wp-block-media-text alignwide\" style=\"grid-template-columns:33% auto\"><figure class=\"wp-block-media-text__media\"><img loading=\"lazy\" decoding=\"async\" width=\"1024\" height=\"768\" src=\"https:\/\/macoco.fr\/elya\/wp-content\/uploads\/2019\/05\/5_0-Gite-patrimoine-Aveyron-Belcastel-01-1-1024x768.jpg\" alt=\"\" class=\"wp-image-666\" srcset=\"https:\/\/macoco.fr\/elya\/wp-content\/uploads\/2019\/05\/5_0-Gite-patrimoine-Aveyron-Belcastel-01-1-1024x768.jpg 1024w, https:\/\/macoco.fr\/elya\/wp-content\/uploads\/2019\/05\/5_0-Gite-patrimoine-Aveyron-Belcastel-01-1-300x225.jpg 300w, https:\/\/macoco.fr\/elya\/wp-content\/uploads\/2019\/05\/5_0-Gite-patrimoine-Aveyron-Belcastel-01-1-768x576.jpg 768w, https:\/\/macoco.fr\/elya\/wp-content\/uploads\/2019\/05\/5_0-Gite-patrimoine-Aveyron-Belcastel-01-1.jpg 1200w\" sizes=\"auto, (max-width: 1024px) 100vw, 1024px\" \/><\/figure><div class=\"wp-block-media-text__content\">\n<p><strong>Le bastion des Mille Ans<\/strong><\/p>\n\n\n\n<p>5 route des moulins<\/p>\n<\/div><\/div>\n\n\n\n<div style=\"height:54px\" aria-hidden=\"true\" class=\"wp-block-spacer\"><\/div>\n\n\n\n<div class=\"wp-block-media-text alignwide\" style=\"grid-template-columns:33% auto\"><figure class=\"wp-block-media-text__media\"><img loading=\"lazy\" decoding=\"async\" width=\"1024\" height=\"768\" src=\"https:\/\/macoco.fr\/elya\/wp-content\/uploads\/2019\/05\/Abbaye_Saint-Maurice_22_Ruines_du_fronton_de_de_l\u00e9glise_abbatiale_dans_leur_cadre_de_verdure-1024x768.jpg\" alt=\"\" class=\"wp-image-670\" srcset=\"https:\/\/macoco.fr\/elya\/wp-content\/uploads\/2019\/05\/Abbaye_Saint-Maurice_22_Ruines_du_fronton_de_de_l\u00e9glise_abbatiale_dans_leur_cadre_de_verdure-1024x768.jpg 1024w, https:\/\/macoco.fr\/elya\/wp-content\/uploads\/2019\/05\/Abbaye_Saint-Maurice_22_Ruines_du_fronton_de_de_l\u00e9glise_abbatiale_dans_leur_cadre_de_verdure-300x225.jpg 300w, https:\/\/macoco.fr\/elya\/wp-content\/uploads\/2019\/05\/Abbaye_Saint-Maurice_22_Ruines_du_fronton_de_de_l\u00e9glise_abbatiale_dans_leur_cadre_de_verdure-768x576.jpg 768w\" sizes=\"auto, (max-width: 1024px) 100vw, 1024px\" \/><\/figure><div class=\"wp-block-media-text__content\">\n<p><strong>L&rsquo;\u00c9glise Saint-Hubert<\/strong><\/p>\n\n\n\n<p>Au fond du parc Mil\u00e9ni<\/p>\n<\/div><\/div>\n\n\n\n<div style=\"height:54px\" aria-hidden=\"true\" class=\"wp-block-spacer\"><\/div>\n\n\n\n<p><\/p>\n","protected":false},"excerpt":{"rendered":"<p>For\u00eat La for\u00eat occupe presque tous les versants ainsi que les bordures de l&rsquo;\u00eele. Les diff\u00e9rentes nautres de sols et le relief (bordure de plateau, versant, ravin, fond de vall\u00e9e) d\u00e9terminent l\u2019existence de 5 types forestiers : la ch\u00eanaie sessiliflore-boulaie, la ch\u00eanaie-charmaie \u00e0 Peuplier Tremble, la ch\u00eanaie-fr\u00eanaie \u00e0 \u00c9rable Champ\u00e8tre, [&hellip;]<\/p>\n","protected":false},"author":3,"featured_media":0,"parent":23,"menu_order":0,"comment_status":"closed","ping_status":"closed","template":"","meta":{"footnotes":""},"class_list":["post-51","page","type-page","status-publish","hentry"],"_links":{"self":[{"href":"https:\/\/macoco.fr\/elya\/wp-json\/wp\/v2\/pages\/51","targetHints":{"allow":["GET"]}}],"collection":[{"href":"https:\/\/macoco.fr\/elya\/wp-json\/wp\/v2\/pages"}],"about":[{"href":"https:\/\/macoco.fr\/elya\/wp-json\/wp\/v2\/types\/page"}],"author":[{"embeddable":true,"href":"https:\/\/macoco.fr\/elya\/wp-json\/wp\/v2\/users\/3"}],"replies":[{"embeddable":true,"href":"https:\/\/macoco.fr\/elya\/wp-json\/wp\/v2\/comments?post=51"}],"version-history":[{"count":15,"href":"https:\/\/macoco.fr\/elya\/wp-json\/wp\/v2\/pages\/51\/revisions"}],"predecessor-version":[{"id":695,"href":"https:\/\/macoco.fr\/elya\/wp-json\/wp\/v2\/pages\/51\/revisions\/695"}],"up":[{"embeddable":true,"href":"https:\/\/macoco.fr\/elya\/wp-json\/wp\/v2\/pages\/23"}],"wp:attachment":[{"href":"https:\/\/macoco.fr\/elya\/wp-json\/wp\/v2\/media?parent=51"}],"curies":[{"name":"wp","href":"https:\/\/api.w.org\/{rel}","templated":true}]}}