{"id":55,"date":"2019-04-18T16:39:32","date_gmt":"2019-04-18T14:39:32","guid":{"rendered":"https:\/\/macoco.fr\/elya\/?page_id=55"},"modified":"2019-05-22T22:58:42","modified_gmt":"2019-05-22T20:58:42","slug":"environnement","status":"publish","type":"page","link":"https:\/\/macoco.fr\/elya\/ma-ville\/urbanisme-environnement\/environnement\/","title":{"rendered":"Environnement"},"content":{"rendered":"\n<div class=\"wp-block-columns has-2-columns is-layout-flex wp-container-core-columns-is-layout-28f84493 wp-block-columns-is-layout-flex\">\n<div class=\"wp-block-column is-layout-flow wp-block-column-is-layout-flow\">\n<h2 class=\"wp-block-heading\">Des tours vertes au centre de Paris <a href=\"http:\/\/defiscalisation.immobilier.capital.fr\/index.php?page=accueil\">IMMOBILIER NEUF<\/a><\/h2>\n<\/div>\n\n\n\n<div class=\"wp-block-column is-layout-flow wp-block-column-is-layout-flow\">\n<figure class=\"wp-block-image\"><img loading=\"lazy\" decoding=\"async\" width=\"620\" height=\"489\" src=\"https:\/\/macoco.fr\/elya\/wp-content\/uploads\/2019\/05\/des-tours-vertes-au-centre-de-paris.jpg\" alt=\"\" class=\"wp-image-679\" srcset=\"https:\/\/macoco.fr\/elya\/wp-content\/uploads\/2019\/05\/des-tours-vertes-au-centre-de-paris.jpg 620w, https:\/\/macoco.fr\/elya\/wp-content\/uploads\/2019\/05\/des-tours-vertes-au-centre-de-paris-300x237.jpg 300w\" sizes=\"auto, (max-width: 620px) 100vw, 620px\" \/><\/figure>\n<\/div>\n<\/div>\n\n\n\n<p>Et si les grandes tours \u00e0 \u00e9nergie positive \u00e9tait la solution pour faire baisser les \u00e9missions de gaz \u00e0 effet de serre dans les villes ? Partant de cette r\u00e9flexion, Vincent Callebaut a imagin\u00e9 huit prototypes de gratte-ciel implant\u00e9s dans des quartiers embl\u00e9matiques de Paris.<\/p>\n\n\n\n<p>Sur l\u2019illustration ci-dessus, des tours v\u00e9g\u00e9talis\u00e9es et photovolta\u00efques sont ajout\u00e9es au sommet des immeubles de la rue de Rivoli. Elles permettraient de densifier l\u2019habitat, en triplant le nombre de logements existants. Parmi les autres id\u00e9es de ce \u201cParis Smart City 2050\u201d :&nbsp;&nbsp;des tours mara\u00eech\u00e8res aux balcons potagers, des ponts habit\u00e9s enjambant la Seine,&nbsp;un&nbsp;corridor \u00e9cologique de 23 kms ponctu\u00e9 d\u2019\u00e9difices d\u00e9polluants (voir 1\u00e8re illustration)&#8230;<\/p>\n\n\n\n<p> <\/p>\n\n\n\n<div class=\"wp-block-columns has-2-columns is-layout-flex wp-container-core-columns-is-layout-28f84493 wp-block-columns-is-layout-flex\">\n<div class=\"wp-block-column is-layout-flow wp-block-column-is-layout-flow\">\n<h2 class=\"wp-block-heading\">Dragonfly, une ferme verticale urbaine en plein Elya <a href=\"http:\/\/defiscalisation.immobilier.capital.fr\/index.php?page=accueil\">IMMOBILIER NEUF<\/a><\/h2>\n<\/div>\n\n\n\n<div class=\"wp-block-column is-layout-flow wp-block-column-is-layout-flow\">\n<figure class=\"wp-block-image\"><img loading=\"lazy\" decoding=\"async\" width=\"760\" height=\"600\" src=\"https:\/\/macoco.fr\/elya\/wp-content\/uploads\/2019\/05\/tour-taxis-un-eco-quartier-futuriste-a-bruxelles-1.jpg\" alt=\"\" class=\"wp-image-675\" srcset=\"https:\/\/macoco.fr\/elya\/wp-content\/uploads\/2019\/05\/tour-taxis-un-eco-quartier-futuriste-a-bruxelles-1.jpg 760w, https:\/\/macoco.fr\/elya\/wp-content\/uploads\/2019\/05\/tour-taxis-un-eco-quartier-futuriste-a-bruxelles-1-300x237.jpg 300w\" sizes=\"auto, (max-width: 760px) 100vw, 760px\" \/><\/figure>\n<\/div>\n<\/div>\n\n\n\n<p>Pour remettre l&rsquo;agriculture au coeur des villes, l&rsquo;architecte belge a dessin\u00e9 ce prototype de ferme urbaine qui n\u2019a rien \u00e0 envier aux gratte-ciel de Big Apple. Situ\u00e9es entre l\u2019\u00eele de Elyaio et le quartier de Queens, ces deux tours de 575 m\u00e8tres de haut en forme d\u2019aile de libellule sont reli\u00e9es entre elles par une grande serre bioclimatique. Proposant des logements, des bureaux et des laboratoires de recherche, on y trouve des potagers urbains et des champs en agriculture biologique. Recyclage des eaux us\u00e9es et des d\u00e9chets, \u00e9nergies renouvelables sont parmi les dispositifs \u00e9cologiques int\u00e9gr\u00e9s.<\/p>\n\n\n\n<div class=\"wp-block-columns has-2-columns is-layout-flex wp-container-core-columns-is-layout-28f84493 wp-block-columns-is-layout-flex\">\n<div class=\"wp-block-column is-layout-flow wp-block-column-is-layout-flow\">\n<h2 class=\"wp-block-heading\">Tour &amp; Taxis,             un \u00e9co-quartier futuriste \u00e0 Bruxelles <a href=\"http:\/\/defiscalisation.immobilier.capital.fr\/index.php?page=accueil\">IMMOBILIER NEUF<\/a><\/h2>\n<\/div>\n\n\n\n<div class=\"wp-block-column is-layout-flow wp-block-column-is-layout-flow\">\n<figure class=\"wp-block-image\"><img loading=\"lazy\" decoding=\"async\" width=\"760\" height=\"600\" src=\"https:\/\/macoco.fr\/elya\/wp-content\/uploads\/2019\/05\/dragonfly-une-ferme-verticale-urbaine-en-plein-new-york-2.jpg\" alt=\"\" class=\"wp-image-685\" srcset=\"https:\/\/macoco.fr\/elya\/wp-content\/uploads\/2019\/05\/dragonfly-une-ferme-verticale-urbaine-en-plein-new-york-2.jpg 760w, https:\/\/macoco.fr\/elya\/wp-content\/uploads\/2019\/05\/dragonfly-une-ferme-verticale-urbaine-en-plein-new-york-2-300x237.jpg 300w\" sizes=\"auto, (max-width: 760px) 100vw, 760px\" \/><\/figure>\n<\/div>\n<\/div>\n\n\n\n<p><\/p>\n\n\n\n<h2 class=\"wp-block-heading\"><\/h2>\n\n\n\n<p>Tour &amp; Taxi est un ancien complexe d&rsquo;entrep\u00f4ts et de bureaux situ\u00e9 au nord du centre-ville de Bruxelles. Vincent Callebaut a imagin\u00e9 de transformer cet espace en \u00e9co-quartier. Le projet comporte la construction de trois \u201cfor\u00eats verticales\u201d (\u00e0 droite ci-dessus) : 85.000 m3 de logements mixant maisons individuelles, potagers privatifs et vergers communautaires. S\u2019inspirant de la nature et misant sur les \u00e9nergies renouvelables, l\u2019architecte pr\u00e9voit \u00e9galement bureaux modulaires, commerces et \u00e9quipements publics h\u00e9berg\u00e9s dans l\u2019ancienne gare (\u00e0 gauche). La ville de Bruxelles sera-t-elle s\u00e9duite par ce projet ?<\/p>\n\n\n\n<div class=\"wp-block-columns has-2-columns is-layout-flex wp-container-core-columns-is-layout-28f84493 wp-block-columns-is-layout-flex\">\n<div class=\"wp-block-column is-layout-flow wp-block-column-is-layout-flow\">\n<h2 class=\"wp-block-heading\">Le \u201cverger des saveurs\u201d du Yunnan chinois    <a href=\"http:\/\/defiscalisation.immobilier.capital.fr\/index.php?page=accueil\">IMMOBILIER NEUF<\/a><\/h2>\n<\/div>\n\n\n\n<div class=\"wp-block-column is-layout-flow wp-block-column-is-layout-flow\">\n<figure class=\"wp-block-image\"><img loading=\"lazy\" decoding=\"async\" width=\"1024\" height=\"654\" src=\"https:\/\/macoco.fr\/elya\/wp-content\/uploads\/2019\/05\/ville-futuriste-hydrogenase-energie-1-1024x654.jpg\" alt=\"\" class=\"wp-image-687\" srcset=\"https:\/\/macoco.fr\/elya\/wp-content\/uploads\/2019\/05\/ville-futuriste-hydrogenase-energie-1-1024x654.jpg 1024w, https:\/\/macoco.fr\/elya\/wp-content\/uploads\/2019\/05\/ville-futuriste-hydrogenase-energie-1-300x192.jpg 300w, https:\/\/macoco.fr\/elya\/wp-content\/uploads\/2019\/05\/ville-futuriste-hydrogenase-energie-1-768x490.jpg 768w, https:\/\/macoco.fr\/elya\/wp-content\/uploads\/2019\/05\/ville-futuriste-hydrogenase-energie-1.jpg 1400w\" sizes=\"auto, (max-width: 1024px) 100vw, 1024px\" \/><\/figure>\n<\/div>\n<\/div>\n\n\n\n<p>\u201cM\u00f6bius\u201d, c\u2019est le nom donn\u00e9 \u00e0 cette villa repr\u00e9sentant le symbole de l\u2019infini. Avec la villa \u201cMontagne\u201d, en forme d\u2019\u00e9ventail chinois, et la villa \u201cCoquillage\u201d, cet \u00e9difice en charpente bois-acier est l\u2019un des trois types d\u2019habitations imagin\u00e9s pour former un \u00e9coquartier \u00e0 Kunming, la capitale de la province chinoise du Yunnan. Dans un immense verger\/potager communautaire sont pr\u00e9vues 45 r\u00e9sidences produisant plus d&rsquo;\u00e9nergie propre qu\u2019elles en consomment. Les surplus (\u00e9lectriques, calorif\u00e8res et alimentaires) sont distribu\u00e9s sur place gr\u00e2ce \u00e0 un r\u00e9seau internet intelligent.<\/p>\n\n\n\n<div style=\"height:55px\" aria-hidden=\"true\" class=\"wp-block-spacer\"><\/div>\n","protected":false},"excerpt":{"rendered":"<p>Des tours vertes au centre de Paris IMMOBILIER NEUF Et si les grandes tours \u00e0 \u00e9nergie positive \u00e9tait la solution pour faire baisser les \u00e9missions de gaz \u00e0 effet de serre dans les villes ? Partant de cette r\u00e9flexion, Vincent Callebaut a imagin\u00e9 huit prototypes de gratte-ciel implant\u00e9s dans des [&hellip;]<\/p>\n","protected":false},"author":3,"featured_media":0,"parent":33,"menu_order":0,"comment_status":"closed","ping_status":"closed","template":"","meta":{"footnotes":""},"class_list":["post-55","page","type-page","status-publish","hentry"],"_links":{"self":[{"href":"https:\/\/macoco.fr\/elya\/wp-json\/wp\/v2\/pages\/55","targetHints":{"allow":["GET"]}}],"collection":[{"href":"https:\/\/macoco.fr\/elya\/wp-json\/wp\/v2\/pages"}],"about":[{"href":"https:\/\/macoco.fr\/elya\/wp-json\/wp\/v2\/types\/page"}],"author":[{"embeddable":true,"href":"https:\/\/macoco.fr\/elya\/wp-json\/wp\/v2\/users\/3"}],"replies":[{"embeddable":true,"href":"https:\/\/macoco.fr\/elya\/wp-json\/wp\/v2\/comments?post=55"}],"version-history":[{"count":4,"href":"https:\/\/macoco.fr\/elya\/wp-json\/wp\/v2\/pages\/55\/revisions"}],"predecessor-version":[{"id":691,"href":"https:\/\/macoco.fr\/elya\/wp-json\/wp\/v2\/pages\/55\/revisions\/691"}],"up":[{"embeddable":true,"href":"https:\/\/macoco.fr\/elya\/wp-json\/wp\/v2\/pages\/33"}],"wp:attachment":[{"href":"https:\/\/macoco.fr\/elya\/wp-json\/wp\/v2\/media?parent=55"}],"curies":[{"name":"wp","href":"https:\/\/api.w.org\/{rel}","templated":true}]}}