{"id":57,"date":"2019-04-18T16:39:58","date_gmt":"2019-04-18T14:39:58","guid":{"rendered":"https:\/\/macoco.fr\/elya\/?page_id=57"},"modified":"2019-05-21T23:15:20","modified_gmt":"2019-05-21T21:15:20","slug":"tourisme","status":"publish","type":"page","link":"https:\/\/macoco.fr\/elya\/accueil\/activites\/tourisme\/","title":{"rendered":"Tourisme"},"content":{"rendered":"\n<div class=\"wp-block-image\"><figure class=\"aligncenter is-resized\"><img loading=\"lazy\" decoding=\"async\" src=\"https:\/\/macoco.fr\/elya\/wp-content\/uploads\/2019\/05\/architecture-futuriste-5.jpg\" alt=\"\" class=\"wp-image-404\" width=\"607\" height=\"471\" srcset=\"https:\/\/macoco.fr\/elya\/wp-content\/uploads\/2019\/05\/architecture-futuriste-5.jpg 600w, https:\/\/macoco.fr\/elya\/wp-content\/uploads\/2019\/05\/architecture-futuriste-5-300x233.jpg 300w\" sizes=\"auto, (max-width: 607px) 100vw, 607px\" \/><\/figure><\/div>\n\n\n\n<p><strong>L&rsquo;Office de Tourisme d&rsquo;Elya<\/strong><br>60 Avenue de l&rsquo;H\u00f4tel-de-Ville, 91150 Elya.                                                                                                                                            T\u00e9l. : 01 69 92 69 00\u00a0                                                                                                                                                                            <a href=\"http:\/\/QSD\">office-tourisme@elya.fr<\/a><\/p>\n\n\n\n<div style=\"height:20px\" aria-hidden=\"true\" class=\"wp-block-spacer\"><\/div>\n\n\n\n<h5 class=\"wp-block-heading\">HORAIRES<\/h5>\n\n\n\n<p><strong>Du 01\/11 au 31\/03 :<\/strong>&nbsp;Ferm\u00e9 le dimanche et le lundi.<br>Du mardi au vendredi de 9 h \u00e0 12 h et de 14 h \u00e0 17 h. Le samedi : de 9 h \u00e0 17 h.<\/p>\n\n\n\n<p><strong>Du 01\/04 au 31\/10 :<\/strong>\u00a0Ferm\u00e9 le dimanche matin et le lundi.<br>Du mardi au vendredi de 9 h \u00e0 12 h et de 14 h \u00e0 18 h. Le samedi : de 9 h \u00e0 18 h. Le dimanche : de 14 h \u00e0 17 h.<\/p>\n\n\n\n<div style=\"height:20px\" aria-hidden=\"true\" class=\"wp-block-spacer\"><\/div>\n\n\n\n<h5 class=\"wp-block-heading\">VISITES GUID\u00c9ES EN INDIVIDUEL<\/h5>\n\n\n\n<p>Les visites durent en moyenne 1 h 30. Il vous est conseill\u00e9 de vous inscrire au pr\u00e9alable \u00e0 l&rsquo;accueil du Tourisme, H\u00f4tel Anne-de-Pisseleu. Les coordonn\u00e9es sont en bas de page.<\/p>\n\n\n\n<p><strong>Tarifs<\/strong><br>Plein : 5 euros. R\u00e9duit : 2,50 euros (\u00e9tudiants, enseignants, ch\u00f4meurs, s\u00e9niors). Gratuit pour les moins de 12 ans. R\u00e9servation conseill\u00e9e.<\/p>\n\n\n\n<div style=\"height:20px\" aria-hidden=\"true\" class=\"wp-block-spacer\"><\/div>\n\n\n\n<h5 class=\"wp-block-heading\">VISITES GUID\u00c9ES EN GROUPE<\/h5>\n\n\n\n<p>Les visites de groupes se font sur&nbsp;demande et durent en moyenne 1 h 30. L&rsquo;inscription se fait au pr\u00e9alable aupr\u00e8s du service du Tourisme, H\u00f4tel Anne-de-Pisseleu.<\/p>\n\n\n\n<p><strong>Tarifs<\/strong><br>Plein : 55 euros par groupe et pour une visite. Forfait : 85 euros au del\u00e0 de 2 h de visite. R\u00e9servation indispensable.<\/p>\n\n\n\n<div style=\"height:20px\" aria-hidden=\"true\" class=\"wp-block-spacer\"><\/div>\n\n\n\n<p><strong>Plusieurs circuits sont possibles<\/strong><br>> Promenade dans le futur\u00a0\u00a0\u00a0\u00a0\u00a0<br>> Fl\u00e2nerie dans les jardins suspendus\u00a0<br>> Les Temps Modernes, Voyage au c\u0153ur du XXIe si\u00e8cle.\u00a0<br>> Au fil de l&rsquo;eau.\u00a0<br>> Balade au fil des quartiers.\u00a0<br>> Musardez au Mus\u00e9e.<br>Etc.<\/p>\n\n\n\n<div style=\"height:100px\" aria-hidden=\"true\" class=\"wp-block-spacer\"><\/div>\n","protected":false},"excerpt":{"rendered":"<p>L&rsquo;Office de Tourisme d&rsquo;Elya60 Avenue de l&rsquo;H\u00f4tel-de-Ville, 91150 Elya. T\u00e9l. : 01 69 92 69 00\u00a0 office-tourisme@elya.fr HORAIRES Du 01\/11 au 31\/03 :&nbsp;Ferm\u00e9 le dimanche et le lundi.Du mardi au vendredi de 9 h \u00e0 12 h et de 14 h \u00e0 17 h. Le samedi : de 9 h [&hellip;]<\/p>\n","protected":false},"author":2,"featured_media":0,"parent":9,"menu_order":0,"comment_status":"closed","ping_status":"closed","template":"","meta":{"footnotes":""},"class_list":["post-57","page","type-page","status-publish","hentry"],"_links":{"self":[{"href":"https:\/\/macoco.fr\/elya\/wp-json\/wp\/v2\/pages\/57","targetHints":{"allow":["GET"]}}],"collection":[{"href":"https:\/\/macoco.fr\/elya\/wp-json\/wp\/v2\/pages"}],"about":[{"href":"https:\/\/macoco.fr\/elya\/wp-json\/wp\/v2\/types\/page"}],"author":[{"embeddable":true,"href":"https:\/\/macoco.fr\/elya\/wp-json\/wp\/v2\/users\/2"}],"replies":[{"embeddable":true,"href":"https:\/\/macoco.fr\/elya\/wp-json\/wp\/v2\/comments?post=57"}],"version-history":[{"count":9,"href":"https:\/\/macoco.fr\/elya\/wp-json\/wp\/v2\/pages\/57\/revisions"}],"predecessor-version":[{"id":449,"href":"https:\/\/macoco.fr\/elya\/wp-json\/wp\/v2\/pages\/57\/revisions\/449"}],"up":[{"embeddable":true,"href":"https:\/\/macoco.fr\/elya\/wp-json\/wp\/v2\/pages\/9"}],"wp:attachment":[{"href":"https:\/\/macoco.fr\/elya\/wp-json\/wp\/v2\/media?parent=57"}],"curies":[{"name":"wp","href":"https:\/\/api.w.org\/{rel}","templated":true}]}}