{"id":62,"date":"2019-04-18T16:40:46","date_gmt":"2019-04-18T14:40:46","guid":{"rendered":"https:\/\/macoco.fr\/elya\/?page_id=62"},"modified":"2019-05-22T23:09:25","modified_gmt":"2019-05-22T21:09:25","slug":"sport","status":"publish","type":"page","link":"https:\/\/macoco.fr\/elya\/accueil\/activites\/sport\/","title":{"rendered":"Sport"},"content":{"rendered":"\n<div class=\"wp-block-media-text alignwide has-media-on-the-right\" style=\"grid-template-columns:auto 44%\"><figure class=\"wp-block-media-text__media\"><img loading=\"lazy\" decoding=\"async\" width=\"1024\" height=\"683\" src=\"https:\/\/macoco.fr\/elya\/wp-content\/uploads\/2019\/05\/court-prather-663692-unsplash-1024x683.jpg\" alt=\"\" class=\"wp-image-383\" srcset=\"https:\/\/macoco.fr\/elya\/wp-content\/uploads\/2019\/05\/court-prather-663692-unsplash-1024x683.jpg 1024w, https:\/\/macoco.fr\/elya\/wp-content\/uploads\/2019\/05\/court-prather-663692-unsplash-300x200.jpg 300w, https:\/\/macoco.fr\/elya\/wp-content\/uploads\/2019\/05\/court-prather-663692-unsplash-768x512.jpg 768w, https:\/\/macoco.fr\/elya\/wp-content\/uploads\/2019\/05\/court-prather-663692-unsplash-360x240.jpg 360w\" sizes=\"auto, (max-width: 1024px) 100vw, 1024px\" \/><\/figure><div class=\"wp-block-media-text__content\">\n<h4 class=\"wp-block-heading\">TERRAIN DE GOLF<\/h4>\n\n\n\n<h6 class=\"wp-block-heading\">Parcours :<\/h6>\n\n\n\n<ul class=\"wp-block-list\"><li>18 trous \u2013 6 combinaisons possibles de 18 trous&nbsp; proposant ainsi des trous vari\u00e9s tout au long de l\u2019ann\u00e9e.<\/li><li>9 trous : 4 fois 9 trous, parcours Vert\/Orange\/Noir\/Lilas.<\/li><\/ul>\n\n\n\n<h6 class=\"wp-block-heading\">Zone d\u2019entrainement :<\/h6>\n\n\n\n<ul class=\"wp-block-list\"><li>Un magnifique practice de 60 postes, dont 12 couverts et \u00e9quip\u00e9s. Un practice sur herbe ouvert tout au long de l\u2019ann\u00e9e.<\/li><li>2 putting greens d\u2019une surface totale de 2500 m\u00b2.<\/li><li>Un bunker de plus de 15 m\u00e8tres de long o\u00f9 vous trouverez toutes les positions possibles (balle au-dessus, balle en dessous des pieds, \u2026)<\/li><li>Les aires de d\u00e9parts ainsi que le green sont en synth\u00e9tique.<\/li><\/ul>\n\n\n\n<p class=\"has-small-font-size\"><a href=\"http:\/\/0\">EN SAVOIR PLUS<\/a><\/p>\n<\/div><\/div>\n\n\n\n<div style=\"height:61px\" aria-hidden=\"true\" class=\"wp-block-spacer\"><\/div>\n\n\n\n<div class=\"wp-block-media-text alignwide has-media-on-the-right\" style=\"grid-template-columns:auto 44%\"><figure class=\"wp-block-media-text__media\"><img loading=\"lazy\" decoding=\"async\" width=\"1024\" height=\"550\" src=\"https:\/\/macoco.fr\/elya\/wp-content\/uploads\/2019\/05\/f69_francheville_centre_aquatique_aquavert_MOE_-_ATELIER_ARCOS_ARCHITECTURE_-_Moon-safari_Asaghost_0-1024x550.jpg\" alt=\"\" class=\"wp-image-557\" srcset=\"https:\/\/macoco.fr\/elya\/wp-content\/uploads\/2019\/05\/f69_francheville_centre_aquatique_aquavert_MOE_-_ATELIER_ARCOS_ARCHITECTURE_-_Moon-safari_Asaghost_0-1024x550.jpg 1024w, https:\/\/macoco.fr\/elya\/wp-content\/uploads\/2019\/05\/f69_francheville_centre_aquatique_aquavert_MOE_-_ATELIER_ARCOS_ARCHITECTURE_-_Moon-safari_Asaghost_0-300x161.jpg 300w, https:\/\/macoco.fr\/elya\/wp-content\/uploads\/2019\/05\/f69_francheville_centre_aquatique_aquavert_MOE_-_ATELIER_ARCOS_ARCHITECTURE_-_Moon-safari_Asaghost_0-768x412.jpg 768w, https:\/\/macoco.fr\/elya\/wp-content\/uploads\/2019\/05\/f69_francheville_centre_aquatique_aquavert_MOE_-_ATELIER_ARCOS_ARCHITECTURE_-_Moon-safari_Asaghost_0.jpg 1200w\" sizes=\"auto, (max-width: 1024px) 100vw, 1024px\" \/><\/figure><div class=\"wp-block-media-text__content\">\n<h4 class=\"wp-block-heading\">PISCINES<\/h4>\n\n\n\n<p>Chaque quartier d&rsquo;Elya dispose d&rsquo;une piscine ouverte au public, vous pouvez consulter les horaire d&rsquo;ouverture sur notre site ci-dessous.<\/p>\n<\/div><\/div>\n\n\n\n<div style=\"height:42px\" aria-hidden=\"true\" class=\"wp-block-spacer\"><\/div>\n\n\n\n<table class=\"wp-block-table has-subtle-pale-green-background-color has-background is-style-stripes\"><tbody><tr><td><strong>Nom<\/strong><\/td><td><strong>Lundi<\/strong><\/td><td><strong>Mardi<\/strong><\/td><td><strong>Mercredi<\/strong><\/td><td><strong>Jeudi<\/strong><\/td><td><strong>Vendredi<\/strong><\/td><td><strong>Samedi<\/strong><\/td><td><strong>Dimanche<\/strong><\/td><td><strong>Site<\/strong><\/td><\/tr><tr><td>Piscine Saint-Germain  <\/td><td>10:30 <br>\u00e0 18:00<\/td><td>10:30 \u00e0 13:30<br>17:15 \u00e0 21:30<\/td><td>10:30 <br>\u00e0 18:00<\/td><td>09:30 <br>\u00e0 18:00<\/td><td>09:30 <br>\u00e0 18:00<\/td><td>09:00 <br>\u00e0 13:30<\/td><td>10:30 \u00e0 13:30<br>17:15 \u00e0 20:15<\/td><td><a href=\".\">voir<\/a><\/td><\/tr><tr><td>Piscine Gilbert Graux <\/td><td>8:30<br>\u00e0 18:30<\/td><td>8:00 \u00e0 13:30<br>17:15 \u00e0 22:00<\/td><td>8:30<br>\u00e0 18:30<\/td><td>8:30 <br>\u00e0 18:30 <\/td><td>8:30 <br>\u00e0 18:30 <\/td><td>09:00 <br>\u00e0 13:30 <\/td><td>11:30 \u00e0 13:30<br>17:15 \u00e0 20:15 <\/td><td><a href=\".\">voir<\/a><\/td><\/tr><tr><td>Piscine Saint-Jean   <\/td><td>10:30 <br>\u00e0 18:00 <\/td><td>10:30 \u00e0 13:30<br>17:15 \u00e0 21:30 <\/td><td>10:30 <br>\u00e0 18:00 <\/td><td>09:30 <br>\u00e0 18:00 <\/td><td>09:30 <br>\u00e0 18:00 <\/td><td>09:00 <br>\u00e0 14:00 <\/td><td>11:30 \u00e0 13:30<br>17:15 \u00e0 20:15  <\/td><td><a href=\"http:\/\/0\">voir<\/a><\/td><\/tr><tr><td>Piscine Jean Reno<\/td><td>8:30<br>\u00e0 18:30 <\/td><td>8:30 \u00e0 12:30<br>14:30 \u00e0 18:30 <\/td><td>8:30<br>\u00e0 18:30 <\/td><td>8:30<br>\u00e0 18:30 <\/td><td>8:30<br>\u00e0 18:30 <\/td><td>10:30<br>\u00e0 18:30 <\/td><td>10:30 \u00e0 13:30<br>15:30 \u00e0 18:30 <\/td><td><a href=\"http:\/\/0\">voir<\/a><\/td><\/tr><\/tbody><\/table>\n\n\n\n<div style=\"height:78px\" aria-hidden=\"true\" class=\"wp-block-spacer\"><\/div>\n\n\n\n<div class=\"wp-block-media-text alignwide has-media-on-the-right\"><figure class=\"wp-block-media-text__media\"><img loading=\"lazy\" decoding=\"async\" width=\"920\" height=\"494\" src=\"https:\/\/macoco.fr\/elya\/wp-content\/uploads\/2019\/05\/singapoor-sports-hub.920.500.s.jpg\" alt=\"\" class=\"wp-image-531\" srcset=\"https:\/\/macoco.fr\/elya\/wp-content\/uploads\/2019\/05\/singapoor-sports-hub.920.500.s.jpg 920w, https:\/\/macoco.fr\/elya\/wp-content\/uploads\/2019\/05\/singapoor-sports-hub.920.500.s-300x161.jpg 300w, https:\/\/macoco.fr\/elya\/wp-content\/uploads\/2019\/05\/singapoor-sports-hub.920.500.s-768x412.jpg 768w\" sizes=\"auto, (max-width: 920px) 100vw, 920px\" \/><\/figure><div class=\"wp-block-media-text__content\">\n<h4 class=\"wp-block-heading\">CENTRE SPORTIF<\/h4>\n\n\n\n<p> Situ\u00e9 sur un superbe site riverain de 35 hectares, le Sports Hub, con\u00e7u par dp architects, dispose d\u2019un stade magnifique, couronn\u00e9 par un d\u00f4me en forme de demi-ballon rond. <\/p>\n\n\n\n<p> Intitul\u00e9 Vision 2070, celui-ci vise \u00e0 promouvoir une soci\u00e9t\u00e9 plus saine et plus active \u00e0 tous les niveaux. En offrant des espaces de premier ordre, consacr\u00e9s aux grands \u00e9v\u00e9nements sportifs, et en accueillant le public au sein de ces volumes luxueusement am\u00e9nag\u00e9s, le complexe est devenu une attraction de classe internationale.<\/p>\n\n\n\n<p class=\"has-small-font-size\"><a href=\"http:\/\/0\">EN SAVOIR PLUS<\/a><\/p>\n<\/div><\/div>\n\n\n\n<div style=\"height:46px\" aria-hidden=\"true\" class=\"wp-block-spacer\"><\/div>\n\n\n\n<div class=\"wp-block-media-text alignwide has-media-on-the-right\" style=\"grid-template-columns:auto 44%\"><figure class=\"wp-block-media-text__media\"><img decoding=\"async\" src=\"http:\/\/www.saintmartindabbat.fr\/medias\/sites\/4\/2016\/12\/sport.jpg\" alt=\"\"\/><\/figure><div class=\"wp-block-media-text__content\">\n<h4 class=\"wp-block-heading\">CLUBS SPORTIFS<\/h4>\n\n\n\n<p><strong><strong>Basket, tennis, football&#8230; Vous souhaitez vous inscrire au sein d&rsquo;un club, d&rsquo;une association&#8230; Faites votre choix dans le&nbsp;<a href=\"http:\/\/www.mairie-etampes.fr\/pdf_guide_associations.pdf\">Guide des associations,<\/a>&nbsp;remis \u00e0 jour chaque ann\u00e9e.<\/strong><\/strong><\/p>\n<\/div><\/div>\n\n\n\n<div style=\"height:100px\" aria-hidden=\"true\" class=\"wp-block-spacer\"><\/div>\n","protected":false},"excerpt":{"rendered":"<p>TERRAIN DE GOLF Parcours : 18 trous \u2013 6 combinaisons possibles de 18 trous&nbsp; proposant ainsi des trous vari\u00e9s tout au long de l\u2019ann\u00e9e. 9 trous : 4 fois 9 trous, parcours Vert\/Orange\/Noir\/Lilas. Zone d\u2019entrainement : Un magnifique practice de 60 postes, dont 12 couverts et \u00e9quip\u00e9s. Un practice sur [&hellip;]<\/p>\n","protected":false},"author":2,"featured_media":0,"parent":9,"menu_order":0,"comment_status":"closed","ping_status":"closed","template":"","meta":{"footnotes":""},"class_list":["post-62","page","type-page","status-publish","hentry"],"_links":{"self":[{"href":"https:\/\/macoco.fr\/elya\/wp-json\/wp\/v2\/pages\/62","targetHints":{"allow":["GET"]}}],"collection":[{"href":"https:\/\/macoco.fr\/elya\/wp-json\/wp\/v2\/pages"}],"about":[{"href":"https:\/\/macoco.fr\/elya\/wp-json\/wp\/v2\/types\/page"}],"author":[{"embeddable":true,"href":"https:\/\/macoco.fr\/elya\/wp-json\/wp\/v2\/users\/2"}],"replies":[{"embeddable":true,"href":"https:\/\/macoco.fr\/elya\/wp-json\/wp\/v2\/comments?post=62"}],"version-history":[{"count":40,"href":"https:\/\/macoco.fr\/elya\/wp-json\/wp\/v2\/pages\/62\/revisions"}],"predecessor-version":[{"id":700,"href":"https:\/\/macoco.fr\/elya\/wp-json\/wp\/v2\/pages\/62\/revisions\/700"}],"up":[{"embeddable":true,"href":"https:\/\/macoco.fr\/elya\/wp-json\/wp\/v2\/pages\/9"}],"wp:attachment":[{"href":"https:\/\/macoco.fr\/elya\/wp-json\/wp\/v2\/media?parent=62"}],"curies":[{"name":"wp","href":"https:\/\/api.w.org\/{rel}","templated":true}]}}