{"id":66,"date":"2019-04-18T16:43:46","date_gmt":"2019-04-18T14:43:46","guid":{"rendered":"https:\/\/macoco.fr\/elya\/?page_id=66"},"modified":"2019-05-22T12:37:41","modified_gmt":"2019-05-22T10:37:41","slug":"artistique","status":"publish","type":"page","link":"https:\/\/macoco.fr\/elya\/accueil\/activites\/artistique\/","title":{"rendered":"Artistique"},"content":{"rendered":"\n<figure class=\"wp-block-image\"><img loading=\"lazy\" decoding=\"async\" width=\"1024\" height=\"683\" src=\"https:\/\/macoco.fr\/elya\/wp-content\/uploads\/2019\/05\/yannis-papanastasopoulos-586848-unsplash-1-1024x683.jpg\" alt=\"\" class=\"wp-image-376\" srcset=\"https:\/\/macoco.fr\/elya\/wp-content\/uploads\/2019\/05\/yannis-papanastasopoulos-586848-unsplash-1-1024x683.jpg 1024w, https:\/\/macoco.fr\/elya\/wp-content\/uploads\/2019\/05\/yannis-papanastasopoulos-586848-unsplash-1-300x200.jpg 300w, https:\/\/macoco.fr\/elya\/wp-content\/uploads\/2019\/05\/yannis-papanastasopoulos-586848-unsplash-1-768x512.jpg 768w, https:\/\/macoco.fr\/elya\/wp-content\/uploads\/2019\/05\/yannis-papanastasopoulos-586848-unsplash-1-360x240.jpg 360w\" sizes=\"auto, (max-width: 1024px) 100vw, 1024px\" \/><\/figure>\n\n\n\n<h4 class=\"wp-block-heading\">LES COURS DES ATELIERS DES BEAUX-ARTS<\/h4>\n\n\n\n<p>Destin\u00e9s aux personnes \u00e2g\u00e9es de 18 ans et plus, les 85 Ateliers Beaux-Arts vous proposent des cours de dessin, peinture, gravure, lithographie, sculpture, modelage, taille directe, morphologie, photographie, atelier 3D, moulage, art textile, cin\u00e9ma d&rsquo;animation et bande dessin\u00e9e, bases d\u2019architecture, perspective, histoire de l\u2019art, morphogen\u00e8se et chant choral.<\/p>\n\n\n\n<div class=\"wp-block-image\"><figure class=\"aligncenter\"><img decoding=\"async\" src=\"https:\/\/quefaire-api.paris.fr\/images\/16792?w=Large\" alt=\"ateliers beaux arts\"\/><\/figure><\/div>\n\n\n\n<p>3 types d&rsquo;enseignements y sont dispens\u00e9s : des cours en apr\u00e8s-midi et soir\u00e9e (3h), le cycle intensif (site Glaci\u00e8re) et les classes pr\u00e9paratoires options arts plastiques, architecture ou image (site Glaci\u00e8re).<\/p>\n\n\n\n<p>Les demandes d\u2019inscription 2017-2018 se font du 19 juin \u00e0 9h au 15 septembre \u00e0 18h via&nbsp;<a href=\"https:\/\/teleservices.paris.fr\/k10\/jsp\/site\/Portal.jsp?page=form&amp;id_form=93\" target=\"_blank\" rel=\"noreferrer noopener\">un formulaire en ligne<\/a>.<\/p>\n\n\n\n<div style=\"height:44px\" aria-hidden=\"true\" class=\"wp-block-spacer\"><\/div>\n\n\n\n<h4 class=\"wp-block-heading\">Pour les m\u00e9lomanes,  les conservatoires <\/h4>\n\n\n\n<div class=\"wp-block-image\"><figure class=\"aligncenter\"><img decoding=\"async\" src=\"https:\/\/quefaire-api.paris.fr\/images\/16795?w=Large\" alt=\"conservatoires\"\/><\/figure><\/div>\n\n\n\n<p>Ouverts \u00e0 tous, les 17 conservatoires municipaux parisiens sont des \u00e9tablissements d\u2019enseignement artistique sp\u00e9cialis\u00e9s en danse, musique et th\u00e9\u00e2tre.<\/p>\n\n\n\n<p>Les candidatures pour les non d\u00e9butants en danse et musique sont ouvertes du 15 juin \u00e0 10h au 4 septembre 2017 \u00e0 15h. D\u00e9posez votre demande d\u2019inscription en cliquant&nbsp;<a href=\"https:\/\/teleservices.paris.fr\/conservatoiresmusiquedanse\/\" target=\"_blank\" rel=\"noreferrer noopener\">ICI<\/a><\/p>\n\n\n\n<div style=\"height:40px\" aria-hidden=\"true\" class=\"wp-block-spacer\"><\/div>\n\n\n\n<h4 class=\"wp-block-heading\">CLUBS ARTISTIQUES<\/h4>\n\n\n\n<div class=\"wp-block-media-text alignwide has-media-on-the-right\"><figure class=\"wp-block-media-text__media\"><img loading=\"lazy\" decoding=\"async\" width=\"1024\" height=\"683\" src=\"https:\/\/macoco.fr\/elya\/wp-content\/uploads\/2019\/05\/tadas-mikuckis-20931-unsplash-1024x683.jpg\" alt=\"\" class=\"wp-image-529\" srcset=\"https:\/\/macoco.fr\/elya\/wp-content\/uploads\/2019\/05\/tadas-mikuckis-20931-unsplash-1024x683.jpg 1024w, https:\/\/macoco.fr\/elya\/wp-content\/uploads\/2019\/05\/tadas-mikuckis-20931-unsplash-300x200.jpg 300w, https:\/\/macoco.fr\/elya\/wp-content\/uploads\/2019\/05\/tadas-mikuckis-20931-unsplash-768x512.jpg 768w, https:\/\/macoco.fr\/elya\/wp-content\/uploads\/2019\/05\/tadas-mikuckis-20931-unsplash-360x240.jpg 360w\" sizes=\"auto, (max-width: 1024px) 100vw, 1024px\" \/><\/figure><div class=\"wp-block-media-text__content\">\n<p><strong>Musique, peinture, poterie\u2026 Vous souhaitez vous inscrire au sein d\u2019un club, d\u2019une association\u2026 Faites votre choix dans le\u00a0<a href=\"http:\/\/www.mairie-etampes.fr\/pdf_guide_associations.pdf\">Guide des associations,<\/a>\u00a0remis \u00e0 jour chaque ann\u00e9e.<\/strong><\/p>\n<\/div><\/div>\n\n\n\n<div style=\"height:100px\" aria-hidden=\"true\" class=\"wp-block-spacer\"><\/div>\n\n\n\n<p><\/p>\n","protected":false},"excerpt":{"rendered":"<p>LES COURS DES ATELIERS DES BEAUX-ARTS Destin\u00e9s aux personnes \u00e2g\u00e9es de 18 ans et plus, les 85 Ateliers Beaux-Arts vous proposent des cours de dessin, peinture, gravure, lithographie, sculpture, modelage, taille directe, morphologie, photographie, atelier 3D, moulage, art textile, cin\u00e9ma d&rsquo;animation et bande dessin\u00e9e, bases d\u2019architecture, perspective, histoire de l\u2019art, [&hellip;]<\/p>\n","protected":false},"author":2,"featured_media":0,"parent":9,"menu_order":0,"comment_status":"closed","ping_status":"closed","template":"","meta":{"footnotes":""},"class_list":["post-66","page","type-page","status-publish","hentry"],"_links":{"self":[{"href":"https:\/\/macoco.fr\/elya\/wp-json\/wp\/v2\/pages\/66","targetHints":{"allow":["GET"]}}],"collection":[{"href":"https:\/\/macoco.fr\/elya\/wp-json\/wp\/v2\/pages"}],"about":[{"href":"https:\/\/macoco.fr\/elya\/wp-json\/wp\/v2\/types\/page"}],"author":[{"embeddable":true,"href":"https:\/\/macoco.fr\/elya\/wp-json\/wp\/v2\/users\/2"}],"replies":[{"embeddable":true,"href":"https:\/\/macoco.fr\/elya\/wp-json\/wp\/v2\/comments?post=66"}],"version-history":[{"count":4,"href":"https:\/\/macoco.fr\/elya\/wp-json\/wp\/v2\/pages\/66\/revisions"}],"predecessor-version":[{"id":530,"href":"https:\/\/macoco.fr\/elya\/wp-json\/wp\/v2\/pages\/66\/revisions\/530"}],"up":[{"embeddable":true,"href":"https:\/\/macoco.fr\/elya\/wp-json\/wp\/v2\/pages\/9"}],"wp:attachment":[{"href":"https:\/\/macoco.fr\/elya\/wp-json\/wp\/v2\/media?parent=66"}],"curies":[{"name":"wp","href":"https:\/\/api.w.org\/{rel}","templated":true}]}}