{"id":86,"date":"2019-04-18T16:45:49","date_gmt":"2019-04-18T14:45:49","guid":{"rendered":"https:\/\/macoco.fr\/elya\/?page_id=86"},"modified":"2019-05-13T17:12:08","modified_gmt":"2019-05-13T15:12:08","slug":"petite-enfance","status":"publish","type":"page","link":"https:\/\/macoco.fr\/elya\/petite-enfance\/","title":{"rendered":"Petite enfance"},"content":{"rendered":"\n<h2 class=\"wp-block-heading\">Cr\u00e8che<\/h2>\n\n\n\n<div class=\"wp-block-image\"><figure class=\"aligncenter is-resized\"><img loading=\"lazy\" decoding=\"async\" src=\"https:\/\/macoco.fr\/elya\/wp-content\/uploads\/2019\/05\/6486654_1-0-909423840_1000x625.jpg\" alt=\"\" class=\"wp-image-337\" width=\"824\" height=\"514\" srcset=\"https:\/\/macoco.fr\/elya\/wp-content\/uploads\/2019\/05\/6486654_1-0-909423840_1000x625.jpg 1000w, https:\/\/macoco.fr\/elya\/wp-content\/uploads\/2019\/05\/6486654_1-0-909423840_1000x625-300x187.jpg 300w, https:\/\/macoco.fr\/elya\/wp-content\/uploads\/2019\/05\/6486654_1-0-909423840_1000x625-768x479.jpg 768w\" sizes=\"auto, (max-width: 824px) 100vw, 824px\" \/><\/figure><\/div>\n\n\n\n<h4 class=\"wp-block-heading\">Espace Multi-Accueil Petite Enfance \u00ab\u00a0les P&rsquo;tits Mousses\u00a0\u00bb<\/h4>\n\n\n\n<p>12, rue de la Vall\u00e9e<\/p>\n\n\n\n<p>T\u00e9l. : 01 69 90 22 94<br><strong>Responsable :<\/strong>&nbsp;Christelle FERDINAND<\/p>\n\n\n\n<p><\/p>\n\n\n\n<p>Accueil, pour une ann\u00e9e \u00e0 compter de septembre, des enfants de 3 mois \u00e0 moins de 4 ans, domicili\u00e9s \u00e0 Elya.<br><br>Horaires 7h30 \u00e0 18h<br><br>Ouverture du lundi au vendredi except\u00e9 :<\/p>\n\n\n\n<ul class=\"wp-block-list\"><li>une semaine aux vacances de P\u00e2ques<\/li><li>une semaine aux vacances de No\u00ebl<\/li><li>une semaine en f\u00e9vrier<\/li><li>un mois aux vacances d\u2019\u00e9t\u00e9<\/li><li>un pont dans l\u2019ann\u00e9e<\/li><\/ul>\n\n\n\n<p>Les enfants sont inscrits pour une ann\u00e9e \u00e0 compter du mois de septembre. Aucune admission est possible en cours d\u2019ann\u00e9e sauf cas exceptionnel et dans la limite des places disponibles. Une commission d\u2019attribution des places a lieu chaque ann\u00e9e en f\u00e9vrier pour la rentr\u00e9e de septembre.<br><br>Attention, les demandes doivent \u00eatre renouvel\u00e9es chaque ann\u00e9e entre les mois de f\u00e9vrier et mars.<\/p>\n\n\n\n<p>Les dossiers sont disponibles d\u00e8s le mois d&rsquo;octobre sur le site Internet de la ville et \u00e0 l&rsquo;accueil de la mairie. Les dossiers doivent \u00eatre red\u00e9pos\u00e9s en mairie avec l&rsquo;int\u00e9gralit\u00e9 des pi\u00e8ces demand\u00e9es.&nbsp;<strong><em>Les dossiers incomplets ne seront pas \u00e9tudi\u00e9s.<\/em><\/strong><\/p>\n\n\n\n<p>Pour plus d&rsquo;informations :&nbsp;<a href=\"mailto:scolaire@mairie-ballancourt.fr\">scolaire@mairie-elya.fr<\/a><\/p>\n\n\n\n<p><\/p>\n\n\n\n<h2 class=\"wp-block-heading\">Halte Garderie<\/h2>\n\n\n\n<div class=\"wp-block-image\"><figure class=\"aligncenter\"><img loading=\"lazy\" decoding=\"async\" width=\"740\" height=\"555\" src=\"https:\/\/macoco.fr\/elya\/wp-content\/uploads\/2019\/05\/345fb4c5d022886e5a416207536c7051.jpg\" alt=\"\" class=\"wp-image-340\" srcset=\"https:\/\/macoco.fr\/elya\/wp-content\/uploads\/2019\/05\/345fb4c5d022886e5a416207536c7051.jpg 740w, https:\/\/macoco.fr\/elya\/wp-content\/uploads\/2019\/05\/345fb4c5d022886e5a416207536c7051-300x225.jpg 300w\" sizes=\"auto, (max-width: 740px) 100vw, 740px\" \/><\/figure><\/div>\n\n\n\n<h4 class=\"wp-block-heading\">Halte garderie \u00ab\u00a0la Poussinette\u00a0\u00bb<\/h4>\n\n\n\n<p>25, rue du Martroy<\/p>\n\n\n\n<p>T\u00e9l. : 01 64 93 49 59<\/p>\n\n\n\n<p><strong>Responsable :<\/strong>&nbsp;V\u00e9ronique MAHAUD<\/p>\n\n\n\n<p>L&rsquo;acc\u00e8s \u00e0 la Poussinette se fait par le chemin des Mille-Notes, face \u00e0 la Maison des Associations.<br><\/p>\n\n\n\n<p>Accueil des enfants de 3 mois \u00e0 moins de 4 ans, domicili\u00e9s \u00e0 Elya, pour une dur\u00e9e de 2 \u00e0 8 heures par jour en fonction des besoins des familles.\u00a0<br><\/p>\n\n\n\n<p>Horaires d&rsquo;ouverture&nbsp;:<\/p>\n\n\n\n<ul class=\"wp-block-list\"><li>Lundi, :&nbsp;8h15&nbsp;&gt; 11h30 et&nbsp;13h&nbsp;&gt; 17h<\/li><li>Mardi : 8h15&nbsp;&gt; 17h<\/li><li>Mercredi : 8h15 &gt; 11h30 et 13h &gt; 17h<\/li><li>Jeudi :&nbsp;8h15&nbsp;&gt; 17h<\/li><li>Vendredi :&nbsp;8h15&nbsp;&gt; 17h<\/li><\/ul>\n\n\n\n<p>Fermeture durant toutes les vacances scolaires.&nbsp;<br><br>Les inscriptions se font tout au long de l\u2019ann\u00e9e aupr\u00e8s de la responsable sur rendez-vous.&nbsp;<a href=\"http:\/\/www.ville-ballancourt.fr\/Download\/Jeunesse\/Livret%20Poussinette.pdf\">T\u00e9l\u00e9charger le livret d&rsquo;acccueil<\/a><\/p>\n\n\n\n<p>Liste des pi\u00e8ces n\u00e9cessaires pour inscrire votre enfants (documents originaux) :<\/p>\n\n\n\n<ol class=\"wp-block-list\"><li>Justificatif de domicile de moins de 3 mois<\/li><li>Carnet de sant\u00e9 avec vaccinations<\/li><li>Attestation responsabilit\u00e9 civile de l\u2019enfant<\/li><li>Attestation carte vitale des deux parents<\/li><li>Attestation CAF avec num\u00e9ro d\u2019allocataire<\/li><li>Livret de famille ou extrait d\u2019acte de naissance<\/li><li>Certificat m\u00e9dical autorisant la vie en collectivit\u00e9<\/li><li>Ordonnance avec prescription d\u2019un antipyr\u00e9tique<\/li><li>Coordonn\u00e9es de personnes pouvant venir chercher l\u2019enfant en votre absence.&nbsp;<\/li><\/ol>\n\n\n\n<p><\/p>\n\n\n\n<h2 class=\"wp-block-heading\">Assistantes maternelles<\/h2>\n\n\n\n<div class=\"wp-block-media-text alignwide\"><figure class=\"wp-block-media-text__media\"><img loading=\"lazy\" decoding=\"async\" width=\"1024\" height=\"1024\" src=\"https:\/\/macoco.fr\/elya\/wp-content\/uploads\/2019\/05\/quotidien-assistante-maternelle-1024x1024.png\" alt=\"\" class=\"wp-image-343\" srcset=\"https:\/\/macoco.fr\/elya\/wp-content\/uploads\/2019\/05\/quotidien-assistante-maternelle-1024x1024.png 1024w, https:\/\/macoco.fr\/elya\/wp-content\/uploads\/2019\/05\/quotidien-assistante-maternelle-150x150.png 150w, https:\/\/macoco.fr\/elya\/wp-content\/uploads\/2019\/05\/quotidien-assistante-maternelle-300x300.png 300w, https:\/\/macoco.fr\/elya\/wp-content\/uploads\/2019\/05\/quotidien-assistante-maternelle-768x768.png 768w\" sizes=\"auto, (max-width: 1024px) 100vw, 1024px\" \/><\/figure><div class=\"wp-block-media-text__content\">\n<h4 class=\"wp-block-heading\">Relais assistantes maternelles<\/h4>\n\n\n\n<p>3, rue de Chevannes<\/p>\n\n\n\n<p>T\u00e9l. : 01 60 79 19 27<\/p>\n\n\n\n<p><a href=\"mailto:ram.lfa.my@orange.fr\">Nous \u00e9crire<\/a><br><\/p>\n\n\n\n<p><strong>Animatrice :<\/strong>&nbsp;Marianne Yacoub<br><br>Le RAM est un lieu d&rsquo;accompagnement et d\u2019information autour du mode de garde chez une assistante maternelle.Parents ou futurs parents, l\u2019animatrice vous informe et vous aide dans votre recherche d\u2019une assistante maternelle, dans vos d\u00e9marches administratives et dans votre fonction d&#8217;employeur.&nbsp;<\/p>\n\n\n\n<p>Assistantes maternelles, vous b\u00e9n\u00e9ficiez vous aussi d&rsquo;une aide pour vos d\u00e9marches administratives. L&rsquo;animatrice vous propose \u00e9galement des temps d&rsquo;accueil collectif avec les enfants que vous gardez afin de favoriser les \u00e9changes professionnels lors d&rsquo;ateliers riches et vari\u00e9s&nbsp;<\/p>\n\n\n\n<p>Ateliers pour les assistantes maternelles et les enfants: les lundis et mardis matins de 9h \u00e0 11h sur inscription.&nbsp;<\/p>\n\n\n\n<p>Accueil t\u00e9l\u00e9phonique lors des permanences :&nbsp;<br>\u2022 Mardi de 12h15 \u00e0 14h15&nbsp;<br>\u2022 Jeudi de 12h \u00e0 14h&nbsp;<\/p>\n\n\n\n<p>Accueil physique sur rendez-vous : le vendredi de 14h15 \u00e0 18h15 au 3, rue de Chevannes&nbsp;\n\n<\/p>\n<\/div><\/div>\n","protected":false},"excerpt":{"rendered":"<p>Cr\u00e8che Espace Multi-Accueil Petite Enfance \u00ab\u00a0les P&rsquo;tits Mousses\u00a0\u00bb 12, rue de la Vall\u00e9e T\u00e9l. : 01 69 90 22 94Responsable :&nbsp;Christelle FERDINAND Accueil, pour une ann\u00e9e \u00e0 compter de septembre, des enfants de 3 mois \u00e0 moins de 4 ans, domicili\u00e9s \u00e0 Elya. Horaires 7h30 \u00e0 18h Ouverture du lundi [&hellip;]<\/p>\n","protected":false},"author":1,"featured_media":0,"parent":0,"menu_order":0,"comment_status":"closed","ping_status":"closed","template":"","meta":{"footnotes":""},"class_list":["post-86","page","type-page","status-publish","hentry"],"_links":{"self":[{"href":"https:\/\/macoco.fr\/elya\/wp-json\/wp\/v2\/pages\/86","targetHints":{"allow":["GET"]}}],"collection":[{"href":"https:\/\/macoco.fr\/elya\/wp-json\/wp\/v2\/pages"}],"about":[{"href":"https:\/\/macoco.fr\/elya\/wp-json\/wp\/v2\/types\/page"}],"author":[{"embeddable":true,"href":"https:\/\/macoco.fr\/elya\/wp-json\/wp\/v2\/users\/1"}],"replies":[{"embeddable":true,"href":"https:\/\/macoco.fr\/elya\/wp-json\/wp\/v2\/comments?post=86"}],"version-history":[{"count":7,"href":"https:\/\/macoco.fr\/elya\/wp-json\/wp\/v2\/pages\/86\/revisions"}],"predecessor-version":[{"id":352,"href":"https:\/\/macoco.fr\/elya\/wp-json\/wp\/v2\/pages\/86\/revisions\/352"}],"wp:attachment":[{"href":"https:\/\/macoco.fr\/elya\/wp-json\/wp\/v2\/media?parent=86"}],"curies":[{"name":"wp","href":"https:\/\/api.w.org\/{rel}","templated":true}]}}