{"id":9,"date":"2019-04-18T16:33:04","date_gmt":"2019-04-18T14:33:04","guid":{"rendered":"https:\/\/macoco.fr\/elya\/?page_id=9"},"modified":"2020-11-02T19:44:34","modified_gmt":"2020-11-02T18:44:34","slug":"activites","status":"publish","type":"page","link":"https:\/\/macoco.fr\/elya\/accueil\/activites\/","title":{"rendered":"Activit\u00e9s"},"content":{"rendered":"\r\n<div class=\"wp-block-media-text alignfull\" style=\"grid-template-columns: 52% auto;\">\r\n<figure class=\"wp-block-media-text__media\"><img loading=\"lazy\" decoding=\"async\" width=\"600\" height=\"466\" src=\"https:\/\/macoco.fr\/elya\/wp-content\/uploads\/2019\/05\/architecture-futuriste-5.jpg\" alt=\"\" class=\"wp-image-404\" srcset=\"https:\/\/macoco.fr\/elya\/wp-content\/uploads\/2019\/05\/architecture-futuriste-5.jpg 600w, https:\/\/macoco.fr\/elya\/wp-content\/uploads\/2019\/05\/architecture-futuriste-5-300x233.jpg 300w\" sizes=\"auto, (max-width: 600px) 100vw, 600px\" \/><\/figure>\r\n<div class=\"wp-block-media-text__content\">\r\n<h4 class=\"wp-block-heading\">Tourisme<\/h4>\r\n\r\n\r\n\r\n<p>L&rsquo;Office de tourisme d&rsquo;Elya propose de nombreuses visites.<\/p>\r\n\r\n\r\n\r\n<div class=\"wp-block-button\"><a class=\"wp-block-button__link\" href=\".\/activites\/tourisme\">\u00a0En savoir plus\u00a0<\/a><\/div>\r\n<\/div>\r\n<\/div>\r\n\r\n\r\n\r\n<div style=\"height: 23px;\" aria-hidden=\"true\" class=\"wp-block-spacer\"><\/div>\r\n\r\n\r\n\r\n<div class=\"wp-block-media-text alignfull\" style=\"grid-template-columns: 52% auto;\">\r\n<figure class=\"wp-block-media-text__media\"><img loading=\"lazy\" decoding=\"async\" width=\"1024\" height=\"683\" src=\"https:\/\/macoco.fr\/elya\/wp-content\/uploads\/2019\/05\/rodrigo-ruiz-435766-unsplash-1024x683.jpg\" alt=\"\" class=\"wp-image-386\" srcset=\"https:\/\/macoco.fr\/elya\/wp-content\/uploads\/2019\/05\/rodrigo-ruiz-435766-unsplash-1024x683.jpg 1024w, https:\/\/macoco.fr\/elya\/wp-content\/uploads\/2019\/05\/rodrigo-ruiz-435766-unsplash-300x200.jpg 300w, https:\/\/macoco.fr\/elya\/wp-content\/uploads\/2019\/05\/rodrigo-ruiz-435766-unsplash-768x512.jpg 768w, https:\/\/macoco.fr\/elya\/wp-content\/uploads\/2019\/05\/rodrigo-ruiz-435766-unsplash-360x240.jpg 360w\" sizes=\"auto, (max-width: 1024px) 100vw, 1024px\" \/><\/figure>\r\n<div class=\"wp-block-media-text__content\">\r\n<h4 class=\"wp-block-heading\">Activit\u00e9s culturelles<\/h4>\r\n\r\n\r\n\r\n<p>Th\u00e9\u00e2tre, cin\u00e9mas, mus\u00e9es&#8230;<\/p>\r\n\r\n\r\n\r\n<div class=\"wp-block-button\"><a class=\"wp-block-button__link\" href=\".\/activites\/culture\">\u00a0En savoir plus\u00a0<\/a><\/div>\r\n<\/div>\r\n<\/div>\r\n\r\n\r\n\r\n<div style=\"height: 23px;\" aria-hidden=\"true\" class=\"wp-block-spacer\"><\/div>\r\n\r\n\r\n\r\n<div class=\"wp-block-media-text alignfull\" style=\"grid-template-columns: 52% auto;\">\r\n<figure class=\"wp-block-media-text__media\"><img loading=\"lazy\" decoding=\"async\" width=\"1024\" height=\"683\" src=\"https:\/\/macoco.fr\/elya\/wp-content\/uploads\/2019\/05\/court-prather-663692-unsplash-1024x683.jpg\" alt=\"\" class=\"wp-image-383\" srcset=\"https:\/\/macoco.fr\/elya\/wp-content\/uploads\/2019\/05\/court-prather-663692-unsplash-1024x683.jpg 1024w, https:\/\/macoco.fr\/elya\/wp-content\/uploads\/2019\/05\/court-prather-663692-unsplash-300x200.jpg 300w, https:\/\/macoco.fr\/elya\/wp-content\/uploads\/2019\/05\/court-prather-663692-unsplash-768x512.jpg 768w, https:\/\/macoco.fr\/elya\/wp-content\/uploads\/2019\/05\/court-prather-663692-unsplash-360x240.jpg 360w\" sizes=\"auto, (max-width: 1024px) 100vw, 1024px\" \/><\/figure>\r\n<div class=\"wp-block-media-text__content\">\r\n<h4 class=\"wp-block-heading\">Activit\u00e9s sportives<\/h4>\r\n\r\n\r\n\r\n<p>La ville compte de nombreux clubs sportifs et salles de sport.<\/p>\r\n\r\n\r\n\r\n<div class=\"wp-block-button\"><a class=\"wp-block-button__link\" href=\".\/activites\/sport\">\u00a0En savoir plus\u00a0<\/a><\/div>\r\n<\/div>\r\n<\/div>\r\n\r\n\r\n\r\n<div style=\"height: 23px;\" aria-hidden=\"true\" class=\"wp-block-spacer\"><\/div>\r\n\r\n\r\n\r\n<div class=\"wp-block-media-text alignfull\" style=\"grid-template-columns: 52% auto;\">\r\n<figure class=\"wp-block-media-text__media\"><img loading=\"lazy\" decoding=\"async\" width=\"1024\" height=\"683\" src=\"https:\/\/macoco.fr\/elya\/wp-content\/uploads\/2019\/05\/yannis-papanastasopoulos-586848-unsplash-1-1024x683.jpg\" alt=\"\" class=\"wp-image-376\" srcset=\"https:\/\/macoco.fr\/elya\/wp-content\/uploads\/2019\/05\/yannis-papanastasopoulos-586848-unsplash-1-1024x683.jpg 1024w, https:\/\/macoco.fr\/elya\/wp-content\/uploads\/2019\/05\/yannis-papanastasopoulos-586848-unsplash-1-300x200.jpg 300w, https:\/\/macoco.fr\/elya\/wp-content\/uploads\/2019\/05\/yannis-papanastasopoulos-586848-unsplash-1-768x512.jpg 768w, https:\/\/macoco.fr\/elya\/wp-content\/uploads\/2019\/05\/yannis-papanastasopoulos-586848-unsplash-1-360x240.jpg 360w\" sizes=\"auto, (max-width: 1024px) 100vw, 1024px\" \/><\/figure>\r\n<div class=\"wp-block-media-text__content\">\r\n<h4 class=\"wp-block-heading\">Activit\u00e9s artistiques<\/h4>\r\n\r\n\r\n\r\n<p>Musique, peinture, poterie&#8230;<\/p>\r\n\r\n\r\n\r\n<div class=\"wp-block-button\"><a class=\"wp-block-button__link\" href=\".\/activites\/artistique\">\u00a0En savoir plus\u00a0<\/a><\/div>\r\n\r\n\r\n\r\n<p>&nbsp;<\/p>\r\n<\/div>\r\n<\/div>\r\n\r\n\r\n\r\n<div style=\"height: 100px;\" aria-hidden=\"true\" class=\"wp-block-spacer\"><\/div>\r\n","protected":false},"excerpt":{"rendered":"","protected":false},"author":2,"featured_media":0,"parent":10,"menu_order":0,"comment_status":"closed","ping_status":"closed","template":"","meta":{"footnotes":""},"class_list":["post-9","page","type-page","status-publish","hentry"],"_links":{"self":[{"href":"https:\/\/macoco.fr\/elya\/wp-json\/wp\/v2\/pages\/9","targetHints":{"allow":["GET"]}}],"collection":[{"href":"https:\/\/macoco.fr\/elya\/wp-json\/wp\/v2\/pages"}],"about":[{"href":"https:\/\/macoco.fr\/elya\/wp-json\/wp\/v2\/types\/page"}],"author":[{"embeddable":true,"href":"https:\/\/macoco.fr\/elya\/wp-json\/wp\/v2\/users\/2"}],"replies":[{"embeddable":true,"href":"https:\/\/macoco.fr\/elya\/wp-json\/wp\/v2\/comments?post=9"}],"version-history":[{"count":18,"href":"https:\/\/macoco.fr\/elya\/wp-json\/wp\/v2\/pages\/9\/revisions"}],"predecessor-version":[{"id":801,"href":"https:\/\/macoco.fr\/elya\/wp-json\/wp\/v2\/pages\/9\/revisions\/801"}],"up":[{"embeddable":true,"href":"https:\/\/macoco.fr\/elya\/wp-json\/wp\/v2\/pages\/10"}],"wp:attachment":[{"href":"https:\/\/macoco.fr\/elya\/wp-json\/wp\/v2\/media?parent=9"}],"curies":[{"name":"wp","href":"https:\/\/api.w.org\/{rel}","templated":true}]}}