{"id":192,"date":"2019-05-27T14:57:16","date_gmt":"2019-05-27T12:57:16","guid":{"rendered":"https:\/\/macoco.fr\/lucifer\/?page_id=192"},"modified":"2019-05-27T15:23:04","modified_gmt":"2019-05-27T13:23:04","slug":"histoire","status":"publish","type":"page","link":"https:\/\/macoco.fr\/lucifer\/histoire\/","title":{"rendered":"Histoire"},"content":{"rendered":"\n<h1 class=\"wp-block-heading\" id=\"firstHeading\"><em>Lucifer<\/em>&nbsp;(s\u00e9rie t\u00e9l\u00e9vis\u00e9e)<\/h1>\n\n\n\n<p><em><strong>Lucifer<\/strong><\/em>&nbsp;est une&nbsp;<a href=\"https:\/\/fr.wikipedia.org\/wiki\/S%C3%A9rie_t%C3%A9l%C3%A9vis%C3%A9e\">s\u00e9rie t\u00e9l\u00e9vis\u00e9e<\/a>&nbsp;<a href=\"https:\/\/fr.wikipedia.org\/wiki\/%C3%89tats-Unis\">am\u00e9ricaine<\/a>&nbsp;cr\u00e9\u00e9e par&nbsp;<a href=\"https:\/\/fr.wikipedia.org\/wiki\/Tom_Kapinos\">Tom Kapinos<\/a>, adapt\u00e9e du personnage de bandes dessin\u00e9es cr\u00e9\u00e9 par&nbsp;<a href=\"https:\/\/fr.wikipedia.org\/wiki\/Neil_Gaiman\">Neil Gaiman<\/a>,&nbsp;<a href=\"https:\/\/fr.wikipedia.org\/w\/index.php?title=Sam_Keith&amp;action=edit&amp;redlink=1\">Sam Keith<\/a>&nbsp;et&nbsp;<a href=\"https:\/\/fr.wikipedia.org\/w\/index.php?title=Mike_Dringenberg&amp;action=edit&amp;redlink=1\">Mike Dringenberg<\/a>&nbsp;(paru chez&nbsp;<a href=\"https:\/\/fr.wikipedia.org\/wiki\/Vertigo_(DC_Comics)\">Vertigo<\/a>&nbsp;<a href=\"https:\/\/fr.wikipedia.org\/wiki\/DC_Comics\">DC Comics<\/a>), diffus\u00e9e simultan\u00e9ment du&nbsp;<a href=\"https:\/\/fr.wikipedia.org\/wiki\/25_janvier\">25<\/a>&nbsp;<a href=\"https:\/\/fr.wikipedia.org\/wiki\/Janvier_2016\">janvier<\/a>&nbsp;<a href=\"https:\/\/fr.wikipedia.org\/wiki\/2016_%C3%A0_la_t%C3%A9l%C3%A9vision\">2016<\/a><sup><a href=\"https:\/\/fr.wikipedia.org\/wiki\/Lucifer_(s%C3%A9rie_t%C3%A9l%C3%A9vis%C3%A9e)#cite_note-1\">1<\/a><\/sup>&nbsp;au&nbsp;<a href=\"https:\/\/fr.wikipedia.org\/wiki\/28_mai\">28<\/a>&nbsp;<a href=\"https:\/\/fr.wikipedia.org\/wiki\/Mai_2018\">mai<\/a>&nbsp;<a href=\"https:\/\/fr.wikipedia.org\/wiki\/2018_%C3%A0_la_t%C3%A9l%C3%A9vision\">2018<\/a>, pour les 57 premiers \u00e9pisodes, sur le r\u00e9seau&nbsp;<a href=\"https:\/\/fr.wikipedia.org\/wiki\/Fox_Broadcasting_Company\">Fox<\/a>&nbsp;aux \u00c9tats-Unis et sur le r\u00e9seau&nbsp;<a href=\"https:\/\/fr.wikipedia.org\/wiki\/CTV_Television_Network\">CTV<\/a><sup><a href=\"https:\/\/fr.wikipedia.org\/wiki\/Lucifer_(s%C3%A9rie_t%C3%A9l%C3%A9vis%C3%A9e)#cite_note-2\">2<\/a><\/sup>, au&nbsp;<a href=\"https:\/\/fr.wikipedia.org\/wiki\/Canada\">Canada<\/a>. La diffusion se poursuivra d\u00e8s&nbsp;<a href=\"https:\/\/fr.wikipedia.org\/wiki\/2019\">2019<\/a>&nbsp;sur&nbsp;<a href=\"https:\/\/fr.wikipedia.org\/wiki\/Netflix\">Netflix<\/a>.<\/p>\n\n\n\n<p>En&nbsp;<a href=\"https:\/\/fr.wikipedia.org\/wiki\/France\">France<\/a>, la s\u00e9rie est diffus\u00e9e en&nbsp;<a href=\"https:\/\/fr.wikipedia.org\/wiki\/Sous-titrage\">version originale sous-titr\u00e9e fran\u00e7ais<\/a>&nbsp;depuis le&nbsp;<a href=\"https:\/\/fr.wikipedia.org\/wiki\/26_janvier\">26<\/a>&nbsp;<a href=\"https:\/\/fr.wikipedia.org\/wiki\/Janvier_2016\">janvier<\/a>&nbsp;<a href=\"https:\/\/fr.wikipedia.org\/wiki\/2016_%C3%A0_la_t%C3%A9l%C3%A9vision\">2016<\/a>&nbsp;sur le service de&nbsp;<a href=\"https:\/\/fr.wikipedia.org\/wiki\/Vid%C3%A9o_%C3%A0_la_demande\">vid\u00e9o \u00e0 la demande<\/a>&nbsp;<a href=\"https:\/\/fr.wikipedia.org\/wiki\/MYTF1_VOD\">MYTF1 VOD<\/a><sup><a href=\"https:\/\/fr.wikipedia.org\/wiki\/Lucifer_(s%C3%A9rie_t%C3%A9l%C3%A9vis%C3%A9e)#cite_note-3\">3<\/a><\/sup>&nbsp;puis en&nbsp;<a href=\"https:\/\/fr.wikipedia.org\/wiki\/Doublage\">version fran\u00e7aise<\/a>&nbsp;depuis le&nbsp;<a href=\"https:\/\/fr.wikipedia.org\/wiki\/2_janvier\">2<\/a>&nbsp;<a href=\"https:\/\/fr.wikipedia.org\/wiki\/Janvier_2017\">janvier<\/a>&nbsp;<a href=\"https:\/\/fr.wikipedia.org\/wiki\/2017_%C3%A0_la_t%C3%A9l%C3%A9vision\">2017<\/a><sup><a href=\"https:\/\/fr.wikipedia.org\/wiki\/Lucifer_(s%C3%A9rie_t%C3%A9l%C3%A9vis%C3%A9e)#cite_note-4\">4<\/a><\/sup>&nbsp;sur la cha\u00eene c\u00e2bl\u00e9e&nbsp;<a href=\"https:\/\/fr.wikipedia.org\/wiki\/13e_rue\"><abbr title=\"Treizi\u00e8me\">13<sup>e<\/sup><\/abbr>&nbsp;rue<\/a><sup><a href=\"https:\/\/fr.wikipedia.org\/wiki\/Lucifer_(s%C3%A9rie_t%C3%A9l%C3%A9vis%C3%A9e)#cite_note-5\">5<\/a><\/sup>&nbsp;et depuis le&nbsp;<a href=\"https:\/\/fr.wikipedia.org\/wiki\/10_septembre\">10<\/a>&nbsp;<a href=\"https:\/\/fr.wikipedia.org\/wiki\/Septembre_2017\">septembre<\/a>&nbsp;<a href=\"https:\/\/fr.wikipedia.org\/wiki\/2017_%C3%A0_la_t%C3%A9l%C3%A9vision\">2017<\/a>&nbsp;en clair sur&nbsp;<a href=\"https:\/\/fr.wikipedia.org\/wiki\/CStar\">CStar<\/a>, au&nbsp;<a href=\"https:\/\/fr.wikipedia.org\/wiki\/Qu%C3%A9bec\">Qu\u00e9bec<\/a>, depuis le&nbsp;<a href=\"https:\/\/fr.wikipedia.org\/wiki\/4_janvier\">4<\/a>&nbsp;<a href=\"https:\/\/fr.wikipedia.org\/wiki\/Janvier_2017\">janvier<\/a>&nbsp;<a href=\"https:\/\/fr.wikipedia.org\/wiki\/2017_%C3%A0_la_t%C3%A9l%C3%A9vision\">2017<\/a>&nbsp;sur&nbsp;<a href=\"https:\/\/fr.wikipedia.org\/wiki\/MAX_(cha%C3%AEne_de_t%C3%A9l%C3%A9vision)\">Max<\/a><sup><a href=\"https:\/\/fr.wikipedia.org\/wiki\/Lucifer_(s%C3%A9rie_t%C3%A9l%C3%A9vis%C3%A9e)#cite_note-6\">6<\/a><\/sup>. En&nbsp;<a href=\"https:\/\/fr.wikipedia.org\/wiki\/Belgique\">Belgique<\/a>, elle est diffus\u00e9e depuis le&nbsp;<a href=\"https:\/\/fr.wikipedia.org\/wiki\/10_janvier\">10<\/a>&nbsp;<a href=\"https:\/\/fr.wikipedia.org\/wiki\/Janvier_2017\">janvier<\/a>&nbsp;<a href=\"https:\/\/fr.wikipedia.org\/wiki\/2017_%C3%A0_la_t%C3%A9l%C3%A9vision\">2017<\/a><sup><a href=\"https:\/\/fr.wikipedia.org\/wiki\/Lucifer_(s%C3%A9rie_t%C3%A9l%C3%A9vis%C3%A9e)#cite_note-7\">7<\/a><\/sup>&nbsp;sur&nbsp;<a href=\"https:\/\/fr.wikipedia.org\/wiki\/La_Une\">La Une<\/a><sup><a href=\"https:\/\/fr.wikipedia.org\/wiki\/Lucifer_(s%C3%A9rie_t%C3%A9l%C3%A9vis%C3%A9e)#cite_note-8\">8<\/a><\/sup>.<\/p>\n\n\n\n<p>La s\u00e9rie a initialement re\u00e7u des critiques mitig\u00e9es de la part des m\u00e9dias au cours de sa premi\u00e8re saison, bien que les saisons suivantes aient suscit\u00e9 des critiques plus favorables. De nombreux critiques ont particuli\u00e8rement lou\u00e9 la performance de l&rsquo;acteur principal&nbsp;<a href=\"https:\/\/fr.wikipedia.org\/wiki\/Tom_Ellis\">Tom Ellis<\/a>. Cependant, lors de la diffusion sur Fox, les cotes d&rsquo;\u00e9coute restent faibles tout au long de la s\u00e9rie, bien qu&rsquo;il y ait un nombre de t\u00e9l\u00e9spectateurs \u00e9lev\u00e9. Ce qui conduit le&nbsp;<a href=\"https:\/\/fr.wikipedia.org\/wiki\/11_mai\">11<\/a>&nbsp;<a href=\"https:\/\/fr.wikipedia.org\/wiki\/Mai_2018\">mai<\/a>&nbsp;<a href=\"https:\/\/fr.wikipedia.org\/wiki\/2018\">2018<\/a>, \u00e0 l&rsquo;annulation de&nbsp;<em>Lucifer<\/em>&nbsp;apr\u00e8s trois saisons<sup><a href=\"https:\/\/fr.wikipedia.org\/wiki\/Lucifer_(s%C3%A9rie_t%C3%A9l%C3%A9vis%C3%A9e)#cite_note-tvline-9\">9<\/a><\/sup>. Un mois plus tard, soit le&nbsp;<a href=\"https:\/\/fr.wikipedia.org\/wiki\/15_juin\">15<\/a>&nbsp;<a href=\"https:\/\/fr.wikipedia.org\/wiki\/Juin_2018\">juin<\/a>&nbsp;<a href=\"https:\/\/fr.wikipedia.org\/wiki\/2018\">2018<\/a>, la plateforme&nbsp;<a href=\"https:\/\/fr.wikipedia.org\/wiki\/Netflix\">Netflix<\/a>&nbsp;reprend les droits de la s\u00e9rie et officialise une quatri\u00e8me saison de dix \u00e9pisodes<sup><a href=\"https:\/\/fr.wikipedia.org\/wiki\/Lucifer_(s%C3%A9rie_t%C3%A9l%C3%A9vis%C3%A9e)#cite_note-tvline-15062018-10\">10<\/a><\/sup>, mis en ligne d\u00e8s le&nbsp;<a href=\"https:\/\/fr.wikipedia.org\/wiki\/8_mai\">8<\/a>&nbsp;<a href=\"https:\/\/fr.wikipedia.org\/wiki\/Mai_2019\">mai<\/a>&nbsp;<a href=\"https:\/\/fr.wikipedia.org\/wiki\/2019_%C3%A0_la_t%C3%A9l%C3%A9vision\">2019<\/a><sup><a href=\"https:\/\/fr.wikipedia.org\/wiki\/Lucifer_(s%C3%A9rie_t%C3%A9l%C3%A9vis%C3%A9e)#cite_note-hiddenremote-11\">11<\/a><\/sup>.<\/p>\n\n\n\n<div style=\"height:67px\" aria-hidden=\"true\" class=\"wp-block-spacer\"><\/div>\n\n\n\n<h2 class=\"wp-block-heading\">Informations <\/h2>\n\n\n\n<div style=\"height:28px\" aria-hidden=\"true\" class=\"wp-block-spacer\"><\/div>\n\n\n\n<table class=\"wp-block-table\"><tbody><tr><th>Titre original<\/th><td>Lucifer<\/td><\/tr><tr><th>Genre<\/th><td>Fantastique<br>Drame<br>Policier<br>Com\u00e9die<\/td><\/tr><tr><th>Cr\u00e9ation<\/th><td><a href=\"https:\/\/fr.wikipedia.org\/wiki\/Tom_Kapinos\">Tom Kapinos<\/a><\/td><\/tr><tr><th>Production<\/th><td><strong>Producteurs ex\u00e9cutifs&nbsp;:<\/strong><br><a href=\"https:\/\/fr.wikipedia.org\/wiki\/Jerry_Bruckheimer\">Jerry Bruckheimer<\/a><br><a href=\"https:\/\/fr.wikipedia.org\/wiki\/Len_Wiseman\">Len Wiseman<\/a><br>Jonathan Littman<br>Kristie Anne Reed<strong>Soci\u00e9t\u00e9 de production&nbsp;:<\/strong><br>Jerry Bruckheimer Television<br><a href=\"https:\/\/fr.wikipedia.org\/wiki\/Vertigo_(DC_Comics)\">Vertigo<\/a>&nbsp;&#8211;&nbsp;<a href=\"https:\/\/fr.wikipedia.org\/wiki\/DC_Comics\">DC Entertainment<\/a><br><a href=\"https:\/\/fr.wikipedia.org\/wiki\/Warner_Bros._Television\">Warner Bros. Television<\/a><\/td><\/tr><tr><th>Acteurs principaux<\/th><td><a href=\"https:\/\/fr.wikipedia.org\/wiki\/Tom_Ellis\">Tom Ellis<\/a><br><a href=\"https:\/\/fr.wikipedia.org\/wiki\/Lauren_German\">Lauren German<\/a><br><a href=\"https:\/\/fr.wikipedia.org\/wiki\/D._B._Woodside\">D. B. Woodside<\/a><br><a href=\"https:\/\/fr.wikipedia.org\/wiki\/Lesley-Ann_Brandt\">Lesley-Ann Brandt<\/a><br><a href=\"https:\/\/fr.wikipedia.org\/wiki\/Kevin_Alejandro\">Kevin Alejandro<\/a><br><a href=\"https:\/\/fr.wikipedia.org\/wiki\/Rachael_Harris\">Rachael Harris<\/a><\/td><\/tr><tr><th>Pays d&rsquo;origine<\/th><td><a href=\"https:\/\/commons.wikimedia.org\/wiki\/File:Flag_of_the_United_States.svg?uselang=fr\"><\/a>&nbsp;<a href=\"https:\/\/fr.wikipedia.org\/wiki\/%C3%89tats-Unis\">\u00c9tats-Unis<\/a><\/td><\/tr><tr><th>Cha\u00eene d&rsquo;origine<\/th><td><a href=\"https:\/\/fr.wikipedia.org\/wiki\/Fox_Broadcasting_Company\">Fox<\/a>&nbsp;(saisons 1 \u00e0 3)<br><a href=\"https:\/\/fr.wikipedia.org\/wiki\/Netflix\">Netflix<\/a>&nbsp;(depuis la saison 4)<\/td><\/tr><tr><th><abbr title=\"Nombre\">Nb.<\/abbr>&nbsp;de saisons<\/th><td>4<\/td><\/tr><tr><th><abbr title=\"Nombre\">Nb.<\/abbr>&nbsp;d&rsquo;\u00e9pisodes<\/th><td>67&nbsp;(<a href=\"https:\/\/fr.wikipedia.org\/wiki\/Liste_des_%C3%A9pisodes_de_Lucifer\">liste<\/a>)<\/td><\/tr><tr><th>Dur\u00e9e<\/th><td>42 minutes<\/td><\/tr><tr><th><abbr title=\"Diffusion originale\">Diff. originale<\/abbr><\/th><td><a href=\"https:\/\/fr.wikipedia.org\/wiki\/25_janvier\">25<\/a>&nbsp;<a href=\"https:\/\/fr.wikipedia.org\/wiki\/Janvier_2016\">janvier<\/a>&nbsp;<a href=\"https:\/\/fr.wikipedia.org\/wiki\/2016_%C3%A0_la_t%C3%A9l%C3%A9vision\">2016<\/a>&nbsp;\u2013&nbsp;<a href=\"https:\/\/fr.wikipedia.org\/wiki\/Production_audiovisuelle\">en production<\/a><\/td><\/tr><tr><th>Site web<\/th><td><a href=\"http:\/\/www.fox.com\/lucifer\">http:\/\/www.fox.com\/lucifer<\/a><br><a href=\"https:\/\/www.netflix.com\/fr\/title\/80057918\">https:\/\/www.netflix.com\/fr\/title\/80057918<\/a><\/td><\/tr><\/tbody><\/table>\n\n\n\n<h2 class=\"wp-block-heading\">Synopsis<\/h2>\n\n\n\n<p>Lass\u00e9 et fatigu\u00e9 d&rsquo;\u00eatre le \u00ab&nbsp;Seigneur des Enfers&nbsp;\u00bb, Lucifer Morningstar abandonne son royaume et s&rsquo;en va \u00e0&nbsp;<a href=\"https:\/\/fr.wikipedia.org\/wiki\/Los_Angeles\">Los Angeles<\/a>&nbsp;o\u00f9 il est propri\u00e9taire d&rsquo;une bo\u00eete de nuit appel\u00e9e \u00ab&nbsp;Lux&nbsp;\u00bb. Lucifer a re\u00e7u le don de contraindre les gens \u00e0 r\u00e9v\u00e9ler leurs d\u00e9sirs les plus profonds. Un soir, Lucifer assiste au meurtre d&rsquo;une chanteuse pop devant son club. Il d\u00e9cide donc d&rsquo;aller \u00e0 la recherche du coupable et croise sur son chemin une polici\u00e8re nomm\u00e9e Chloe Decker qui r\u00e9siste \u00e0 son don et lui met des b\u00e2tons dans les roues.<\/p>\n\n\n\n<p>Pendant que Lucifer Morningstar et Chloe Decker font \u00e9quipe pour trouver le meurtrier, Dieu envoie l&rsquo;ange Amenadiel sur Terre pour convaincre Lucifer de r\u00e9gner \u00e0 nouveau sur l&rsquo;Enfer.<\/p>\n","protected":false},"excerpt":{"rendered":"<p>Lucifer&nbsp;(s\u00e9rie t\u00e9l\u00e9vis\u00e9e) Lucifer&nbsp;est une&nbsp;s\u00e9rie t\u00e9l\u00e9vis\u00e9e&nbsp;am\u00e9ricaine&nbsp;cr\u00e9\u00e9e par&nbsp;Tom Kapinos, adapt\u00e9e du personnage de bandes dessin\u00e9es cr\u00e9\u00e9 par&nbsp;Neil Gaiman,&nbsp;Sam Keith&nbsp;et&nbsp;Mike Dringenberg&nbsp;(paru chez&nbsp;Vertigo&nbsp;DC Comics), ...<\/p>","protected":false},"author":1,"featured_media":66,"parent":0,"menu_order":0,"comment_status":"closed","ping_status":"closed","template":"","meta":{"footnotes":""},"class_list":["post-192","page","type-page","status-publish","has-post-thumbnail","hentry"],"_links":{"self":[{"href":"https:\/\/macoco.fr\/lucifer\/wp-json\/wp\/v2\/pages\/192","targetHints":{"allow":["GET"]}}],"collection":[{"href":"https:\/\/macoco.fr\/lucifer\/wp-json\/wp\/v2\/pages"}],"about":[{"href":"https:\/\/macoco.fr\/lucifer\/wp-json\/wp\/v2\/types\/page"}],"author":[{"embeddable":true,"href":"https:\/\/macoco.fr\/lucifer\/wp-json\/wp\/v2\/users\/1"}],"replies":[{"embeddable":true,"href":"https:\/\/macoco.fr\/lucifer\/wp-json\/wp\/v2\/comments?post=192"}],"version-history":[{"count":3,"href":"https:\/\/macoco.fr\/lucifer\/wp-json\/wp\/v2\/pages\/192\/revisions"}],"predecessor-version":[{"id":214,"href":"https:\/\/macoco.fr\/lucifer\/wp-json\/wp\/v2\/pages\/192\/revisions\/214"}],"wp:featuredmedia":[{"embeddable":true,"href":"https:\/\/macoco.fr\/lucifer\/wp-json\/wp\/v2\/media\/66"}],"wp:attachment":[{"href":"https:\/\/macoco.fr\/lucifer\/wp-json\/wp\/v2\/media?parent=192"}],"curies":[{"name":"wp","href":"https:\/\/api.w.org\/{rel}","templated":true}]}}