{"id":71,"date":"2019-05-24T16:06:30","date_gmt":"2019-05-24T14:06:30","guid":{"rendered":"https:\/\/macoco.fr\/lucifer\/?page_id=71"},"modified":"2019-06-07T13:38:36","modified_gmt":"2019-06-07T11:38:36","slug":"accueil","status":"publish","type":"page","link":"https:\/\/macoco.fr\/lucifer\/","title":{"rendered":"Accueil"},"content":{"rendered":"\n<h3 class=\"wp-block-heading\">Nos T-Shirt<\/h3>\n\n\n\n<div class=\"wp-block-woocommerce-product-category\">[products limit=\u00a0\u00bb3&Prime; columns=\u00a0\u00bb3&Prime; category=\u00a0\u00bb16&Prime; orderby=\u00a0\u00bbdate\u00a0\u00bb order=\u00a0\u00bbDESC\u00a0\u00bb]<\/div>\n\n\n\n<div style=\"height:100px\" aria-hidden=\"true\" class=\"wp-block-spacer\"><\/div>\n\n\n\n<h3 class=\"wp-block-heading\">Personnages<\/h3>\n\n\n\n<div class=\"wp-block-image\"><figure class=\"alignleft is-resized\"><img loading=\"lazy\" decoding=\"async\" src=\"https:\/\/macoco.fr\/lucifer\/wp-content\/uploads\/2019\/05\/lucifer-diable.jpg\" alt=\"\" class=\"wp-image-271\" width=\"191\" height=\"262\"\/><figcaption>Lucifer Morninstar<\/figcaption><\/figure><\/div>\n\n\n\n<div class=\"wp-block-image\"><figure class=\"alignleft is-resized\"><img loading=\"lazy\" decoding=\"async\" src=\"https:\/\/macoco.fr\/lucifer\/wp-content\/uploads\/2019\/05\/Chloe_Decker_Infobox.jpg\" alt=\"\" class=\"wp-image-265\" width=\"191\" height=\"252\"\/><figcaption>Chlo\u00e9 Decker, la femme<\/figcaption><\/figure><\/div>\n\n\n\n<div class=\"wp-block-image\"><figure class=\"alignleft is-resized\"><img loading=\"lazy\" decoding=\"async\" src=\"https:\/\/macoco.fr\/lucifer\/wp-content\/uploads\/2019\/05\/Daniel_Espinoza_Infobox-805x1024.jpg\" alt=\"\" class=\"wp-image-266\" width=\"199\" height=\"253\" srcset=\"https:\/\/macoco.fr\/lucifer\/wp-content\/uploads\/2019\/05\/Daniel_Espinoza_Infobox-805x1024.jpg 805w, https:\/\/macoco.fr\/lucifer\/wp-content\/uploads\/2019\/05\/Daniel_Espinoza_Infobox-236x300.jpg 236w, https:\/\/macoco.fr\/lucifer\/wp-content\/uploads\/2019\/05\/Daniel_Espinoza_Infobox-768x977.jpg 768w, https:\/\/macoco.fr\/lucifer\/wp-content\/uploads\/2019\/05\/Daniel_Espinoza_Infobox-600x763.jpg 600w, https:\/\/macoco.fr\/lucifer\/wp-content\/uploads\/2019\/05\/Daniel_Espinoza_Infobox.jpg 1428w\" sizes=\"auto, (max-width: 199px) 100vw, 199px\" \/><figcaption>Dan Espinoza<\/figcaption><\/figure><\/div>\n\n\n\n<div class=\"wp-block-image\"><figure class=\"alignleft is-resized\"><img loading=\"lazy\" decoding=\"async\" src=\"https:\/\/macoco.fr\/lucifer\/wp-content\/uploads\/2019\/05\/t\u00e9l\u00e9charg\u00e9.jpg\" alt=\"\" class=\"wp-image-272\" width=\"190\" height=\"251\"\/><figcaption>Mazikeen Smith, le d\u00e9mon<\/figcaption><\/figure><\/div>\n\n\n\n<div class=\"wp-block-image\"><figure class=\"alignleft is-resized\"><img loading=\"lazy\" decoding=\"async\" src=\"https:\/\/macoco.fr\/lucifer\/wp-content\/uploads\/2019\/05\/Linda_Martin_Photo_Infobox-825x1024.jpg\" alt=\"\" class=\"wp-image-273\" width=\"206\" height=\"262\"\/><figcaption>Linda Martin, la psy<\/figcaption><\/figure><\/div>\n\n\n\n<div class=\"wp-block-image\"><figure class=\"alignleft is-resized\"><img loading=\"lazy\" decoding=\"async\" src=\"https:\/\/macoco.fr\/lucifer\/wp-content\/uploads\/2019\/05\/Amenadiel_Photo_Infobox-768x1024.jpg\" alt=\"\" class=\"wp-image-263\" width=\"187\" height=\"250\" srcset=\"https:\/\/macoco.fr\/lucifer\/wp-content\/uploads\/2019\/05\/Amenadiel_Photo_Infobox-768x1024.jpg 768w, https:\/\/macoco.fr\/lucifer\/wp-content\/uploads\/2019\/05\/Amenadiel_Photo_Infobox-225x300.jpg 225w, https:\/\/macoco.fr\/lucifer\/wp-content\/uploads\/2019\/05\/Amenadiel_Photo_Infobox-600x800.jpg 600w, https:\/\/macoco.fr\/lucifer\/wp-content\/uploads\/2019\/05\/Amenadiel_Photo_Infobox.jpg 1575w\" sizes=\"auto, (max-width: 187px) 100vw, 187px\" \/><figcaption>Amenadiel, le fr\u00e8re<\/figcaption><\/figure><\/div>\n\n\n\n<div class=\"wp-block-image\"><figure class=\"alignleft is-resized\"><img loading=\"lazy\" decoding=\"async\" src=\"https:\/\/macoco.fr\/lucifer\/wp-content\/uploads\/2019\/05\/Charlotte-576x1024.jpg\" alt=\"\" class=\"wp-image-264\" width=\"141\" height=\"251\" srcset=\"https:\/\/macoco.fr\/lucifer\/wp-content\/uploads\/2019\/05\/Charlotte-576x1024.jpg 576w, https:\/\/macoco.fr\/lucifer\/wp-content\/uploads\/2019\/05\/Charlotte-169x300.jpg 169w, https:\/\/macoco.fr\/lucifer\/wp-content\/uploads\/2019\/05\/Charlotte-600x1067.jpg 600w, https:\/\/macoco.fr\/lucifer\/wp-content\/uploads\/2019\/05\/Charlotte.jpg 720w\" sizes=\"auto, (max-width: 141px) 100vw, 141px\" \/><figcaption>Charlotte Richards, la m\u00e8re<\/figcaption><\/figure><\/div>\n\n\n\n<div class=\"wp-block-image\"><figure class=\"alignleft is-resized\"><img loading=\"lazy\" decoding=\"async\" src=\"https:\/\/macoco.fr\/lucifer\/wp-content\/uploads\/2019\/05\/Marcus_Pierce_Photo_infobox-768x1024.jpg\" alt=\"\" class=\"wp-image-268\" width=\"191\" height=\"243\"\/><figcaption> Marcus Pierce \/ Ca\u00efn <\/figcaption><\/figure><\/div>\n\n\n\n<div class=\"wp-block-image\"><figure class=\"alignleft is-resized\"><img loading=\"lazy\" decoding=\"async\" src=\"https:\/\/macoco.fr\/lucifer\/wp-content\/uploads\/2019\/05\/Ella_Lopez_Infobox.JPG.jpg\" alt=\"\" class=\"wp-image-267\" width=\"188\" height=\"240\"\/><figcaption>Ella Lopez, la m\u00e9decin legiste<\/figcaption><\/figure><\/div>\n\n\n\n<div class=\"wp-block-image\"><figure class=\"alignleft is-resized\"><img loading=\"lazy\" decoding=\"async\" src=\"https:\/\/macoco.fr\/lucifer\/wp-content\/uploads\/2019\/05\/Trixie_Photo_Infobox-768x1024.jpg\" alt=\"\" class=\"wp-image-269\" width=\"188\" height=\"250\" srcset=\"https:\/\/macoco.fr\/lucifer\/wp-content\/uploads\/2019\/05\/Trixie_Photo_Infobox-768x1024.jpg 768w, https:\/\/macoco.fr\/lucifer\/wp-content\/uploads\/2019\/05\/Trixie_Photo_Infobox-225x300.jpg 225w, https:\/\/macoco.fr\/lucifer\/wp-content\/uploads\/2019\/05\/Trixie_Photo_Infobox-600x800.jpg 600w, https:\/\/macoco.fr\/lucifer\/wp-content\/uploads\/2019\/05\/Trixie_Photo_Infobox.jpg 1575w\" sizes=\"auto, (max-width: 188px) 100vw, 188px\" \/><figcaption>Trixie Espinoza<\/figcaption><\/figure><\/div>\n\n\n\n<blockquote class=\"wp-block-quote is-layout-flow wp-block-quote-is-layout-flow\"><p><\/p><\/blockquote>\n\n\n<p><\/p>\n\n\n\n\n<div style=\"height:112px\" aria-hidden=\"true\" class=\"wp-block-spacer\"><\/div>\n","protected":false},"excerpt":{"rendered":"<p>Nos T-Shirt Personnages<\/p>","protected":false},"author":1,"featured_media":77,"parent":0,"menu_order":0,"comment_status":"closed","ping_status":"closed","template":"","meta":{"footnotes":""},"class_list":["post-71","page","type-page","status-publish","has-post-thumbnail","hentry"],"_links":{"self":[{"href":"https:\/\/macoco.fr\/lucifer\/wp-json\/wp\/v2\/pages\/71","targetHints":{"allow":["GET"]}}],"collection":[{"href":"https:\/\/macoco.fr\/lucifer\/wp-json\/wp\/v2\/pages"}],"about":[{"href":"https:\/\/macoco.fr\/lucifer\/wp-json\/wp\/v2\/types\/page"}],"author":[{"embeddable":true,"href":"https:\/\/macoco.fr\/lucifer\/wp-json\/wp\/v2\/users\/1"}],"replies":[{"embeddable":true,"href":"https:\/\/macoco.fr\/lucifer\/wp-json\/wp\/v2\/comments?post=71"}],"version-history":[{"count":12,"href":"https:\/\/macoco.fr\/lucifer\/wp-json\/wp\/v2\/pages\/71\/revisions"}],"predecessor-version":[{"id":436,"href":"https:\/\/macoco.fr\/lucifer\/wp-json\/wp\/v2\/pages\/71\/revisions\/436"}],"wp:featuredmedia":[{"embeddable":true,"href":"https:\/\/macoco.fr\/lucifer\/wp-json\/wp\/v2\/media\/77"}],"wp:attachment":[{"href":"https:\/\/macoco.fr\/lucifer\/wp-json\/wp\/v2\/media?parent=71"}],"curies":[{"name":"wp","href":"https:\/\/api.w.org\/{rel}","templated":true}]}}